{"id":3783,"date":"2026-01-22T15:16:25","date_gmt":"2026-01-22T07:16:25","guid":{"rendered":"https:\/\/ecmicrophones.com\/?post_type=product&#038;p=3783"},"modified":"2026-03-19T15:00:22","modified_gmt":"2026-03-19T07:00:22","slug":"unidirectional-dynamic-microphone-for-karaoke-conference-systems","status":"publish","type":"product","link":"https:\/\/ecmicrophones.com\/es\/unidirectional-dynamic-microphone-for-karaoke-conference-systems\/","title":{"rendered":"Micr\u00f3fono din\u00e1mico unidireccional para sistemas de karaoke y conferencias"},"content":{"rendered":"<h2 class=\"text-start\">Especificaciones t\u00e9cnicas<\/h2>\n<p class=\"text-start\">El ECM-DM-30C es una c\u00e1psula de micr\u00f3fono din\u00e1mico dise\u00f1ada para aplicaciones de voz, como sistemas de sonido para karaoke, audio dom\u00e9stico y sistemas de conferencia.<\/p>\n<p class=\"text-start\">Con una respuesta de frecuencia de 50 Hz a 13 kHz, ofrece un sonido claro e inteligible. Su patr\u00f3n polar unidireccional (\u226510 dB) minimiza el ruido ambiental, mientras que la impedancia de 600 \u03a9 \u00b1 151 TP3T garantiza la compatibilidad con diversos sistemas de audio.<\/p>\n<p class=\"text-start\">Su dise\u00f1o compacto y ligero se adapta a carcasas port\u00e1tiles y dispositivos de voz integrados, lo que proporciona un rendimiento estable y confiable en entornos de entretenimiento y comunicaci\u00f3n profesional.<\/p>\n<h3 class=\"pt-5 text-start\">Despiece y lista de piezas<\/h3>\n<p><img loading=\"lazy\" decoding=\"async\" class=\"alignnone wp-image-3869 size-full\" src=\"https:\/\/ecmicrophones.com\/wp-content\/uploads\/2026\/01\/dynamic-part_ecm-dm-30c.png.png\" alt=\"Vista detallada del ECM-DM-30C: conjunto de micr\u00f3fono de 8 componentes\" width=\"570\" height=\"270\" srcset=\"https:\/\/ecmicrophones.com\/wp-content\/uploads\/2026\/01\/dynamic-part_ecm-dm-30c.png.png 570w, https:\/\/ecmicrophones.com\/wp-content\/uploads\/2026\/01\/dynamic-part_ecm-dm-30c.png-300x142.png 300w, https:\/\/ecmicrophones.com\/wp-content\/uploads\/2026\/01\/dynamic-part_ecm-dm-30c.png-18x9.png 18w\" sizes=\"auto, (max-width: 570px) 100vw, 570px\" \/><\/p>\n<p>Desglose de componentes: 1. Esponja 2. Cubierta 3. Diafragma 4. Bobina 5. Acero magn\u00e9tico 6. Ollas de hierro 7. Soporte 8. PCB+esta\u00f1o<\/p>\n<h3 class=\"pt-5 text-start\">Curva de respuesta en frecuencia<\/h3>\n<p><img loading=\"lazy\" decoding=\"async\" class=\"alignnone wp-image-3789 size-medium\" src=\"https:\/\/ecmicrophones.com\/wp-content\/uploads\/2026\/01\/response-curve_ecm-dm-30c-300x227.png\" alt=\"Curva de respuesta\" width=\"300\" height=\"227\" srcset=\"https:\/\/ecmicrophones.com\/wp-content\/uploads\/2026\/01\/response-curve_ecm-dm-30c-300x227.png 300w, https:\/\/ecmicrophones.com\/wp-content\/uploads\/2026\/01\/response-curve_ecm-dm-30c-1024x775.png 1024w, https:\/\/ecmicrophones.com\/wp-content\/uploads\/2026\/01\/response-curve_ecm-dm-30c-768x581.png 768w, https:\/\/ecmicrophones.com\/wp-content\/uploads\/2026\/01\/response-curve_ecm-dm-30c-16x12.png 16w, https:\/\/ecmicrophones.com\/wp-content\/uploads\/2026\/01\/response-curve_ecm-dm-30c-600x454.png 600w, https:\/\/ecmicrophones.com\/wp-content\/uploads\/2026\/01\/response-curve_ecm-dm-30c.png 1120w\" sizes=\"auto, (max-width: 300px) 100vw, 300px\" \/><\/p>\n<p>La respuesta de frecuencia abarca de 50 Hz a 13 kHz, lo que proporciona medios equilibrados, agudos suaves y graves controlados, garantizando una reproducci\u00f3n clara de la voz en entornos de karaoke, audio dom\u00e9stico y conferencias.<\/p>\n<h3 class=\"pt-5 text-start\">Dimensiones (UNIDAD: mm)<\/h3>\n<p><img loading=\"lazy\" decoding=\"async\" class=\"alignnone wp-image-3787 size-full\" src=\"https:\/\/ecmicrophones.com\/wp-content\/uploads\/2026\/01\/appearance-size_ecm-dm-30c.png\" alt=\"Diagrama de dimensiones del ECM-DM-30C: \u03a628,1 \u00d7 24 mm\" width=\"407\" height=\"342\" srcset=\"https:\/\/ecmicrophones.com\/wp-content\/uploads\/2026\/01\/appearance-size_ecm-dm-30c.png 407w, https:\/\/ecmicrophones.com\/wp-content\/uploads\/2026\/01\/appearance-size_ecm-dm-30c-300x252.png 300w, https:\/\/ecmicrophones.com\/wp-content\/uploads\/2026\/01\/appearance-size_ecm-dm-30c-14x12.png 14w\" sizes=\"auto, (max-width: 407px) 100vw, 407px\" \/><\/p>\n<p>C\u00e1psula de micr\u00f3fono din\u00e1mico con un tama\u00f1o de \u03a628,1 \u00d7 24 mm, dise\u00f1ada para una captura de voz confiable en aplicaciones de audio profesionales y de consumo.<\/p>","protected":false},"excerpt":{"rendered":"<p>C\u00e1psula de micr\u00f3fono din\u00e1mico unidireccional de alto rendimiento con sensibilidad de -54 dB e impedancia de 600 \u03a9. Ideal para karaoke, audio dom\u00e9stico y sistemas de voz para conferencias. Audio n\u00edtido, reducci\u00f3n de ruido, dise\u00f1o duradero.<\/p>","protected":false},"featured_media":3785,"comment_status":"open","ping_status":"closed","template":"","meta":[],"product_brand":[721],"product_cat":[17],"product_tag":[514,116],"class_list":{"0":"post-3783","1":"product","2":"type-product","3":"status-publish","4":"has-post-thumbnail","6":"product_brand-ecmic","7":"product_cat-dynamic-microphones","8":"product_tag-28mm","9":"product_tag-vocal","11":"first","12":"instock","13":"shipping-taxable","14":"purchasable","15":"product-type-simple"},"_links":{"self":[{"href":"https:\/\/ecmicrophones.com\/es\/wp-json\/wp\/v2\/product\/3783","targetHints":{"allow":["GET"]}}],"collection":[{"href":"https:\/\/ecmicrophones.com\/es\/wp-json\/wp\/v2\/product"}],"about":[{"href":"https:\/\/ecmicrophones.com\/es\/wp-json\/wp\/v2\/types\/product"}],"replies":[{"embeddable":true,"href":"https:\/\/ecmicrophones.com\/es\/wp-json\/wp\/v2\/comments?post=3783"}],"wp:featuredmedia":[{"embeddable":true,"href":"https:\/\/ecmicrophones.com\/es\/wp-json\/wp\/v2\/media\/3785"}],"wp:attachment":[{"href":"https:\/\/ecmicrophones.com\/es\/wp-json\/wp\/v2\/media?parent=3783"}],"wp:term":[{"taxonomy":"product_brand","embeddable":true,"href":"https:\/\/ecmicrophones.com\/es\/wp-json\/wp\/v2\/product_brand?post=3783"},{"taxonomy":"product_cat","embeddable":true,"href":"https:\/\/ecmicrophones.com\/es\/wp-json\/wp\/v2\/product_cat?post=3783"},{"taxonomy":"product_tag","embeddable":true,"href":"https:\/\/ecmicrophones.com\/es\/wp-json\/wp\/v2\/product_tag?post=3783"}],"curies":[{"name":"wp","href":"https:\/\/api.w.org\/{rel}","templated":true}]}}