{"id":39,"date":"2024-03-27T10:10:14","date_gmt":"2024-03-27T10:10:14","guid":{"rendered":"https:\/\/ecmicrophones.com\/?post_type=product&#038;p=39"},"modified":"2026-03-19T15:39:12","modified_gmt":"2026-03-19T07:39:12","slug":"6mm-omnidirectional-electret-condenser-microphone-cartridge-for-lavalier","status":"publish","type":"product","link":"https:\/\/ecmicrophones.com\/es\/6mm-omnidirectional-electret-condenser-microphone-cartridge-for-lavalier\/","title":{"rendered":"Cartucho de micr\u00f3fono de condensador Electret omnidireccional de 6 mm para Lavalier"},"content":{"rendered":"<h2 class=\"text-start\">Especificaciones t\u00e9cnicas<\/h2>\n<p class=\"text-start\">El ECM-B6027AL32-358 es una c\u00e1psula de micr\u00f3fono de condensador electret omnidireccional de 6 mm dise\u00f1ada para la captura de audio de alta fidelidad en entornos profesionales. Con un transistor FET de Panasonic de alta calidad y un anillo de cobre chapado en oro, este micr\u00f3fono garantiza una integridad de se\u00f1al superior y una distorsi\u00f3n m\u00ednima. Con una respuesta en frecuencia suave y plana de 20 Hz a 16 kHz, ofrece una reproducci\u00f3n de sonido precisa y clara, lo que lo hace perfecto para aplicaciones de audio cr\u00edticas.<\/p>\n<p class=\"text-start\">La c\u00e1psula est\u00e1 fabricada con una excelente resistencia a las interferencias, lo que garantiza un rendimiento fiable en entornos con interferencias electromagn\u00e9ticas (EMI) y la convierte en la opci\u00f3n ideal para micr\u00f3fonos de solapa inal\u00e1mbricos. El bajo nivel de ruido propio del micr\u00f3fono y su alta sensibilidad de -32 dB garantizan una claridad \u00f3ptima en diversas configuraciones de grabaci\u00f3n y retransmisi\u00f3n, incluso en condiciones dif\u00edciles.<\/p>\n<h3 class=\"pt-5 text-start\">Circuito de prueba est\u00e1ndar<\/h3>\n<p><img loading=\"lazy\" decoding=\"async\" class=\"alignnone size-full wp-image-232\" src=\"https:\/\/ecmicrophones.com\/wp-content\/uploads\/2024\/03\/standard-test-circuit_ecm-b6027al32-358.png\" alt=\"Circuito de prueba ECM-B6027AL32: 2,2k\u03a9 de polarizaci\u00f3n, 2V de alimentaci\u00f3n, 1\u03bcF de salida.\" width=\"515\" height=\"219\" srcset=\"https:\/\/ecmicrophones.com\/wp-content\/uploads\/2024\/03\/standard-test-circuit_ecm-b6027al32-358.png 515w, https:\/\/ecmicrophones.com\/wp-content\/uploads\/2024\/03\/standard-test-circuit_ecm-b6027al32-358-300x128.png 300w, https:\/\/ecmicrophones.com\/wp-content\/uploads\/2024\/03\/standard-test-circuit_ecm-b6027al32-358-18x8.png 18w\" sizes=\"auto, (max-width: 515px) 100vw, 515px\" \/><\/p>\n<p>Resistencia de polarizaci\u00f3n de 2,2k\u03a9, alimentaci\u00f3n de 2V, cap. de salida de 1\u03bcF. Optimizado para aplicaciones de audio de banda completa.<\/p>\n<h3 class=\"pt-5 text-start\">Respuesta de frecuencia t\u00edpica<\/h3>\n<p><img loading=\"lazy\" decoding=\"async\" class=\"alignnone size-full wp-image-233\" src=\"https:\/\/ecmicrophones.com\/wp-content\/uploads\/2024\/03\/typical-frequency-response_ecm-b6027al32-358.png\" alt=\"ECM-B6027AL32 Respuesta en frecuencia: 50Hz-20kHz respuesta plana\" width=\"397\" height=\"284\" srcset=\"https:\/\/ecmicrophones.com\/wp-content\/uploads\/2024\/03\/typical-frequency-response_ecm-b6027al32-358.png 397w, https:\/\/ecmicrophones.com\/wp-content\/uploads\/2024\/03\/typical-frequency-response_ecm-b6027al32-358-300x215.png 300w, https:\/\/ecmicrophones.com\/wp-content\/uploads\/2024\/03\/typical-frequency-response_ecm-b6027al32-358-18x12.png 18w\" sizes=\"auto, (max-width: 397px) 100vw, 397px\" \/><\/p>\n<p>Respuesta en frecuencia plana de 50 Hz a 20 kHz con atenuaci\u00f3n natural.<\/p>\n<h3 class=\"pt-5 text-start\">Dimensiones (Unidad: mm)<\/h3>\n<p><img loading=\"lazy\" decoding=\"async\" class=\"alignnone size-full wp-image-234\" src=\"https:\/\/ecmicrophones.com\/wp-content\/uploads\/2024\/03\/appearance-dimension_ecm-b6027al32-358.png\" alt=\"ECM-B6027AL32 Dimensiones: \u03a66\u00d72.7mm con malla antipolvo frontal\" width=\"494\" height=\"372\" srcset=\"https:\/\/ecmicrophones.com\/wp-content\/uploads\/2024\/03\/appearance-dimension_ecm-b6027al32-358.png 494w, https:\/\/ecmicrophones.com\/wp-content\/uploads\/2024\/03\/appearance-dimension_ecm-b6027al32-358-300x226.png 300w, https:\/\/ecmicrophones.com\/wp-content\/uploads\/2024\/03\/appearance-dimension_ecm-b6027al32-358-16x12.png 16w\" sizes=\"auto, (max-width: 494px) 100vw, 494px\" \/><\/p>\n<p>\u03a66\u00d72,7mm dise\u00f1o compacto con malla antipolvo frontal (carcasa trasera sellada).<\/p>","protected":false},"excerpt":{"rendered":"<p>C\u00e1psula de micr\u00f3fono de condensador electret omnidireccional de 6 mm de alta fidelidad con respuesta de frecuencia suave y excelente resistencia a las interferencias, ideal para micr\u00f3fonos de solapa inal\u00e1mbricos y aplicaciones de audio profesionales.<\/p>","protected":false},"featured_media":3253,"comment_status":"open","ping_status":"closed","template":"","meta":[],"product_brand":[721],"product_cat":[16,20],"product_tag":[283,235,288],"class_list":{"0":"post-39","1":"product","2":"type-product","3":"status-publish","4":"has-post-thumbnail","6":"product_brand-ecmic","7":"product_cat-electret-microphones","8":"product_cat-omnidirectional-microphones","9":"product_tag-6mm","10":"product_tag-conference","11":"product_tag-solder-pads","13":"first","14":"instock","15":"shipping-taxable","16":"purchasable","17":"product-type-simple"},"_links":{"self":[{"href":"https:\/\/ecmicrophones.com\/es\/wp-json\/wp\/v2\/product\/39","targetHints":{"allow":["GET"]}}],"collection":[{"href":"https:\/\/ecmicrophones.com\/es\/wp-json\/wp\/v2\/product"}],"about":[{"href":"https:\/\/ecmicrophones.com\/es\/wp-json\/wp\/v2\/types\/product"}],"replies":[{"embeddable":true,"href":"https:\/\/ecmicrophones.com\/es\/wp-json\/wp\/v2\/comments?post=39"}],"wp:featuredmedia":[{"embeddable":true,"href":"https:\/\/ecmicrophones.com\/es\/wp-json\/wp\/v2\/media\/3253"}],"wp:attachment":[{"href":"https:\/\/ecmicrophones.com\/es\/wp-json\/wp\/v2\/media?parent=39"}],"wp:term":[{"taxonomy":"product_brand","embeddable":true,"href":"https:\/\/ecmicrophones.com\/es\/wp-json\/wp\/v2\/product_brand?post=39"},{"taxonomy":"product_cat","embeddable":true,"href":"https:\/\/ecmicrophones.com\/es\/wp-json\/wp\/v2\/product_cat?post=39"},{"taxonomy":"product_tag","embeddable":true,"href":"https:\/\/ecmicrophones.com\/es\/wp-json\/wp\/v2\/product_tag?post=39"}],"curies":[{"name":"wp","href":"https:\/\/api.w.org\/{rel}","templated":true}]}}