{"id":4027,"date":"2026-03-18T09:26:39","date_gmt":"2026-03-18T01:26:39","guid":{"rendered":"https:\/\/ecmicrophones.com\/?post_type=product&#038;p=4027"},"modified":"2026-03-19T14:59:56","modified_gmt":"2026-03-19T06:59:56","slug":"i2s-digital-mems-microphone-4x3x1mm","status":"publish","type":"product","link":"https:\/\/ecmicrophones.com\/es\/i2s-digital-mems-microphone-4x3x1mm\/","title":{"rendered":"Micr\u00f3fono MEMS con salida digital I\u00b2S \u2013 4 \u00d7 3 \u00d7 1,1 mm"},"content":{"rendered":"<h2 class=\"text-start\">Especificaciones t\u00e9cnicas<\/h2>\n<p class=\"text-start\">El ECM-M4030B261 es un micr\u00f3fono MEMS de salida digital I\u00b2S de alto rendimiento con una relaci\u00f3n se\u00f1al-ruido (SNR) de 64 dB y una sensibilidad de -26 dBFS \u00b11 dB. Cuenta con un punto de sobrecarga ac\u00fastica de 120 dB SPL, lo que garantiza una grabaci\u00f3n sin distorsiones incluso en entornos con mucho ruido. El voltaje de funcionamiento oscila entre 1,65 V y 3,6 V, con un consumo de corriente t\u00edpico de 750 \u03bcA. La interfaz I\u00b2S admite audio de 24 bits y simplifica la conexi\u00f3n directa a procesadores digitales. Con una tolerancia de sensibilidad de \u00b11 dB, permite crear conjuntos de micr\u00f3fonos de alto rendimiento sin necesidad de calibrar el sistema.<\/p>\n<h3 class=\"text-start\">Escenarios de aplicaci\u00f3n<\/h3>\n<ul class=\"list-unstyled text-start\">\n<li><i class=\"fa fa-check-circle me-2 text-primary\"><\/i>Matrices de micr\u00f3fonos para televisores inteligentes y sistemas de teleconferencia que requieren una sincronizaci\u00f3n precisa de los canales.<\/li>\n<li><i class=\"fa fa-check-circle me-2 text-primary\"><\/i>Consolas de videojuegos y mandos a distancia, donde es esencial una captura de voz de alta calidad.<\/li>\n<li><i class=\"fa fa-check-circle me-2 text-primary\"><\/i>Dispositivos del Internet de las cosas (IoT) que requieren una captaci\u00f3n de voz de campo lejano fiable con protecci\u00f3n contra interferencias de radiofrecuencia.<\/li>\n<\/ul>\n<h3 class=\"pt-5 text-start\">Circuito de interfaz recomendado<\/h3>\n<p><img loading=\"lazy\" decoding=\"async\" class=\"alignnone wp-image-4032 size-full\" src=\"https:\/\/ecmicrophones.com\/wp-content\/uploads\/2026\/03\/standard-test-circuit_ecm-m4030b261.png\" alt=\"Circuito de prueba est\u00e1ndar\" width=\"310\" height=\"190\" srcset=\"https:\/\/ecmicrophones.com\/wp-content\/uploads\/2026\/03\/standard-test-circuit_ecm-m4030b261.png 310w, https:\/\/ecmicrophones.com\/wp-content\/uploads\/2026\/03\/standard-test-circuit_ecm-m4030b261-300x184.png 300w, https:\/\/ecmicrophones.com\/wp-content\/uploads\/2026\/03\/standard-test-circuit_ecm-m4030b261-18x12.png 18w\" sizes=\"auto, (max-width: 310px) 100vw, 310px\" \/><\/p>\n<h3 class=\"pt-5 text-start\">Curva de respuesta en frecuencia<\/h3>\n<p><img loading=\"lazy\" decoding=\"async\" class=\"alignnone wp-image-4033 size-full\" src=\"https:\/\/ecmicrophones.com\/wp-content\/uploads\/2026\/03\/typical-frequency-response__ecm-m4030b261.png\" alt=\"Respuesta de frecuencia t\u00edpica\" width=\"600\" height=\"340\" srcset=\"https:\/\/ecmicrophones.com\/wp-content\/uploads\/2026\/03\/typical-frequency-response__ecm-m4030b261.png 600w, https:\/\/ecmicrophones.com\/wp-content\/uploads\/2026\/03\/typical-frequency-response__ecm-m4030b261-300x170.png 300w, https:\/\/ecmicrophones.com\/wp-content\/uploads\/2026\/03\/typical-frequency-response__ecm-m4030b261-18x10.png 18w\" sizes=\"auto, (max-width: 600px) 100vw, 600px\" \/><\/p>\n<h3 class=\"pt-5 text-start\">Dimensiones (UNIDAD: mm)<\/h3>\n<p><img loading=\"lazy\" decoding=\"async\" class=\"alignnone wp-image-4034 size-full\" src=\"https:\/\/ecmicrophones.com\/wp-content\/uploads\/2026\/03\/appearance-dimension_ecm-m4030b261.png\" alt=\"Dimensi\u00f3n de apariencia\" width=\"580\" height=\"270\" srcset=\"https:\/\/ecmicrophones.com\/wp-content\/uploads\/2026\/03\/appearance-dimension_ecm-m4030b261.png 580w, https:\/\/ecmicrophones.com\/wp-content\/uploads\/2026\/03\/appearance-dimension_ecm-m4030b261-300x140.png 300w, https:\/\/ecmicrophones.com\/wp-content\/uploads\/2026\/03\/appearance-dimension_ecm-m4030b261-18x8.png 18w\" sizes=\"auto, (max-width: 580px) 100vw, 580px\" \/><\/p>","protected":false},"excerpt":{"rendered":"<p>Micr\u00f3fono MEMS digital I\u00b2S de alto rendimiento con una relaci\u00f3n se\u00f1al-ruido (SNR) de 64 dB, un rango din\u00e1mico (AOP) de 120 dB y una sensibilidad de -26 dBFS \u00b11 dB. Ideal para matrices de micr\u00f3fonos, televisores inteligentes y sistemas de teleconferencia que requieren una sincronizaci\u00f3n precisa de los canales.<\/p>","protected":false},"featured_media":4040,"comment_status":"open","ping_status":"closed","template":"","meta":[],"product_brand":[721],"product_cat":[19,92],"product_tag":[410,702,699],"class_list":{"0":"post-4027","1":"product","2":"type-product","3":"status-publish","4":"has-post-thumbnail","6":"product_brand-ecmic","7":"product_cat-mems-microphones","8":"product_cat-digital-microphones","9":"product_tag-high-snr","10":"product_tag-is-mics","11":"product_tag-mems-mics","13":"first","14":"instock","15":"shipping-taxable","16":"purchasable","17":"product-type-simple"},"_links":{"self":[{"href":"https:\/\/ecmicrophones.com\/es\/wp-json\/wp\/v2\/product\/4027","targetHints":{"allow":["GET"]}}],"collection":[{"href":"https:\/\/ecmicrophones.com\/es\/wp-json\/wp\/v2\/product"}],"about":[{"href":"https:\/\/ecmicrophones.com\/es\/wp-json\/wp\/v2\/types\/product"}],"replies":[{"embeddable":true,"href":"https:\/\/ecmicrophones.com\/es\/wp-json\/wp\/v2\/comments?post=4027"}],"wp:featuredmedia":[{"embeddable":true,"href":"https:\/\/ecmicrophones.com\/es\/wp-json\/wp\/v2\/media\/4040"}],"wp:attachment":[{"href":"https:\/\/ecmicrophones.com\/es\/wp-json\/wp\/v2\/media?parent=4027"}],"wp:term":[{"taxonomy":"product_brand","embeddable":true,"href":"https:\/\/ecmicrophones.com\/es\/wp-json\/wp\/v2\/product_brand?post=4027"},{"taxonomy":"product_cat","embeddable":true,"href":"https:\/\/ecmicrophones.com\/es\/wp-json\/wp\/v2\/product_cat?post=4027"},{"taxonomy":"product_tag","embeddable":true,"href":"https:\/\/ecmicrophones.com\/es\/wp-json\/wp\/v2\/product_tag?post=4027"}],"curies":[{"name":"wp","href":"https:\/\/api.w.org\/{rel}","templated":true}]}}