{"id":409,"date":"2024-04-19T13:44:30","date_gmt":"2024-04-19T13:44:30","guid":{"rendered":"https:\/\/ecmicrophones.com\/?post_type=product&#038;p=409"},"modified":"2026-03-19T15:48:11","modified_gmt":"2026-03-19T07:48:11","slug":"4mm-omnidirectional-electret-microphone-capsule-for-body-camera","status":"publish","type":"product","link":"https:\/\/ecmicrophones.com\/es\/4mm-omnidirectional-electret-microphone-capsule-for-body-camera\/","title":{"rendered":"C\u00e1psula de micr\u00f3fono electret omnidireccional de 4 mm para c\u00e1mara corporal"},"content":{"rendered":"<h2 class=\"text-start\">Especificaciones t\u00e9cnicas<\/h2>\n<p class=\"text-start\">Con funcionalidad omnidireccional, nuestra c\u00e1psula de micr\u00f3fono 4015 ofrece una mayor sensibilidad y capacidades antiinterferencias excepcionales. Dise\u00f1ada para un rendimiento de audio superior, se destaca en diversas aplicaciones que exigen claridad y confiabilidad.<\/p>\n<h3 class=\"pt-5 text-start\">Circuito de prueba est\u00e1ndar<\/h3>\n<p><img loading=\"lazy\" decoding=\"async\" class=\"alignnone size-full wp-image-413\" src=\"https:\/\/ecmicrophones.com\/wp-content\/uploads\/2024\/04\/standard-test-circuit_ecm-b4015al30.png\" alt=\"ECM-B4015AL30 Circuito de prueba: 2,2k\u03a9 de polarizaci\u00f3n, 2V de alimentaci\u00f3n, 1\u03bcF de salida.\" width=\"480\" height=\"216\" srcset=\"https:\/\/ecmicrophones.com\/wp-content\/uploads\/2024\/04\/standard-test-circuit_ecm-b4015al30.png 480w, https:\/\/ecmicrophones.com\/wp-content\/uploads\/2024\/04\/standard-test-circuit_ecm-b4015al30-300x135.png 300w, https:\/\/ecmicrophones.com\/wp-content\/uploads\/2024\/04\/standard-test-circuit_ecm-b4015al30-18x8.png 18w\" sizes=\"auto, (max-width: 480px) 100vw, 480px\" \/><\/p>\n<p>Resistencia de polarizaci\u00f3n de 2,2k\u03a9, alimentaci\u00f3n de 2V CC, condensador de salida de 1\u03bcF. Configuraci\u00f3n de frecuencia de voz est\u00e1ndar.<\/p>\n<h3 class=\"pt-5 text-start\">Respuesta de frecuencia t\u00edpica<\/h3>\n<p><img loading=\"lazy\" decoding=\"async\" class=\"alignnone size-full wp-image-414\" src=\"https:\/\/ecmicrophones.com\/wp-content\/uploads\/2024\/04\/typical-frequency-response_ecm-b4015al30.png\" alt=\"ECM-B4015AL30 Respuesta en frecuencia: Plana 50Hz-5kHz, subida 5kHz-10kHz, suave ca\u00edda por encima de 10kHz\" width=\"617\" height=\"208\" srcset=\"https:\/\/ecmicrophones.com\/wp-content\/uploads\/2024\/04\/typical-frequency-response_ecm-b4015al30.png 617w, https:\/\/ecmicrophones.com\/wp-content\/uploads\/2024\/04\/typical-frequency-response_ecm-b4015al30-300x101.png 300w, https:\/\/ecmicrophones.com\/wp-content\/uploads\/2024\/04\/typical-frequency-response_ecm-b4015al30-18x6.png 18w, https:\/\/ecmicrophones.com\/wp-content\/uploads\/2024\/04\/typical-frequency-response_ecm-b4015al30-600x202.png 600w\" sizes=\"auto, (max-width: 617px) 100vw, 617px\" \/><\/p>\n<p>Respuesta plana de 50 Hz a 5 kHz, aumento gradual de 5 kHz a 10 kHz, con una atenuaci\u00f3n controlada por encima de 10 kHz.<\/p>\n<h3 class=\"pt-5 text-start\">Dimensiones (Unidad: mm)<\/h3>\n<p><img loading=\"lazy\" decoding=\"async\" class=\"alignnone size-full wp-image-412\" src=\"https:\/\/ecmicrophones.com\/wp-content\/uploads\/2024\/04\/appearance-dimension_ecm-b4015al30.png\" alt=\"ECM-B4015AL30 Dimensiones: \u03a64\u00d71.5mm con malla antipolvo frontal (parte trasera sellada)\" width=\"615\" height=\"498\" srcset=\"https:\/\/ecmicrophones.com\/wp-content\/uploads\/2024\/04\/appearance-dimension_ecm-b4015al30.png 615w, https:\/\/ecmicrophones.com\/wp-content\/uploads\/2024\/04\/appearance-dimension_ecm-b4015al30-300x243.png 300w, https:\/\/ecmicrophones.com\/wp-content\/uploads\/2024\/04\/appearance-dimension_ecm-b4015al30-15x12.png 15w, https:\/\/ecmicrophones.com\/wp-content\/uploads\/2024\/04\/appearance-dimension_ecm-b4015al30-600x486.png 600w\" sizes=\"auto, (max-width: 615px) 100vw, 615px\" \/><\/p>\n<p>Carcasa ultracompacta de \u03a64\u00d71,5 mm con malla antipolvo frontal (dise\u00f1o trasero totalmente sellado).<\/p>","protected":false},"excerpt":{"rendered":"<p>La ECM-B4015AL30 es una c\u00e1psula de micr\u00f3fono electret omnidireccional de 4 \u00d7 1,5 mm con una sensibilidad de -30 dB \u00b1 2 y una relaci\u00f3n se\u00f1al-ruido (SNR) de 60 dB, ideal para usar en dispositivos policiales.<\/p>","protected":false},"featured_media":2475,"comment_status":"open","ping_status":"closed","template":"","meta":[],"product_brand":[721],"product_cat":[16,20],"product_tag":[284,230,288],"class_list":{"0":"post-409","1":"product","2":"type-product","3":"status-publish","4":"has-post-thumbnail","6":"product_brand-ecmic","7":"product_cat-electret-microphones","8":"product_cat-omnidirectional-microphones","9":"product_tag-4mm","10":"product_tag-security","11":"product_tag-solder-pads","13":"first","14":"instock","15":"shipping-taxable","16":"purchasable","17":"product-type-simple"},"_links":{"self":[{"href":"https:\/\/ecmicrophones.com\/es\/wp-json\/wp\/v2\/product\/409","targetHints":{"allow":["GET"]}}],"collection":[{"href":"https:\/\/ecmicrophones.com\/es\/wp-json\/wp\/v2\/product"}],"about":[{"href":"https:\/\/ecmicrophones.com\/es\/wp-json\/wp\/v2\/types\/product"}],"replies":[{"embeddable":true,"href":"https:\/\/ecmicrophones.com\/es\/wp-json\/wp\/v2\/comments?post=409"}],"wp:featuredmedia":[{"embeddable":true,"href":"https:\/\/ecmicrophones.com\/es\/wp-json\/wp\/v2\/media\/2475"}],"wp:attachment":[{"href":"https:\/\/ecmicrophones.com\/es\/wp-json\/wp\/v2\/media?parent=409"}],"wp:term":[{"taxonomy":"product_brand","embeddable":true,"href":"https:\/\/ecmicrophones.com\/es\/wp-json\/wp\/v2\/product_brand?post=409"},{"taxonomy":"product_cat","embeddable":true,"href":"https:\/\/ecmicrophones.com\/es\/wp-json\/wp\/v2\/product_cat?post=409"},{"taxonomy":"product_tag","embeddable":true,"href":"https:\/\/ecmicrophones.com\/es\/wp-json\/wp\/v2\/product_tag?post=409"}],"curies":[{"name":"wp","href":"https:\/\/api.w.org\/{rel}","templated":true}]}}