{"id":4158,"date":"2026-05-14T14:07:19","date_gmt":"2026-05-14T06:07:19","guid":{"rendered":"https:\/\/ecmicrophones.com\/?post_type=product&#038;p=4158"},"modified":"2026-05-14T14:07:20","modified_gmt":"2026-05-14T06:07:20","slug":"dynamic-microphone-capsule-for-karaoke-professional-vocal-systems","status":"publish","type":"product","link":"https:\/\/ecmicrophones.com\/es\/dynamic-microphone-capsule-for-karaoke-professional-vocal-systems\/","title":{"rendered":"C\u00e1psula de micr\u00f3fono din\u00e1mica para karaoke y sistemas vocales profesionales"},"content":{"rendered":"<h2 class=\"text-start\">Especificaciones t\u00e9cnicas<\/h2>\n<p class=\"text-start\">Esta c\u00e1psula de micr\u00f3fono din\u00e1mico est\u00e1 dise\u00f1ada para aplicaciones centradas en la voz, como sistemas de sonido para karaoke, equipos de audio dom\u00e9sticos y micr\u00f3fonos de mano profesionales.<\/p>\n<p class=\"text-start\">Con una respuesta de frecuencia de 50 Hz a 15 kHz, ofrece una reproducci\u00f3n vocal clara y natural con una presencia mejorada. Su patr\u00f3n polar unidireccional (\u226510 dB) minimiza el ruido ambiental y la retroalimentaci\u00f3n, mientras que la impedancia de 600 \u03a9 \u00b1 301 TP3T garantiza una compatibilidad estable con mezcladores de karaoke, amplificadores y sistemas inal\u00e1mbricos.<\/p>\n<p class=\"text-start\">Con unas dimensiones de 30 \u00d7 43,1 mm y un peso de tan solo 37 g, se adapta a las carcasas est\u00e1ndar de los micr\u00f3fonos de mano, lo que garantiza un rendimiento duradero y confiable tanto para locales de entretenimiento como para el uso dom\u00e9stico en karaoke.<\/p>\n<h3 class=\"pt-5 text-start\">Despiece y lista de piezas<\/h3>\n<p><img loading=\"lazy\" decoding=\"async\" class=\"alignnone wp-image-4164 size-full\" src=\"https:\/\/ecmicrophones.com\/wp-content\/uploads\/2026\/05\/ecm-dm58x-600-exploded-view.png\" alt=\"Vista explosionada del ECM-DM58X-600: conjunto de micr\u00f3fono de 8 componentes\" width=\"570\" height=\"260\" srcset=\"https:\/\/ecmicrophones.com\/wp-content\/uploads\/2026\/05\/ecm-dm58x-600-exploded-view.png 570w, https:\/\/ecmicrophones.com\/wp-content\/uploads\/2026\/05\/ecm-dm58x-600-exploded-view-300x137.png 300w, https:\/\/ecmicrophones.com\/wp-content\/uploads\/2026\/05\/ecm-dm58x-600-exploded-view-18x8.png 18w\" sizes=\"auto, (max-width: 570px) 100vw, 570px\" \/><\/p>\n<p>Desglose de componentes: 1. Esponja 2. Cubierta 3. Diafragma 4. Bobina 5. Acero magn\u00e9tico 6. Ollas de hierro 7. Soporte 8. PCB+esta\u00f1o<\/p>\n<h3 class=\"pt-5 text-start\">Curva de respuesta en frecuencia<\/h3>\n<p><img loading=\"lazy\" decoding=\"async\" class=\"alignnone wp-image-4165 size-full\" src=\"https:\/\/ecmicrophones.com\/wp-content\/uploads\/2026\/05\/ecm-dm58x-600-frequency-response-curve.png\" alt=\"Curva de respuesta en frecuencia del ECM-DM58X-600: 50 Hz-15 kHz\" width=\"800\" height=\"600\" srcset=\"https:\/\/ecmicrophones.com\/wp-content\/uploads\/2026\/05\/ecm-dm58x-600-frequency-response-curve.png 800w, https:\/\/ecmicrophones.com\/wp-content\/uploads\/2026\/05\/ecm-dm58x-600-frequency-response-curve-300x225.png 300w, https:\/\/ecmicrophones.com\/wp-content\/uploads\/2026\/05\/ecm-dm58x-600-frequency-response-curve-768x576.png 768w, https:\/\/ecmicrophones.com\/wp-content\/uploads\/2026\/05\/ecm-dm58x-600-frequency-response-curve-16x12.png 16w, https:\/\/ecmicrophones.com\/wp-content\/uploads\/2026\/05\/ecm-dm58x-600-frequency-response-curve-600x450.png 600w\" sizes=\"auto, (max-width: 800px) 100vw, 800px\" \/><\/p>\n<p>La respuesta de frecuencia abarca de 50 Hz a 15 kHz, lo que ofrece medios equilibrados, agudos suaves y graves controlados, garantizando una reproducci\u00f3n clara de la voz y resistencia a la retroalimentaci\u00f3n en entornos de karaoke, escenarios y audio dom\u00e9stico.<\/p>\n<h3 class=\"pt-5 text-start\">Dimensiones (UNIDAD: mm)<\/h3>\n<p><img loading=\"lazy\" decoding=\"async\" class=\"alignnone wp-image-4163 size-full\" src=\"https:\/\/ecmicrophones.com\/wp-content\/uploads\/2026\/05\/ecm-dm58x-600-dimensions.png\" alt=\"Diagrama de dimensiones del ECM-DM58X-600: \u03a630 \u00d7 40,1 mm\" width=\"689\" height=\"814\" srcset=\"https:\/\/ecmicrophones.com\/wp-content\/uploads\/2026\/05\/ecm-dm58x-600-dimensions.png 689w, https:\/\/ecmicrophones.com\/wp-content\/uploads\/2026\/05\/ecm-dm58x-600-dimensions-254x300.png 254w, https:\/\/ecmicrophones.com\/wp-content\/uploads\/2026\/05\/ecm-dm58x-600-dimensions-10x12.png 10w, https:\/\/ecmicrophones.com\/wp-content\/uploads\/2026\/05\/ecm-dm58x-600-dimensions-600x709.png 600w\" sizes=\"auto, (max-width: 689px) 100vw, 689px\" \/><\/p>\n<p>C\u00e1psula de micr\u00f3fono din\u00e1mico con unas dimensiones de \u03a630 \u00d7 43,1 mm, dise\u00f1ada para una captura vocal fiable en aplicaciones de karaoke, canto profesional y audio de consumo.<\/p>","protected":false},"excerpt":{"rendered":"<p>C\u00e1psula de micr\u00f3fono din\u00e1mica unidireccional, con una impedancia de 600 \u03a9 y una respuesta de frecuencia de 50 Hz a 15 kHz, optimizada para karaoke y aplicaciones vocales profesionales.<\/p>","protected":false},"featured_media":4160,"comment_status":"open","ping_status":"closed","template":"","meta":[],"product_brand":[721],"product_cat":[17],"product_tag":[312,116],"class_list":{"0":"post-4158","1":"product","2":"type-product","3":"status-publish","4":"has-post-thumbnail","6":"product_brand-ecmic","7":"product_cat-dynamic-microphones","8":"product_tag-30mm","9":"product_tag-vocal","11":"first","12":"instock","13":"shipping-taxable","14":"purchasable","15":"product-type-simple"},"_links":{"self":[{"href":"https:\/\/ecmicrophones.com\/es\/wp-json\/wp\/v2\/product\/4158","targetHints":{"allow":["GET"]}}],"collection":[{"href":"https:\/\/ecmicrophones.com\/es\/wp-json\/wp\/v2\/product"}],"about":[{"href":"https:\/\/ecmicrophones.com\/es\/wp-json\/wp\/v2\/types\/product"}],"replies":[{"embeddable":true,"href":"https:\/\/ecmicrophones.com\/es\/wp-json\/wp\/v2\/comments?post=4158"}],"wp:featuredmedia":[{"embeddable":true,"href":"https:\/\/ecmicrophones.com\/es\/wp-json\/wp\/v2\/media\/4160"}],"wp:attachment":[{"href":"https:\/\/ecmicrophones.com\/es\/wp-json\/wp\/v2\/media?parent=4158"}],"wp:term":[{"taxonomy":"product_brand","embeddable":true,"href":"https:\/\/ecmicrophones.com\/es\/wp-json\/wp\/v2\/product_brand?post=4158"},{"taxonomy":"product_cat","embeddable":true,"href":"https:\/\/ecmicrophones.com\/es\/wp-json\/wp\/v2\/product_cat?post=4158"},{"taxonomy":"product_tag","embeddable":true,"href":"https:\/\/ecmicrophones.com\/es\/wp-json\/wp\/v2\/product_tag?post=4158"}],"curies":[{"name":"wp","href":"https:\/\/api.w.org\/{rel}","templated":true}]}}