{"id":423,"date":"2024-04-19T13:41:42","date_gmt":"2024-04-19T13:41:42","guid":{"rendered":"https:\/\/ecmicrophones.com\/?post_type=product&#038;p=423"},"modified":"2026-03-19T15:48:36","modified_gmt":"2026-03-19T07:48:36","slug":"bird-feeder-microphone-capsule-4mm","status":"publish","type":"product","link":"https:\/\/ecmicrophones.com\/es\/bird-feeder-microphone-capsule-4mm\/","title":{"rendered":"C\u00e1psula de micr\u00f3fono electret de 4 mm con pines para comedero de p\u00e1jaros: captaci\u00f3n del sonido de los p\u00e1jaros."},"content":{"rendered":"<h2 class=\"text-start\">Especificaciones t\u00e9cnicas<\/h2>\n<p class=\"text-start\">\nEl ECM-B4015AP40-IP67 es una c\u00e1psula de micr\u00f3fono electret omnidireccional de 4 x 1,5 mm con 2 pines, sensibilidad de -40 dB \u00b1 2 y SNR de 60 dB. Cuenta con clasificaci\u00f3n IP67 de resistencia al agua y al polvo, lo que garantiza un rendimiento confiable en entornos exteriores.<\/p>\n<p class=\"text-start\">Dise\u00f1ada para comederos de aves y aplicaciones de captaci\u00f3n de sonidos de aves, esta c\u00e1psula de micr\u00f3fono se utiliza habitualmente en pajareras equipadas con micr\u00f3fonos o c\u00e1maras, proporcionando una captaci\u00f3n de audio clara y estable para sistemas de observaci\u00f3n al aire libre.<\/p>\n<p class=\"text-start\">Su estructura compacta enchufable 4015 permite una f\u00e1cil integraci\u00f3n en m\u00f3dulos de audio y equipos de monitoreo personalizados. Duradero y con un rendimiento constante, es ideal para aplicaciones profesionales y OEM.<\/p>\n<h3 class=\"pt-5 text-start\">Circuito de prueba est\u00e1ndar<\/h3>\n<p><img loading=\"lazy\" decoding=\"async\" class=\"alignnone size-full wp-image-425\" src=\"https:\/\/ecmicrophones.com\/wp-content\/uploads\/2024\/04\/standard-test-circuit_ecm-b4015ap40-ip67.png\" alt=\"Circuito de prueba est\u00e1ndar\" width=\"504\" height=\"219\" srcset=\"https:\/\/ecmicrophones.com\/wp-content\/uploads\/2024\/04\/standard-test-circuit_ecm-b4015ap40-ip67.png 504w, https:\/\/ecmicrophones.com\/wp-content\/uploads\/2024\/04\/standard-test-circuit_ecm-b4015ap40-ip67-300x130.png 300w, https:\/\/ecmicrophones.com\/wp-content\/uploads\/2024\/04\/standard-test-circuit_ecm-b4015ap40-ip67-18x8.png 18w\" sizes=\"auto, (max-width: 504px) 100vw, 504px\" \/><\/p>\n<p><strong>Condiciones de la prueba:<\/strong> RL = 2,2k\u03a9, Vs = 2V, C = 1\u03bcF<\/p>\n<h3 class=\"pt-5 text-start\">Respuesta de frecuencia t\u00edpica<\/h3>\n<p><img loading=\"lazy\" decoding=\"async\" class=\"alignnone size-full wp-image-426\" src=\"https:\/\/ecmicrophones.com\/wp-content\/uploads\/2024\/04\/typical-frequency-response_ecm-b4015ap40-ip67.png\" alt=\"Respuesta de frecuencia t\u00edpica\" width=\"397\" height=\"284\" srcset=\"https:\/\/ecmicrophones.com\/wp-content\/uploads\/2024\/04\/typical-frequency-response_ecm-b4015ap40-ip67.png 397w, https:\/\/ecmicrophones.com\/wp-content\/uploads\/2024\/04\/typical-frequency-response_ecm-b4015ap40-ip67-300x215.png 300w, https:\/\/ecmicrophones.com\/wp-content\/uploads\/2024\/04\/typical-frequency-response_ecm-b4015ap40-ip67-18x12.png 18w\" sizes=\"auto, (max-width: 397px) 100vw, 397px\" \/><\/p>\n<p><strong>Gama de frecuencias:<\/strong> 50 Hz-20 kHz<br \/>\nLa respuesta sube suavemente hasta 1 kHz, disminuye gradualmente y vuelve a subir ligeramente cerca de los 16 kHz.<\/p>\n<h3 class=\"pt-5 text-start\">Dimensiones (UNIDAD: mm)<\/h3>\n<p><img loading=\"lazy\" decoding=\"async\" class=\"alignnone size-full wp-image-424\" src=\"https:\/\/ecmicrophones.com\/wp-content\/uploads\/2024\/04\/appearance-dimension_ecm-b4015ap40-ip67.png\" alt=\"Dimensi\u00f3n de apariencia\" width=\"501\" height=\"352\" srcset=\"https:\/\/ecmicrophones.com\/wp-content\/uploads\/2024\/04\/appearance-dimension_ecm-b4015ap40-ip67.png 501w, https:\/\/ecmicrophones.com\/wp-content\/uploads\/2024\/04\/appearance-dimension_ecm-b4015ap40-ip67-300x211.png 300w, https:\/\/ecmicrophones.com\/wp-content\/uploads\/2024\/04\/appearance-dimension_ecm-b4015ap40-ip67-18x12.png 18w\" sizes=\"auto, (max-width: 501px) 100vw, 501px\" \/><\/p>\n<p>Dimensiones de la c\u00e1psula: 4 mm (di\u00e1metro) \u00d7 1,5 mm (altura). La parte frontal cuenta con una membrana impermeable; no hay puerto ac\u00fastico en la parte posterior. Equipada con clavijas de 2,8 mm, con una separaci\u00f3n de 1,4 mm.<\/p>","protected":false},"excerpt":{"rendered":"<p>El ECM-B4015AP40-IP67 es una c\u00e1psula de micr\u00f3fono electret omnidireccional de 4 x 1,5 mm con 2 pines, sensibilidad de -40 dB \u00b1 2, SNR de 60 dB y clasificaci\u00f3n de impermeabilidad IP67. Adecuado para comederos de aves y aplicaciones de captaci\u00f3n de sonidos de aves.<\/p>","protected":false},"featured_media":2476,"comment_status":"open","ping_status":"closed","template":"","meta":[],"product_brand":[721],"product_cat":[16,20],"product_tag":[284,229,291],"class_list":{"0":"post-423","1":"product","2":"type-product","3":"status-publish","4":"has-post-thumbnail","6":"product_brand-ecmic","7":"product_cat-electret-microphones","8":"product_cat-omnidirectional-microphones","9":"product_tag-4mm","10":"product_tag-equipment","11":"product_tag-pin-type","13":"first","14":"instock","15":"shipping-taxable","16":"purchasable","17":"product-type-simple"},"_links":{"self":[{"href":"https:\/\/ecmicrophones.com\/es\/wp-json\/wp\/v2\/product\/423","targetHints":{"allow":["GET"]}}],"collection":[{"href":"https:\/\/ecmicrophones.com\/es\/wp-json\/wp\/v2\/product"}],"about":[{"href":"https:\/\/ecmicrophones.com\/es\/wp-json\/wp\/v2\/types\/product"}],"replies":[{"embeddable":true,"href":"https:\/\/ecmicrophones.com\/es\/wp-json\/wp\/v2\/comments?post=423"}],"wp:featuredmedia":[{"embeddable":true,"href":"https:\/\/ecmicrophones.com\/es\/wp-json\/wp\/v2\/media\/2476"}],"wp:attachment":[{"href":"https:\/\/ecmicrophones.com\/es\/wp-json\/wp\/v2\/media?parent=423"}],"wp:term":[{"taxonomy":"product_brand","embeddable":true,"href":"https:\/\/ecmicrophones.com\/es\/wp-json\/wp\/v2\/product_brand?post=423"},{"taxonomy":"product_cat","embeddable":true,"href":"https:\/\/ecmicrophones.com\/es\/wp-json\/wp\/v2\/product_cat?post=423"},{"taxonomy":"product_tag","embeddable":true,"href":"https:\/\/ecmicrophones.com\/es\/wp-json\/wp\/v2\/product_tag?post=423"}],"curies":[{"name":"wp","href":"https:\/\/api.w.org\/{rel}","templated":true}]}}