{"id":464,"date":"2024-04-28T05:43:16","date_gmt":"2024-04-28T05:43:16","guid":{"rendered":"https:\/\/ecmicrophones.com\/?post_type=product&#038;p=464"},"modified":"2026-03-19T15:48:57","modified_gmt":"2026-03-19T07:48:57","slug":"25mm-cardioid-electret-microphone-cartridge","status":"publish","type":"product","link":"https:\/\/ecmicrophones.com\/es\/25mm-cardioid-electret-microphone-cartridge\/","title":{"rendered":"Cartucho de micr\u00f3fono electret cardioide de 25 mm"},"content":{"rendered":"<h2 class=\"text-start\">Especificaciones t\u00e9cnicas<\/h2>\n<p class=\"text-start\">Nuestro n\u00facleo de micr\u00f3fono 2583 garantiza un audio de alta fidelidad, con una tasa de distorsi\u00f3n de 120dB THD\u22641% y una impresionante relaci\u00f3n se\u00f1al-ruido de 83dB.<\/p>\n<h3 class=\"pt-5 text-start\">Circuito de prueba est\u00e1ndar<\/h3>\n<p><img loading=\"lazy\" decoding=\"async\" class=\"alignnone size-full wp-image-467\" src=\"https:\/\/ecmicrophones.com\/wp-content\/uploads\/2024\/04\/standard-test-circuit_ecm-b2583uml32-23861.png\" alt=\"ECM-B2583UML32-23861 Circuito de prueba est\u00e1ndar: Carga de 15k\u03a9, alimentaci\u00f3n de 2V, salida de 1\u03bcF.\" width=\"613\" height=\"261\" srcset=\"https:\/\/ecmicrophones.com\/wp-content\/uploads\/2024\/04\/standard-test-circuit_ecm-b2583uml32-23861.png 613w, https:\/\/ecmicrophones.com\/wp-content\/uploads\/2024\/04\/standard-test-circuit_ecm-b2583uml32-23861-300x128.png 300w, https:\/\/ecmicrophones.com\/wp-content\/uploads\/2024\/04\/standard-test-circuit_ecm-b2583uml32-23861-18x8.png 18w, https:\/\/ecmicrophones.com\/wp-content\/uploads\/2024\/04\/standard-test-circuit_ecm-b2583uml32-23861-600x255.png 600w\" sizes=\"auto, (max-width: 613px) 100vw, 613px\" \/><\/p>\n<p>Probado con una resistencia de carga de 15k\u03a9, alimentaci\u00f3n de 2V CC y condensador de acoplamiento de 1\u03bcF.<\/p>\n<h3 class=\"pt-5 text-start\">Respuesta de frecuencia t\u00edpica<\/h3>\n<p><img loading=\"lazy\" decoding=\"async\" class=\"alignnone size-full wp-image-468\" src=\"https:\/\/ecmicrophones.com\/wp-content\/uploads\/2024\/04\/typical-frequency-response_ecm-b2583uml32-23861.png\" alt=\"ECM-B2583UML32-23861 Curva de respuesta en frecuencia\" width=\"554\" height=\"352\" srcset=\"https:\/\/ecmicrophones.com\/wp-content\/uploads\/2024\/04\/typical-frequency-response_ecm-b2583uml32-23861.png 554w, https:\/\/ecmicrophones.com\/wp-content\/uploads\/2024\/04\/typical-frequency-response_ecm-b2583uml32-23861-300x191.png 300w, https:\/\/ecmicrophones.com\/wp-content\/uploads\/2024\/04\/typical-frequency-response_ecm-b2583uml32-23861-18x12.png 18w\" sizes=\"auto, (max-width: 554px) 100vw, 554px\" \/><\/p>\n<p>La respuesta en frecuencia muestra un notable aumento de 3 kHz a 5 kHz, con un claro pico antes de una fuerte ca\u00edda que comienza alrededor de los 6 kHz, lo que garantiza una fuerte presencia de los medios con una ca\u00edda controlada de las altas frecuencias.<\/p>\n<h3 class=\"pt-5 text-start\">Dimensiones (UNIDAD: mm)<\/h3>\n<p><img loading=\"lazy\" decoding=\"async\" class=\"alignnone size-full wp-image-469\" src=\"https:\/\/ecmicrophones.com\/wp-content\/uploads\/2024\/04\/appearance-dimension_ecm-b2583uml32-23861.png\" alt=\"Dimensiones de ECM-B2583UML32-23861: \u03a625\u00d78.3mm\" width=\"615\" height=\"403\" srcset=\"https:\/\/ecmicrophones.com\/wp-content\/uploads\/2024\/04\/appearance-dimension_ecm-b2583uml32-23861.png 615w, https:\/\/ecmicrophones.com\/wp-content\/uploads\/2024\/04\/appearance-dimension_ecm-b2583uml32-23861-300x197.png 300w, https:\/\/ecmicrophones.com\/wp-content\/uploads\/2024\/04\/appearance-dimension_ecm-b2583uml32-23861-18x12.png 18w, https:\/\/ecmicrophones.com\/wp-content\/uploads\/2024\/04\/appearance-dimension_ecm-b2583uml32-23861-600x393.png 600w\" sizes=\"auto, (max-width: 615px) 100vw, 615px\" \/><\/p>\n<p>C\u00e1psula de gran tama\u00f1o que mide \u03a625 \u00d7 8,3 mm y cuenta con una entrada ac\u00fastica trasera para mejorar la captaci\u00f3n del sonido.<\/p>","protected":false},"excerpt":{"rendered":"<p>La ECM-B2583UML32-23861 es una c\u00e1psula de micr\u00f3fono electret unidireccional de 25 \u00d7 8,3 mm con una sensibilidad de -32 dB \u00b1 2 y una relaci\u00f3n se\u00f1al-ruido (SNR) de 83 dB, adecuada para micr\u00f3fonos de karaoke profesionales, micr\u00f3fonos de transmisi\u00f3n en vivo y equipos de grabaci\u00f3n de estudio.<\/p>","protected":false},"featured_media":2540,"comment_status":"open","ping_status":"closed","template":"","meta":[],"product_brand":[721],"product_cat":[21,16],"product_tag":[278,410,288,116],"class_list":{"0":"post-464","1":"product","2":"type-product","3":"status-publish","4":"has-post-thumbnail","6":"product_brand-ecmic","7":"product_cat-unidirectional-microphones","8":"product_cat-electret-microphones","9":"product_tag-25mm","10":"product_tag-high-snr","11":"product_tag-solder-pads","12":"product_tag-vocal","14":"first","15":"instock","16":"shipping-taxable","17":"purchasable","18":"product-type-simple"},"_links":{"self":[{"href":"https:\/\/ecmicrophones.com\/es\/wp-json\/wp\/v2\/product\/464","targetHints":{"allow":["GET"]}}],"collection":[{"href":"https:\/\/ecmicrophones.com\/es\/wp-json\/wp\/v2\/product"}],"about":[{"href":"https:\/\/ecmicrophones.com\/es\/wp-json\/wp\/v2\/types\/product"}],"replies":[{"embeddable":true,"href":"https:\/\/ecmicrophones.com\/es\/wp-json\/wp\/v2\/comments?post=464"}],"wp:featuredmedia":[{"embeddable":true,"href":"https:\/\/ecmicrophones.com\/es\/wp-json\/wp\/v2\/media\/2540"}],"wp:attachment":[{"href":"https:\/\/ecmicrophones.com\/es\/wp-json\/wp\/v2\/media?parent=464"}],"wp:term":[{"taxonomy":"product_brand","embeddable":true,"href":"https:\/\/ecmicrophones.com\/es\/wp-json\/wp\/v2\/product_brand?post=464"},{"taxonomy":"product_cat","embeddable":true,"href":"https:\/\/ecmicrophones.com\/es\/wp-json\/wp\/v2\/product_cat?post=464"},{"taxonomy":"product_tag","embeddable":true,"href":"https:\/\/ecmicrophones.com\/es\/wp-json\/wp\/v2\/product_tag?post=464"}],"curies":[{"name":"wp","href":"https:\/\/api.w.org\/{rel}","templated":true}]}}