{"id":49,"date":"2024-03-27T10:20:22","date_gmt":"2024-03-27T10:20:22","guid":{"rendered":"https:\/\/ecmicrophones.com\/?post_type=product&#038;p=49"},"modified":"2026-03-19T15:39:24","modified_gmt":"2026-03-19T07:39:24","slug":"broadcast-headset-microphone-capsule-6mm","status":"publish","type":"product","link":"https:\/\/ecmicrophones.com\/es\/broadcast-headset-microphone-capsule-6mm\/","title":{"rendered":"C\u00e1psula de micr\u00f3fono para auriculares de transmisi\u00f3n de 6 mm"},"content":{"rendered":"<h2 class=\"text-start\">Especificaciones t\u00e9cnicas<\/h2>\n<p class=\"text-start\">Con un n\u00facleo de micr\u00f3fono cardioide de alta calidad con amplia respuesta de frecuencia, nuestro cabezal de micr\u00f3fono 6027 se destaca en cancelaci\u00f3n de ruido y resistencia a interferencias, lo que garantiza una captura de audio clara.<\/p>\n<h3 class=\"pt-5 text-start\">Circuito de prueba est\u00e1ndar<\/h3>\n<p><img loading=\"lazy\" decoding=\"async\" class=\"alignnone size-full wp-image-236\" src=\"https:\/\/ecmicrophones.com\/wp-content\/uploads\/2024\/03\/standard-test-circuit_ecm-b6027ul-906.png\" alt=\"Circuito de prueba ECM-B6027UL: 2,2k\u03a9 de polarizaci\u00f3n, 2V de alimentaci\u00f3n, 1\u03bcF de salida.\" width=\"515\" height=\"219\" srcset=\"https:\/\/ecmicrophones.com\/wp-content\/uploads\/2024\/03\/standard-test-circuit_ecm-b6027ul-906.png 515w, https:\/\/ecmicrophones.com\/wp-content\/uploads\/2024\/03\/standard-test-circuit_ecm-b6027ul-906-300x128.png 300w, https:\/\/ecmicrophones.com\/wp-content\/uploads\/2024\/03\/standard-test-circuit_ecm-b6027ul-906-18x8.png 18w\" sizes=\"auto, (max-width: 515px) 100vw, 515px\" \/><\/p>\n<p>Resistencia de polarizaci\u00f3n de 2,2k\u03a9, alimentaci\u00f3n de 2V, caperuza de salida de 1\u03bcF. Optimizado para aplicaciones de voz.<\/p>\n<h3 class=\"pt-5 text-start\">Respuesta de frecuencia t\u00edpica<\/h3>\n<p><img loading=\"lazy\" decoding=\"async\" class=\"alignnone wp-image-3043 size-large\" src=\"https:\/\/ecmicrophones.com\/wp-content\/uploads\/2024\/03\/typical-frequency-response-ecm-b6027ul-906-1-1024x469.png\" alt=\"ECM-B6027UL Respuesta en frecuencia: 100Hz-16kHz curva ascendente\" width=\"1024\" height=\"469\" srcset=\"https:\/\/ecmicrophones.com\/wp-content\/uploads\/2024\/03\/typical-frequency-response-ecm-b6027ul-906-1-1024x469.png 1024w, https:\/\/ecmicrophones.com\/wp-content\/uploads\/2024\/03\/typical-frequency-response-ecm-b6027ul-906-1-300x137.png 300w, https:\/\/ecmicrophones.com\/wp-content\/uploads\/2024\/03\/typical-frequency-response-ecm-b6027ul-906-1-768x351.png 768w, https:\/\/ecmicrophones.com\/wp-content\/uploads\/2024\/03\/typical-frequency-response-ecm-b6027ul-906-1-18x8.png 18w, https:\/\/ecmicrophones.com\/wp-content\/uploads\/2024\/03\/typical-frequency-response-ecm-b6027ul-906-1-600x275.png 600w, https:\/\/ecmicrophones.com\/wp-content\/uploads\/2024\/03\/typical-frequency-response-ecm-b6027ul-906-1.png 1263w\" sizes=\"auto, (max-width: 1024px) 100vw, 1024px\" \/><\/p>\n<p>Respuesta de curva ascendente 100 Hz-16 kHz.<\/p>\n<h3 class=\"pt-5 text-start\">Dimensiones (Unidad: mm)<\/h3>\n<p><img loading=\"lazy\" decoding=\"async\" class=\"alignnone wp-image-3044 size-full\" src=\"https:\/\/ecmicrophones.com\/wp-content\/uploads\/2024\/03\/appearance-dimension_ecm-b6027ul-906-2.png\" alt=\"ECM-B6027UL Dimensiones: \u03a66\u00d72,7 mm con rejilla antipolvo frontal y puerto ac\u00fastico trasero.\" width=\"332\" height=\"402\" srcset=\"https:\/\/ecmicrophones.com\/wp-content\/uploads\/2024\/03\/appearance-dimension_ecm-b6027ul-906-2.png 332w, https:\/\/ecmicrophones.com\/wp-content\/uploads\/2024\/03\/appearance-dimension_ecm-b6027ul-906-2-248x300.png 248w, https:\/\/ecmicrophones.com\/wp-content\/uploads\/2024\/03\/appearance-dimension_ecm-b6027ul-906-2-10x12.png 10w\" sizes=\"auto, (max-width: 332px) 100vw, 332px\" \/><\/p>\n<p>\u03a66\u00d72,7 mm con malla antipolvo frontal y puerto ac\u00fastico trasero.<\/p>","protected":false},"excerpt":{"rendered":"<p>La ECM-B6027UL-906 es una c\u00e1psula de micr\u00f3fono unidireccional de 6 \u00d7 2,7 mm dise\u00f1ada para auriculares en el set y auriculares de producci\u00f3n. Con una sensibilidad de -35 dB \u00b1 2 y una relaci\u00f3n se\u00f1al\/ruido de 60 dB, garantiza una transmisi\u00f3n de audio clara en varios escenarios de transmisi\u00f3n. Ideal para auriculares en el set y aplicaciones de auriculares de producci\u00f3n.<\/p>","protected":false},"featured_media":2490,"comment_status":"open","ping_status":"closed","template":"","meta":[],"product_brand":[721],"product_cat":[16,21],"product_tag":[283,235,288],"class_list":{"0":"post-49","1":"product","2":"type-product","3":"status-publish","4":"has-post-thumbnail","6":"product_brand-ecmic","7":"product_cat-electret-microphones","8":"product_cat-unidirectional-microphones","9":"product_tag-6mm","10":"product_tag-conference","11":"product_tag-solder-pads","13":"first","14":"instock","15":"shipping-taxable","16":"purchasable","17":"product-type-simple"},"_links":{"self":[{"href":"https:\/\/ecmicrophones.com\/es\/wp-json\/wp\/v2\/product\/49","targetHints":{"allow":["GET"]}}],"collection":[{"href":"https:\/\/ecmicrophones.com\/es\/wp-json\/wp\/v2\/product"}],"about":[{"href":"https:\/\/ecmicrophones.com\/es\/wp-json\/wp\/v2\/types\/product"}],"replies":[{"embeddable":true,"href":"https:\/\/ecmicrophones.com\/es\/wp-json\/wp\/v2\/comments?post=49"}],"wp:featuredmedia":[{"embeddable":true,"href":"https:\/\/ecmicrophones.com\/es\/wp-json\/wp\/v2\/media\/2490"}],"wp:attachment":[{"href":"https:\/\/ecmicrophones.com\/es\/wp-json\/wp\/v2\/media?parent=49"}],"wp:term":[{"taxonomy":"product_brand","embeddable":true,"href":"https:\/\/ecmicrophones.com\/es\/wp-json\/wp\/v2\/product_brand?post=49"},{"taxonomy":"product_cat","embeddable":true,"href":"https:\/\/ecmicrophones.com\/es\/wp-json\/wp\/v2\/product_cat?post=49"},{"taxonomy":"product_tag","embeddable":true,"href":"https:\/\/ecmicrophones.com\/es\/wp-json\/wp\/v2\/product_tag?post=49"}],"curies":[{"name":"wp","href":"https:\/\/api.w.org\/{rel}","templated":true}]}}