{"id":496,"date":"2024-05-09T09:44:01","date_gmt":"2024-05-09T09:44:01","guid":{"rendered":"https:\/\/ecmicrophones.com\/?post_type=product&#038;p=496"},"modified":"2026-03-19T15:49:26","modified_gmt":"2026-03-19T07:49:26","slug":"dynamic-conference-headset-microphone-element-19mm","status":"publish","type":"product","link":"https:\/\/ecmicrophones.com\/es\/dynamic-conference-headset-microphone-element-19mm\/","title":{"rendered":"Elemento de micr\u00f3fono para auriculares de conferencia din\u00e1micos de 19 mm"},"content":{"rendered":"<h2 class=\"text-start\">Especificaciones t\u00e9cnicas<\/h2>\n<p class=\"text-start\">La ECM-DM1910B600-250219 es una c\u00e1psula de micr\u00f3fono din\u00e1mico compacta optimizada para su integraci\u00f3n en aud\u00edfonos de comunicaci\u00f3n, incluidos los dise\u00f1os de micr\u00f3fonos con brazo, micr\u00f3fonos vocales de mano y dispositivos activados por voz. Su respuesta de frecuencia de 100 Hz a 10 kHz y su impedancia de 600 \u03a9 garantizan un rendimiento vocal claro e inteligible en una amplia gama de entornos cotidianos y profesionales.<\/p>\n<p class=\"text-start\">Con un patr\u00f3n polar unidireccional, reduce eficazmente el ruido de fondo, centr\u00e1ndose en la voz del usuario, lo que lo hace ideal para su uso en centros de llamadas, interfonos, configuraciones de podcasting y sistemas de micr\u00f3fonos de karaoke. El factor de forma de 19 mm ofrece una f\u00e1cil integraci\u00f3n en carcasas de auriculares delgadas, conjuntos de micr\u00f3fonos de mano u otros dise\u00f1os con limitaciones de espacio.<\/p>\n<h3 class=\"pt-5 text-start\">Despiece y lista de piezas<\/h3>\n<p><img loading=\"lazy\" decoding=\"async\" class=\"alignnone wp-image-3894 size-full\" src=\"https:\/\/ecmicrophones.com\/wp-content\/uploads\/2024\/05\/dynamic-part_ecm-dm1910b600-250219-1.png\" alt=\"Parte din\u00e1mica\" width=\"580\" height=\"280\" srcset=\"https:\/\/ecmicrophones.com\/wp-content\/uploads\/2024\/05\/dynamic-part_ecm-dm1910b600-250219-1.png 580w, https:\/\/ecmicrophones.com\/wp-content\/uploads\/2024\/05\/dynamic-part_ecm-dm1910b600-250219-1-300x145.png 300w, https:\/\/ecmicrophones.com\/wp-content\/uploads\/2024\/05\/dynamic-part_ecm-dm1910b600-250219-1-18x9.png 18w\" sizes=\"auto, (max-width: 580px) 100vw, 580px\" \/><\/p>\n<p><strong>Lista de piezas:<\/strong> Esponja, Cubierta, Diafragma, Bobina, Acero magn\u00e9tico, Olla de hierro, Soporte, PCB + Esta\u00f1o.<\/p>\n<h3 class=\"pt-5 text-start\">Curva de respuesta en frecuencia<\/h3>\n<p><img loading=\"lazy\" decoding=\"async\" class=\"alignnone wp-image-3762 size-full\" src=\"https:\/\/ecmicrophones.com\/wp-content\/uploads\/2024\/05\/response-curve_ecm-dm1910b600-250219.png\" alt=\"Curva de respuesta\" width=\"516\" height=\"425\" srcset=\"https:\/\/ecmicrophones.com\/wp-content\/uploads\/2024\/05\/response-curve_ecm-dm1910b600-250219.png 516w, https:\/\/ecmicrophones.com\/wp-content\/uploads\/2024\/05\/response-curve_ecm-dm1910b600-250219-300x247.png 300w, https:\/\/ecmicrophones.com\/wp-content\/uploads\/2024\/05\/response-curve_ecm-dm1910b600-250219-15x12.png 15w\" sizes=\"auto, (max-width: 516px) 100vw, 516px\" \/><\/p>\n<p><strong>Respuesta de frecuencia:<\/strong> 100 Hz-10 kHz. Dise\u00f1ado para una captaci\u00f3n de voz clara y fiable en aplicaciones vocales est\u00e1ndar.<\/p>\n<h3 class=\"pt-5 text-start\">Dimensiones (UNIDAD: mm)<\/h3>\n<p><img loading=\"lazy\" decoding=\"async\" class=\"alignnone wp-image-3763 size-full\" src=\"https:\/\/ecmicrophones.com\/wp-content\/uploads\/2024\/05\/appearance-size_ecm-dm1910b600-250219.png\" alt=\"Tama\u00f1o de apariencia\" width=\"747\" height=\"402\" srcset=\"https:\/\/ecmicrophones.com\/wp-content\/uploads\/2024\/05\/appearance-size_ecm-dm1910b600-250219.png 747w, https:\/\/ecmicrophones.com\/wp-content\/uploads\/2024\/05\/appearance-size_ecm-dm1910b600-250219-300x161.png 300w, https:\/\/ecmicrophones.com\/wp-content\/uploads\/2024\/05\/appearance-size_ecm-dm1910b600-250219-18x10.png 18w, https:\/\/ecmicrophones.com\/wp-content\/uploads\/2024\/05\/appearance-size_ecm-dm1910b600-250219-600x323.png 600w\" sizes=\"auto, (max-width: 747px) 100vw, 747px\" \/><\/p>\n<p><strong>Dimensiones:<\/strong> Di\u00e1metro: 19 mm; altura: 9,6 mm.<\/p>","protected":false},"excerpt":{"rendered":"<p>Dise\u00f1ada para auriculares de comunicaci\u00f3n, KTV y micr\u00f3fonos de mano, equipos de podcasting y sistemas de transmisi\u00f3n de voz, esta c\u00e1psula de micr\u00f3fono din\u00e1mico unidireccional de 19 \u00d7 10 mm ofrece una captaci\u00f3n vocal clara y enfocada con una respuesta de frecuencia de 100 Hz-10 kHz y una impedancia de 600 \u03a9.<\/p>","protected":false},"featured_media":3759,"comment_status":"open","ping_status":"closed","template":"","meta":[],"product_brand":[721],"product_cat":[17],"product_tag":[310,235],"class_list":{"0":"post-496","1":"product","2":"type-product","3":"status-publish","4":"has-post-thumbnail","6":"product_brand-ecmic","7":"product_cat-dynamic-microphones","8":"product_tag-19mm","9":"product_tag-conference","11":"first","12":"instock","13":"shipping-taxable","14":"purchasable","15":"product-type-simple"},"_links":{"self":[{"href":"https:\/\/ecmicrophones.com\/es\/wp-json\/wp\/v2\/product\/496","targetHints":{"allow":["GET"]}}],"collection":[{"href":"https:\/\/ecmicrophones.com\/es\/wp-json\/wp\/v2\/product"}],"about":[{"href":"https:\/\/ecmicrophones.com\/es\/wp-json\/wp\/v2\/types\/product"}],"replies":[{"embeddable":true,"href":"https:\/\/ecmicrophones.com\/es\/wp-json\/wp\/v2\/comments?post=496"}],"wp:featuredmedia":[{"embeddable":true,"href":"https:\/\/ecmicrophones.com\/es\/wp-json\/wp\/v2\/media\/3759"}],"wp:attachment":[{"href":"https:\/\/ecmicrophones.com\/es\/wp-json\/wp\/v2\/media?parent=496"}],"wp:term":[{"taxonomy":"product_brand","embeddable":true,"href":"https:\/\/ecmicrophones.com\/es\/wp-json\/wp\/v2\/product_brand?post=496"},{"taxonomy":"product_cat","embeddable":true,"href":"https:\/\/ecmicrophones.com\/es\/wp-json\/wp\/v2\/product_cat?post=496"},{"taxonomy":"product_tag","embeddable":true,"href":"https:\/\/ecmicrophones.com\/es\/wp-json\/wp\/v2\/product_tag?post=496"}],"curies":[{"name":"wp","href":"https:\/\/api.w.org\/{rel}","templated":true}]}}