{"id":502,"date":"2024-05-09T10:02:14","date_gmt":"2024-05-09T10:02:14","guid":{"rendered":"https:\/\/ecmicrophones.com\/?post_type=product&#038;p=502"},"modified":"2026-03-24T11:37:14","modified_gmt":"2026-03-24T03:37:14","slug":"dynamic-handheld-karaoke-microphone-insert-29mm","status":"publish","type":"product","link":"https:\/\/ecmicrophones.com\/es\/dynamic-handheld-karaoke-microphone-insert-29mm\/","title":{"rendered":"Inserto de micr\u00f3fono de karaoke din\u00e1mico de mano de 29 mm"},"content":{"rendered":"<h2 class=\"text-start\">Especificaciones t\u00e9cnicas<\/h2>\n<p class=\"text-start\">El ECM-DM52K600 es una c\u00e1psula de micr\u00f3fono din\u00e1mica compacta dise\u00f1ada para aplicaciones vocales de mano y dispositivos de comunicaci\u00f3n de diadema. Con una amplia respuesta en frecuencia de 50 Hz a 13 kHz y una impedancia de 600 \u03a9, reproduce las voces con calidez, claridad y una suave atenuaci\u00f3n de las altas frecuencias, ideal para karaoke, streaming, megafon\u00eda y auriculares manos libres.<\/p>\n<p class=\"text-start\">Su calidad sonora es comparable a la del famoso Shure SM58, lo que permite obtener un rendimiento vocal de nivel profesional en un formato compacto.<\/p>\n<p class=\"text-start\">Su patr\u00f3n de captaci\u00f3n unidireccional mejora el aislamiento de la voz, reduciendo el ruido ambiente en entornos ruidosos. El perfil ac\u00fastico de esta c\u00e1psula la convierte en una opci\u00f3n vers\u00e1til para fabricantes de micr\u00f3fonos vocales para directo, equipos para creadores de contenidos, dispositivos PA port\u00e1tiles y micr\u00f3fonos de diadema.<\/p>\n<p class=\"text-start\">Dise\u00f1ado para integrarse f\u00e1cilmente en carcasas de dispositivos port\u00e1tiles o en conjuntos de auriculares delgados, el ECM-DM52K600 ofrece un rendimiento estable y una captura de sonido robusta para conjuntos de micr\u00f3fonos din\u00e1micos profesionales y de consumo.<\/p>\n<h3 class=\"pt-5 text-start\">Despiece y lista de piezas<\/h3>\n<p><img loading=\"lazy\" decoding=\"async\" class=\"alignnone wp-image-3893 size-full\" src=\"https:\/\/ecmicrophones.com\/wp-content\/uploads\/2024\/05\/dynamic-part_ecm-dm52k600.png\" alt=\"Parte din\u00e1mica\" width=\"580\" height=\"260\" srcset=\"https:\/\/ecmicrophones.com\/wp-content\/uploads\/2024\/05\/dynamic-part_ecm-dm52k600.png 580w, https:\/\/ecmicrophones.com\/wp-content\/uploads\/2024\/05\/dynamic-part_ecm-dm52k600-300x134.png 300w, https:\/\/ecmicrophones.com\/wp-content\/uploads\/2024\/05\/dynamic-part_ecm-dm52k600-18x8.png 18w\" sizes=\"auto, (max-width: 580px) 100vw, 580px\" \/><\/p>\n<p>Componentes clave: 1. Esponja 2. Tapa 3. Diafragma 4. Bobina 5. Acero magn\u00e9tico 6. Ollas de hierro 7. Soporte 8. PCB + Esta\u00f1o.<\/p>\n<h3 class=\"pt-5 text-start\">Curva de respuesta en frecuencia<\/h3>\n<p><img loading=\"lazy\" decoding=\"async\" class=\"alignnone size-full wp-image-507\" src=\"https:\/\/ecmicrophones.com\/wp-content\/uploads\/2024\/05\/response-curve_ecm-dm52k600.png\" alt=\"Curva de respuesta\" width=\"679\" height=\"490\" srcset=\"https:\/\/ecmicrophones.com\/wp-content\/uploads\/2024\/05\/response-curve_ecm-dm52k600.png 679w, https:\/\/ecmicrophones.com\/wp-content\/uploads\/2024\/05\/response-curve_ecm-dm52k600-300x216.png 300w, https:\/\/ecmicrophones.com\/wp-content\/uploads\/2024\/05\/response-curve_ecm-dm52k600-18x12.png 18w, https:\/\/ecmicrophones.com\/wp-content\/uploads\/2024\/05\/response-curve_ecm-dm52k600-600x433.png 600w\" sizes=\"auto, (max-width: 679px) 100vw, 679px\" \/><\/p>\n<p>La respuesta en frecuencia oscila entre 50 Hz y 13 kHz, con unos graves intensos, unos medios equilibrados y unos agudos suaves, ideales para reproducir un sonido claro y natural.<\/p>\n<h3 class=\"pt-5 text-start\">Dimensiones (UNIDAD: mm)<\/h3>\n<p><img loading=\"lazy\" decoding=\"async\" class=\"alignnone size-full wp-image-505\" src=\"https:\/\/ecmicrophones.com\/wp-content\/uploads\/2024\/05\/appearance-size_ecm-dm52k600.png\" alt=\"Tama\u00f1o de apariencia\" width=\"340\" height=\"314\" srcset=\"https:\/\/ecmicrophones.com\/wp-content\/uploads\/2024\/05\/appearance-size_ecm-dm52k600.png 340w, https:\/\/ecmicrophones.com\/wp-content\/uploads\/2024\/05\/appearance-size_ecm-dm52k600-300x277.png 300w, https:\/\/ecmicrophones.com\/wp-content\/uploads\/2024\/05\/appearance-size_ecm-dm52k600-13x12.png 13w\" sizes=\"auto, (max-width: 340px) 100vw, 340px\" \/><\/p>\n<p>Tama\u00f1o compacto: 29 mm de di\u00e1metro \u00d7 23 mm de altura, ideal para diversas aplicaciones de audio.<\/p>","protected":false},"excerpt":{"rendered":"<p>Optimizada para micr\u00f3fonos de karaoke de mano y micr\u00f3fonos din\u00e1micos de diadema, esta c\u00e1psula de micr\u00f3fono din\u00e1mico unidireccional de 29 \u00d7 23 mm ofrece una reproducci\u00f3n vocal c\u00e1lida y natural comparable a la del Shure SM58, con una respuesta de frecuencia de 50 Hz a 13 kHz y una impedancia de 600 \u03a9, lo que la hace perfecta para transmisiones en vivo, KTV y aplicaciones manos libres.<\/p>","protected":false},"featured_media":2400,"comment_status":"open","ping_status":"closed","template":"","meta":[],"product_brand":[721],"product_cat":[17],"product_tag":[313,116],"class_list":{"0":"post-502","1":"product","2":"type-product","3":"status-publish","4":"has-post-thumbnail","6":"product_brand-ecmic","7":"product_cat-dynamic-microphones","8":"product_tag-29mm","9":"product_tag-vocal","11":"first","12":"instock","13":"shipping-taxable","14":"purchasable","15":"product-type-simple"},"_links":{"self":[{"href":"https:\/\/ecmicrophones.com\/es\/wp-json\/wp\/v2\/product\/502","targetHints":{"allow":["GET"]}}],"collection":[{"href":"https:\/\/ecmicrophones.com\/es\/wp-json\/wp\/v2\/product"}],"about":[{"href":"https:\/\/ecmicrophones.com\/es\/wp-json\/wp\/v2\/types\/product"}],"replies":[{"embeddable":true,"href":"https:\/\/ecmicrophones.com\/es\/wp-json\/wp\/v2\/comments?post=502"}],"wp:featuredmedia":[{"embeddable":true,"href":"https:\/\/ecmicrophones.com\/es\/wp-json\/wp\/v2\/media\/2400"}],"wp:attachment":[{"href":"https:\/\/ecmicrophones.com\/es\/wp-json\/wp\/v2\/media?parent=502"}],"wp:term":[{"taxonomy":"product_brand","embeddable":true,"href":"https:\/\/ecmicrophones.com\/es\/wp-json\/wp\/v2\/product_brand?post=502"},{"taxonomy":"product_cat","embeddable":true,"href":"https:\/\/ecmicrophones.com\/es\/wp-json\/wp\/v2\/product_cat?post=502"},{"taxonomy":"product_tag","embeddable":true,"href":"https:\/\/ecmicrophones.com\/es\/wp-json\/wp\/v2\/product_tag?post=502"}],"curies":[{"name":"wp","href":"https:\/\/api.w.org\/{rel}","templated":true}]}}