{"id":512,"date":"2024-05-09T13:02:14","date_gmt":"2024-05-09T13:02:14","guid":{"rendered":"https:\/\/ecmicrophones.com\/?post_type=product&#038;p=512"},"modified":"2026-03-19T15:49:45","modified_gmt":"2026-03-19T07:49:45","slug":"dynamic-handheld-karaoke-microphone-cartridge-30mm","status":"publish","type":"product","link":"https:\/\/ecmicrophones.com\/es\/dynamic-handheld-karaoke-microphone-cartridge-30mm\/","title":{"rendered":"Cartucho de micr\u00f3fono de karaoke din\u00e1mico de mano de 30 mm"},"content":{"rendered":"<h2 class=\"text-start\">Especificaciones t\u00e9cnicas<\/h2>\n<p class=\"text-start\">El ECM-DM58K600 es una c\u00e1psula de micr\u00f3fono din\u00e1mico de 30 mm de alto rendimiento dise\u00f1ada para micr\u00f3fonos vocales de mano. Con una amplia respuesta en frecuencia de 50 Hz a 14 kHz y una impedancia de 600 \u03a9, captura graves intensos y medios n\u00edtidos, por lo que es ideal para la amplificaci\u00f3n de voz en KTV, escenarios en directo, retransmisiones y configuraciones de oratoria.<\/p>\n<p class=\"text-start\">Su dise\u00f1o unidireccional garantiza una captaci\u00f3n de sonido focalizada a la vez que minimiza el ruido ambiente, proporcionando una claridad constante en entornos ruidosos o con altos niveles de presi\u00f3n sonora. Su construcci\u00f3n robusta y su rendimiento ac\u00fastico estable lo convierten en una opci\u00f3n fiable para aplicaciones de mano, escenario, broadcast o karaoke.<\/p>\n<p class=\"text-start\">Esta c\u00e1psula se integra perfectamente en diversas carcasas de micr\u00f3fonos din\u00e1micos, ofreciendo a los fabricantes una soluci\u00f3n de transductor fiable para equipos de audio de alto rendimiento.<\/p>\n<h3 class=\"pt-5 text-start\">Despiece y lista de piezas<\/h3>\n<p><img loading=\"lazy\" decoding=\"async\" class=\"alignnone wp-image-3892 size-full\" src=\"https:\/\/ecmicrophones.com\/wp-content\/uploads\/2024\/05\/dynamic-part_ecm-dm58k600.png\" alt=\"Parte din\u00e1mica\" width=\"580\" height=\"270\" srcset=\"https:\/\/ecmicrophones.com\/wp-content\/uploads\/2024\/05\/dynamic-part_ecm-dm58k600.png 580w, https:\/\/ecmicrophones.com\/wp-content\/uploads\/2024\/05\/dynamic-part_ecm-dm58k600-300x140.png 300w, https:\/\/ecmicrophones.com\/wp-content\/uploads\/2024\/05\/dynamic-part_ecm-dm58k600-18x8.png 18w\" sizes=\"auto, (max-width: 580px) 100vw, 580px\" \/><\/p>\n<p><strong>Lista de piezas:<\/strong> Esponja, Cubierta, Diafragma, Bobina, Acero magn\u00e9tico, Ollas de hierro, Soporte, PCB + Esta\u00f1o.<\/p>\n<h3 class=\"pt-5 text-start\">Curva de respuesta en frecuencia<\/h3>\n<p><img loading=\"lazy\" decoding=\"async\" class=\"alignnone size-full wp-image-516\" src=\"https:\/\/ecmicrophones.com\/wp-content\/uploads\/2024\/05\/response-curve_ecm-dm58k600.png\" alt=\"Curva de respuesta\" width=\"572\" height=\"428\" srcset=\"https:\/\/ecmicrophones.com\/wp-content\/uploads\/2024\/05\/response-curve_ecm-dm58k600.png 572w, https:\/\/ecmicrophones.com\/wp-content\/uploads\/2024\/05\/response-curve_ecm-dm58k600-300x224.png 300w, https:\/\/ecmicrophones.com\/wp-content\/uploads\/2024\/05\/response-curve_ecm-dm58k600-16x12.png 16w\" sizes=\"auto, (max-width: 572px) 100vw, 572px\" \/><\/p>\n<p>Respuesta en frecuencia: 50Hz-14kHz, centr\u00e1ndose en un amplio rango de sonido adecuado para aplicaciones de micr\u00f3fonos din\u00e1micos.<\/p>\n<h3 class=\"pt-5 text-start\">Dimensiones (UNIDAD: mm)<\/h3>\n<p><img loading=\"lazy\" decoding=\"async\" class=\"alignnone size-full wp-image-514\" src=\"https:\/\/ecmicrophones.com\/wp-content\/uploads\/2024\/05\/appearance-size_ecm-dm58k600.png\" alt=\"Tama\u00f1o de apariencia\" width=\"218\" height=\"283\" srcset=\"https:\/\/ecmicrophones.com\/wp-content\/uploads\/2024\/05\/appearance-size_ecm-dm58k600.png 218w, https:\/\/ecmicrophones.com\/wp-content\/uploads\/2024\/05\/appearance-size_ecm-dm58k600-9x12.png 9w\" sizes=\"auto, (max-width: 218px) 100vw, 218px\" \/><\/p>\n<p>Di\u00e1metro: 30 mm; altura: 41,4 mm.<\/p>","protected":false},"excerpt":{"rendered":"<p>Esta c\u00e1psula de micr\u00f3fono din\u00e1mico unidireccional de 30 \u00d7 49 mm, optimizada para la captura de sonido rico y natural en interfaces de audio profesionales, grabaci\u00f3n en estudio, radiodifusi\u00f3n y micr\u00f3fonos de mano KTV, ofrece una amplia respuesta en frecuencia de 50 Hz a 15 kHz y una impedancia estable de 600 \u03a9, lo que garantiza un rendimiento de audio preciso y resistente al ruido.<\/p>","protected":false},"featured_media":2403,"comment_status":"open","ping_status":"closed","template":"","meta":[],"product_brand":[721],"product_cat":[17],"product_tag":[312,116],"class_list":{"0":"post-512","1":"product","2":"type-product","3":"status-publish","4":"has-post-thumbnail","6":"product_brand-ecmic","7":"product_cat-dynamic-microphones","8":"product_tag-30mm","9":"product_tag-vocal","11":"first","12":"instock","13":"shipping-taxable","14":"purchasable","15":"product-type-simple"},"_links":{"self":[{"href":"https:\/\/ecmicrophones.com\/es\/wp-json\/wp\/v2\/product\/512","targetHints":{"allow":["GET"]}}],"collection":[{"href":"https:\/\/ecmicrophones.com\/es\/wp-json\/wp\/v2\/product"}],"about":[{"href":"https:\/\/ecmicrophones.com\/es\/wp-json\/wp\/v2\/types\/product"}],"replies":[{"embeddable":true,"href":"https:\/\/ecmicrophones.com\/es\/wp-json\/wp\/v2\/comments?post=512"}],"wp:featuredmedia":[{"embeddable":true,"href":"https:\/\/ecmicrophones.com\/es\/wp-json\/wp\/v2\/media\/2403"}],"wp:attachment":[{"href":"https:\/\/ecmicrophones.com\/es\/wp-json\/wp\/v2\/media?parent=512"}],"wp:term":[{"taxonomy":"product_brand","embeddable":true,"href":"https:\/\/ecmicrophones.com\/es\/wp-json\/wp\/v2\/product_brand?post=512"},{"taxonomy":"product_cat","embeddable":true,"href":"https:\/\/ecmicrophones.com\/es\/wp-json\/wp\/v2\/product_cat?post=512"},{"taxonomy":"product_tag","embeddable":true,"href":"https:\/\/ecmicrophones.com\/es\/wp-json\/wp\/v2\/product_tag?post=512"}],"curies":[{"name":"wp","href":"https:\/\/api.w.org\/{rel}","templated":true}]}}