{"id":533,"date":"2024-05-10T01:28:39","date_gmt":"2024-05-10T01:28:39","guid":{"rendered":"https:\/\/ecmicrophones.com\/?post_type=product&#038;p=533"},"modified":"2026-03-19T15:43:18","modified_gmt":"2026-03-19T07:43:18","slug":"surface-mount-electret-microphone-6mm","status":"publish","type":"product","link":"https:\/\/ecmicrophones.com\/es\/surface-mount-electret-microphone-6mm\/","title":{"rendered":"Micr\u00f3fono electret de montaje en superficie de 6 mm"},"content":{"rendered":"<h2 class=\"text-start\">Especificaciones t\u00e9cnicas<\/h2>\n<p class=\"text-start\">Con un n\u00facleo SMD resistente a altas temperaturas y capacitores duales hechos de materiales ecol\u00f3gicos importados, nuestro cabezal de micr\u00f3fono de montaje en superficie 6027 ofrece un rendimiento superior.<\/p>\n<h3 class=\"pt-5 text-start\">Circuito de prueba est\u00e1ndar<\/h3>\n<p><img loading=\"lazy\" decoding=\"async\" class=\"alignnone size-full wp-image-534\" src=\"https:\/\/ecmicrophones.com\/wp-content\/uploads\/2024\/05\/standard-test-circuit_ecm-b6027al-smd-40.png\" alt=\"Circuito de prueba est\u00e1ndar\" width=\"528\" height=\"214\" srcset=\"https:\/\/ecmicrophones.com\/wp-content\/uploads\/2024\/05\/standard-test-circuit_ecm-b6027al-smd-40.png 528w, https:\/\/ecmicrophones.com\/wp-content\/uploads\/2024\/05\/standard-test-circuit_ecm-b6027al-smd-40-300x122.png 300w, https:\/\/ecmicrophones.com\/wp-content\/uploads\/2024\/05\/standard-test-circuit_ecm-b6027al-smd-40-18x7.png 18w\" sizes=\"auto, (max-width: 528px) 100vw, 528px\" \/><\/p>\n<p><strong>Condiciones de la prueba:<\/strong> Resistencia de carga (RL) = 2,2k\u03a9, Tensi\u00f3n de alimentaci\u00f3n (VS) = 2V, Condensador de acoplamiento (C) = 1\u03bcF.<\/p>\n<h3 class=\"pt-5 text-start\">Respuesta de frecuencia t\u00edpica<\/h3>\n<p><img loading=\"lazy\" decoding=\"async\" class=\"alignnone size-full wp-image-535\" src=\"https:\/\/ecmicrophones.com\/wp-content\/uploads\/2024\/05\/typical-frequency-response_ecm-b6027al-smd-40.png\" alt=\"Respuesta de frecuencia t\u00edpica\" width=\"590\" height=\"205\" srcset=\"https:\/\/ecmicrophones.com\/wp-content\/uploads\/2024\/05\/typical-frequency-response_ecm-b6027al-smd-40.png 590w, https:\/\/ecmicrophones.com\/wp-content\/uploads\/2024\/05\/typical-frequency-response_ecm-b6027al-smd-40-300x104.png 300w, https:\/\/ecmicrophones.com\/wp-content\/uploads\/2024\/05\/typical-frequency-response_ecm-b6027al-smd-40-18x6.png 18w\" sizes=\"auto, (max-width: 590px) 100vw, 590px\" \/><\/p>\n<p>La respuesta en frecuencia abarca de 50 Hz a 16 kHz, con una respuesta plana que aumenta cerca de 4 kHz y disminuye alrededor de 14 kHz. Perfil de curva similar al del ECM-B6027AL42, con una ligera variaci\u00f3n de la sensibilidad.<\/p>\n<h3 class=\"pt-5 text-start\">Dimensiones (UNIDAD: mm)<\/h3>\n<p><img loading=\"lazy\" decoding=\"async\" class=\"alignnone size-full wp-image-536\" src=\"https:\/\/ecmicrophones.com\/wp-content\/uploads\/2024\/05\/appearance-dimension_ecm-b6027al-smd-40.png\" alt=\"Dimensi\u00f3n de apariencia\" width=\"559\" height=\"549\" srcset=\"https:\/\/ecmicrophones.com\/wp-content\/uploads\/2024\/05\/appearance-dimension_ecm-b6027al-smd-40.png 559w, https:\/\/ecmicrophones.com\/wp-content\/uploads\/2024\/05\/appearance-dimension_ecm-b6027al-smd-40-300x295.png 300w, https:\/\/ecmicrophones.com\/wp-content\/uploads\/2024\/05\/appearance-dimension_ecm-b6027al-smd-40-12x12.png 12w\" sizes=\"auto, (max-width: 559px) 100vw, 559px\" \/><\/p>\n<p>Di\u00e1metro: 6 mm; altura: 2,7 mm. Micr\u00f3fono de condensador electret de superficie.<\/p>","protected":false},"excerpt":{"rendered":"<p>El ECM-B6027AL-SMD-40 es un micr\u00f3fono SMD de 6 \u00d7 2,7 mm dise\u00f1ado para altavoces inteligentes. Con directividad omnidireccional y una sensibilidad de -40 dB\u00b13, proporciona una captura de sonido clara y fiable.<\/p>","protected":false},"featured_media":2439,"comment_status":"open","ping_status":"closed","template":"","meta":[],"product_brand":[721],"product_cat":[18],"product_tag":[283,229],"class_list":{"0":"post-533","1":"product","2":"type-product","3":"status-publish","4":"has-post-thumbnail","6":"product_brand-ecmic","7":"product_cat-smd-microphones","8":"product_tag-6mm","9":"product_tag-equipment","11":"first","12":"instock","13":"shipping-taxable","14":"purchasable","15":"product-type-simple"},"_links":{"self":[{"href":"https:\/\/ecmicrophones.com\/es\/wp-json\/wp\/v2\/product\/533","targetHints":{"allow":["GET"]}}],"collection":[{"href":"https:\/\/ecmicrophones.com\/es\/wp-json\/wp\/v2\/product"}],"about":[{"href":"https:\/\/ecmicrophones.com\/es\/wp-json\/wp\/v2\/types\/product"}],"replies":[{"embeddable":true,"href":"https:\/\/ecmicrophones.com\/es\/wp-json\/wp\/v2\/comments?post=533"}],"wp:featuredmedia":[{"embeddable":true,"href":"https:\/\/ecmicrophones.com\/es\/wp-json\/wp\/v2\/media\/2439"}],"wp:attachment":[{"href":"https:\/\/ecmicrophones.com\/es\/wp-json\/wp\/v2\/media?parent=533"}],"wp:term":[{"taxonomy":"product_brand","embeddable":true,"href":"https:\/\/ecmicrophones.com\/es\/wp-json\/wp\/v2\/product_brand?post=533"},{"taxonomy":"product_cat","embeddable":true,"href":"https:\/\/ecmicrophones.com\/es\/wp-json\/wp\/v2\/product_cat?post=533"},{"taxonomy":"product_tag","embeddable":true,"href":"https:\/\/ecmicrophones.com\/es\/wp-json\/wp\/v2\/product_tag?post=533"}],"curies":[{"name":"wp","href":"https:\/\/api.w.org\/{rel}","templated":true}]}}