{"id":540,"date":"2024-05-10T02:46:12","date_gmt":"2024-05-10T02:46:12","guid":{"rendered":"https:\/\/ecmicrophones.com\/?post_type=product&#038;p=540"},"modified":"2026-03-19T15:43:27","modified_gmt":"2026-03-19T07:43:27","slug":"digital-mems-microphone-for-tablet","status":"publish","type":"product","link":"https:\/\/ecmicrophones.com\/es\/digital-mems-microphone-for-tablet\/","title":{"rendered":"Micr\u00f3fono MEMS compacto PDM - Dispositivos inteligentes e IoT"},"content":{"rendered":"<h2 class=\"text-start\">Especificaciones t\u00e9cnicas<\/h2>\n<p class=\"text-start\">El ECM-M4030-2961D es un micr\u00f3fono MEMS de salida digital PDM, de alta sensibilidad y bajo consumo, dise\u00f1ado para aplicaciones que requieren una captura de audio de alta fidelidad y reconocimiento de voz en campo lejano. Con una excelente relaci\u00f3n se\u00f1al-ruido (SNR) de 61 dB y un consumo de corriente ultrabajo de 0,54 mA, es ideal para dispositivos port\u00e1tiles que funcionan con bater\u00eda. Su sensibilidad de -29 dBFS \u00b13 dB permite la captura de sonidos sutiles incluso en escenarios de campo lejano. Un amplio rango de voltaje de funcionamiento (1,6 V \u2013 3,6 V) y un PSR de -90 dB proporcionan un funcionamiento estable en diversos entornos de alimentaci\u00f3n. Su dise\u00f1o compacto de 4,00 mm x 3,00 mm x 1,10 mm facilita su integraci\u00f3n en dispositivos dom\u00e9sticos inteligentes, dispositivos port\u00e1tiles y aplicaciones de IoT.<\/p>\n<h3 class=\"text-start\">Escenarios de aplicaci\u00f3n<\/h3>\n<ul class=\"list-unstyled text-start\">\n<li><i class=\"fa fa-check-circle me-2 text-primary\"><\/i>Dispositivos dom\u00e9sticos inteligentes, como altavoces y bombillas inteligentes, para control por voz de campo lejano y detecci\u00f3n de sonido ambiente.<\/li>\n<li><i class=\"fa fa-check-circle me-2 text-primary\"><\/i>Dispositivos port\u00e1tiles, como relojes inteligentes y auriculares, donde su bajo consumo y tama\u00f1o compacto son ideales.<\/li>\n<li><i class=\"fa fa-check-circle me-2 text-primary\"><\/i>Dispositivos IoT, incluidos sensores inteligentes y sistemas de seguridad, que permiten la supervisi\u00f3n remota y la interacci\u00f3n por voz.<\/li>\n<\/ul>\n<h3 class=\"pt-5 text-start\">Circuito de interfaz recomendado<\/h3>\n<p><img loading=\"lazy\" decoding=\"async\" class=\"alignnone size-full wp-image-541\" src=\"https:\/\/ecmicrophones.com\/wp-content\/uploads\/2024\/05\/standard-test-circuit_ecm-m4030-2961d.png\" alt=\"Circuito de prueba est\u00e1ndar\" width=\"588\" height=\"356\" srcset=\"https:\/\/ecmicrophones.com\/wp-content\/uploads\/2024\/05\/standard-test-circuit_ecm-m4030-2961d.png 588w, https:\/\/ecmicrophones.com\/wp-content\/uploads\/2024\/05\/standard-test-circuit_ecm-m4030-2961d-300x182.png 300w, https:\/\/ecmicrophones.com\/wp-content\/uploads\/2024\/05\/standard-test-circuit_ecm-m4030-2961d-18x12.png 18w\" sizes=\"auto, (max-width: 588px) 100vw, 588px\" \/><\/p>\n<h3 class=\"pt-5 text-start\">Curva de respuesta en frecuencia<\/h3>\n<p><img loading=\"lazy\" decoding=\"async\" class=\"alignnone size-full wp-image-542\" src=\"https:\/\/ecmicrophones.com\/wp-content\/uploads\/2024\/05\/typical-frequency-response_ecm-m4030-2961d.png\" alt=\"Respuesta de frecuencia t\u00edpica\" width=\"868\" height=\"473\" srcset=\"https:\/\/ecmicrophones.com\/wp-content\/uploads\/2024\/05\/typical-frequency-response_ecm-m4030-2961d.png 868w, https:\/\/ecmicrophones.com\/wp-content\/uploads\/2024\/05\/typical-frequency-response_ecm-m4030-2961d-300x163.png 300w, https:\/\/ecmicrophones.com\/wp-content\/uploads\/2024\/05\/typical-frequency-response_ecm-m4030-2961d-768x419.png 768w, https:\/\/ecmicrophones.com\/wp-content\/uploads\/2024\/05\/typical-frequency-response_ecm-m4030-2961d-18x10.png 18w, https:\/\/ecmicrophones.com\/wp-content\/uploads\/2024\/05\/typical-frequency-response_ecm-m4030-2961d-600x327.png 600w\" sizes=\"auto, (max-width: 868px) 100vw, 868px\" \/><\/p>\n<h3 class=\"pt-5 text-start\">Dimensiones (UNIDAD: mm)<\/h3>\n<p><img loading=\"lazy\" decoding=\"async\" class=\"alignnone size-full wp-image-2983\" src=\"https:\/\/ecmicrophones.com\/wp-content\/uploads\/2024\/05\/appearance-dimension_ecm-m4030-2961d-1.png\" alt=\"Dimensi\u00f3n de apariencia\" width=\"624\" height=\"323\" srcset=\"https:\/\/ecmicrophones.com\/wp-content\/uploads\/2024\/05\/appearance-dimension_ecm-m4030-2961d-1.png 624w, https:\/\/ecmicrophones.com\/wp-content\/uploads\/2024\/05\/appearance-dimension_ecm-m4030-2961d-1-300x155.png 300w, https:\/\/ecmicrophones.com\/wp-content\/uploads\/2024\/05\/appearance-dimension_ecm-m4030-2961d-1-18x9.png 18w, https:\/\/ecmicrophones.com\/wp-content\/uploads\/2024\/05\/appearance-dimension_ecm-m4030-2961d-1-600x311.png 600w\" sizes=\"auto, (max-width: 624px) 100vw, 624px\" \/><\/p>","protected":false},"excerpt":{"rendered":"<p>Micr\u00f3fono MEMS con salida digital PDM de consumo ultrabajo, con una relaci\u00f3n se\u00f1al-ruido (SNR) de 61 dB y una sensibilidad de -29 dBFS. Consume solo 0,54 mA, lo que lo hace ideal para dispositivos alimentados por bater\u00eda. Tama\u00f1o compacto de 4,00 \u00d7 3,00 \u00d7 1,10 mm, perfecto para aplicaciones de hogar inteligente, dispositivos port\u00e1tiles y el Internet de las cosas (IoT).<\/p>","protected":false},"featured_media":2449,"comment_status":"open","ping_status":"closed","template":"","meta":[],"product_brand":[721],"product_cat":[19,92],"product_tag":[410,707,699,701],"class_list":{"0":"post-540","1":"product","2":"type-product","3":"status-publish","4":"has-post-thumbnail","6":"product_brand-ecmic","7":"product_cat-mems-microphones","8":"product_cat-digital-microphones","9":"product_tag-high-snr","10":"product_tag-low-power","11":"product_tag-mems-mics","12":"product_tag-pdm-mics","14":"first","15":"instock","16":"shipping-taxable","17":"purchasable","18":"product-type-simple"},"_links":{"self":[{"href":"https:\/\/ecmicrophones.com\/es\/wp-json\/wp\/v2\/product\/540","targetHints":{"allow":["GET"]}}],"collection":[{"href":"https:\/\/ecmicrophones.com\/es\/wp-json\/wp\/v2\/product"}],"about":[{"href":"https:\/\/ecmicrophones.com\/es\/wp-json\/wp\/v2\/types\/product"}],"replies":[{"embeddable":true,"href":"https:\/\/ecmicrophones.com\/es\/wp-json\/wp\/v2\/comments?post=540"}],"wp:featuredmedia":[{"embeddable":true,"href":"https:\/\/ecmicrophones.com\/es\/wp-json\/wp\/v2\/media\/2449"}],"wp:attachment":[{"href":"https:\/\/ecmicrophones.com\/es\/wp-json\/wp\/v2\/media?parent=540"}],"wp:term":[{"taxonomy":"product_brand","embeddable":true,"href":"https:\/\/ecmicrophones.com\/es\/wp-json\/wp\/v2\/product_brand?post=540"},{"taxonomy":"product_cat","embeddable":true,"href":"https:\/\/ecmicrophones.com\/es\/wp-json\/wp\/v2\/product_cat?post=540"},{"taxonomy":"product_tag","embeddable":true,"href":"https:\/\/ecmicrophones.com\/es\/wp-json\/wp\/v2\/product_tag?post=540"}],"curies":[{"name":"wp","href":"https:\/\/api.w.org\/{rel}","templated":true}]}}