{"id":544,"date":"2024-05-10T02:57:34","date_gmt":"2024-05-10T02:57:34","guid":{"rendered":"https:\/\/ecmicrophones.com\/?post_type=product&#038;p=544"},"modified":"2026-03-19T15:43:37","modified_gmt":"2026-03-19T07:43:37","slug":"compact-analog-mems-silicon-microphone","status":"publish","type":"product","link":"https:\/\/ecmicrophones.com\/es\/compact-analog-mems-silicon-microphone\/","title":{"rendered":"Micr\u00f3fono MEMS anal\u00f3gico ultracompacto: alta sensibilidad y bajo consumo"},"content":{"rendered":"<h2 class=\"text-start\">Especificaciones t\u00e9cnicas<\/h2>\n<p class=\"text-start\">El ECM-M2718-4256M es un micr\u00f3fono MEMS anal\u00f3gico ultracompacto dise\u00f1ado para dispositivos electr\u00f3nicos de consumo con limitaciones de espacio. Con una sensibilidad de -42 dBV\/Pa \u00b13 dB y una relaci\u00f3n se\u00f1al-ruido (SNR) de 56 dB, ofrece una captura de audio confiable en un formato min\u00fasculo. Su punto de sobrecarga ac\u00fastica de 130 dB SPL garantiza una grabaci\u00f3n sin distorsiones incluso en entornos con mucho ruido. El voltaje de funcionamiento oscila entre 1,5 V y 3,6 V, lo que lo hace ideal para dispositivos alimentados por bater\u00eda. El micr\u00f3fono cuenta con una s\u00f3lida protecci\u00f3n contra descargas electrost\u00e1ticas (\u00b18 kV de contacto) y una excelente inmunidad a las interferencias de radiofrecuencia para un rendimiento confiable en entornos dif\u00edciles. Con unas dimensiones de tan solo 2,75 mm x 1,85 mm x 0,95 mm, es uno de los micr\u00f3fonos MEMS m\u00e1s peque\u00f1os del mercado, perfecto para dispositivos port\u00e1tiles, c\u00e1maras y productos electr\u00f3nicos port\u00e1tiles.<\/p>\n<h3 class=\"text-start\">Escenarios de aplicaci\u00f3n<\/h3>\n<ul class=\"list-unstyled text-start\">\n<li><i class=\"fa fa-check-circle me-2 text-primary\"><\/i>Dispositivos port\u00e1tiles: Su tama\u00f1o ultracompacto y su bajo consumo lo hacen ideal para smartwatches, rastreadores de fitness y otros dispositivos wearables.<\/li>\n<li><i class=\"fa fa-check-circle me-2 text-primary\"><\/i>C\u00e1maras: Adecuado para c\u00e1maras de seguridad, c\u00e1maras de acci\u00f3n y otros dispositivos que requieren un audio claro en entornos ruidosos.<\/li>\n<li><i class=\"fa fa-check-circle me-2 text-primary\"><\/i>Electr\u00f3nica port\u00e1til: Su alta sensibilidad e inmunidad a RF lo hacen perfecto para smartphones, tabletas y otros dispositivos port\u00e1tiles.<\/li>\n<\/ul>\n<h3 class=\"pt-5 text-start\">Circuito de interfaz recomendado<\/h3>\n<p><img loading=\"lazy\" decoding=\"async\" class=\"alignnone size-full wp-image-709\" src=\"https:\/\/ecmicrophones.com\/wp-content\/uploads\/2024\/05\/standard-test-circuit_ecm-m2718-4256m.png\" alt=\"Circuito de prueba est\u00e1ndar\" width=\"414\" height=\"236\" srcset=\"https:\/\/ecmicrophones.com\/wp-content\/uploads\/2024\/05\/standard-test-circuit_ecm-m2718-4256m.png 414w, https:\/\/ecmicrophones.com\/wp-content\/uploads\/2024\/05\/standard-test-circuit_ecm-m2718-4256m-300x171.png 300w, https:\/\/ecmicrophones.com\/wp-content\/uploads\/2024\/05\/standard-test-circuit_ecm-m2718-4256m-18x10.png 18w\" sizes=\"auto, (max-width: 414px) 100vw, 414px\" \/><\/p>\n<h3 class=\"pt-5 text-start\">Curva de respuesta en frecuencia<\/h3>\n<p><img loading=\"lazy\" decoding=\"async\" class=\"alignnone size-full wp-image-710\" src=\"https:\/\/ecmicrophones.com\/wp-content\/uploads\/2024\/05\/typical-frequency-response_ecm-m2718-4256m.png\" alt=\"Respuesta de frecuencia t\u00edpica\" width=\"561\" height=\"354\" srcset=\"https:\/\/ecmicrophones.com\/wp-content\/uploads\/2024\/05\/typical-frequency-response_ecm-m2718-4256m.png 561w, https:\/\/ecmicrophones.com\/wp-content\/uploads\/2024\/05\/typical-frequency-response_ecm-m2718-4256m-300x189.png 300w, https:\/\/ecmicrophones.com\/wp-content\/uploads\/2024\/05\/typical-frequency-response_ecm-m2718-4256m-18x12.png 18w\" sizes=\"auto, (max-width: 561px) 100vw, 561px\" \/><\/p>\n<h3 class=\"pt-5 text-start\">Dimensiones (UNIDAD: mm)<\/h3>\n<p><img loading=\"lazy\" decoding=\"async\" class=\"alignnone size-full wp-image-708\" src=\"https:\/\/ecmicrophones.com\/wp-content\/uploads\/2024\/05\/appearance-dimension_ecm-m2718-4256m.png\" alt=\"Dimensi\u00f3n de apariencia\" width=\"615\" height=\"295\" srcset=\"https:\/\/ecmicrophones.com\/wp-content\/uploads\/2024\/05\/appearance-dimension_ecm-m2718-4256m.png 615w, https:\/\/ecmicrophones.com\/wp-content\/uploads\/2024\/05\/appearance-dimension_ecm-m2718-4256m-300x144.png 300w, https:\/\/ecmicrophones.com\/wp-content\/uploads\/2024\/05\/appearance-dimension_ecm-m2718-4256m-18x9.png 18w, https:\/\/ecmicrophones.com\/wp-content\/uploads\/2024\/05\/appearance-dimension_ecm-m2718-4256m-600x288.png 600w\" sizes=\"auto, (max-width: 615px) 100vw, 615px\" \/><\/p>","protected":false},"excerpt":{"rendered":"<p>Micr\u00f3fono anal\u00f3gico MEMS ultracompacto con una sensibilidad de -42 dBV\/Pa, una relaci\u00f3n se\u00f1al-ruido (SNR) de 56 dB y un rango din\u00e1mico (AOP) de 130 dB. Peque\u00f1o paquete de 2,75 \u00d7 1,85 \u00d7 0,95 mm, ideal para dispositivos port\u00e1tiles, c\u00e1maras y aparatos electr\u00f3nicos port\u00e1tiles.<\/p>","protected":false},"featured_media":2443,"comment_status":"open","ping_status":"closed","template":"","meta":[],"product_brand":[721],"product_cat":[19,91],"product_tag":[708,710,699,711,713],"class_list":{"0":"post-544","1":"product","2":"type-product","3":"status-publish","4":"has-post-thumbnail","6":"product_brand-ecmic","7":"product_cat-mems-microphones","8":"product_cat-analog-microphones","9":"product_tag-analog","10":"product_tag-high-aop","11":"product_tag-mems-mics","12":"product_tag-rf-immunity","13":"product_tag-ultra-compact","15":"first","16":"instock","17":"shipping-taxable","18":"purchasable","19":"product-type-simple"},"_links":{"self":[{"href":"https:\/\/ecmicrophones.com\/es\/wp-json\/wp\/v2\/product\/544","targetHints":{"allow":["GET"]}}],"collection":[{"href":"https:\/\/ecmicrophones.com\/es\/wp-json\/wp\/v2\/product"}],"about":[{"href":"https:\/\/ecmicrophones.com\/es\/wp-json\/wp\/v2\/types\/product"}],"replies":[{"embeddable":true,"href":"https:\/\/ecmicrophones.com\/es\/wp-json\/wp\/v2\/comments?post=544"}],"wp:featuredmedia":[{"embeddable":true,"href":"https:\/\/ecmicrophones.com\/es\/wp-json\/wp\/v2\/media\/2443"}],"wp:attachment":[{"href":"https:\/\/ecmicrophones.com\/es\/wp-json\/wp\/v2\/media?parent=544"}],"wp:term":[{"taxonomy":"product_brand","embeddable":true,"href":"https:\/\/ecmicrophones.com\/es\/wp-json\/wp\/v2\/product_brand?post=544"},{"taxonomy":"product_cat","embeddable":true,"href":"https:\/\/ecmicrophones.com\/es\/wp-json\/wp\/v2\/product_cat?post=544"},{"taxonomy":"product_tag","embeddable":true,"href":"https:\/\/ecmicrophones.com\/es\/wp-json\/wp\/v2\/product_tag?post=544"}],"curies":[{"name":"wp","href":"https:\/\/api.w.org\/{rel}","templated":true}]}}