{"id":548,"date":"2024-05-10T03:18:31","date_gmt":"2024-05-10T03:18:31","guid":{"rendered":"https:\/\/ecmicrophones.com\/?post_type=product&#038;p=548"},"modified":"2026-03-19T15:43:46","modified_gmt":"2026-03-19T07:43:46","slug":"tws-earbuds-microphone-analog-mems","status":"publish","type":"product","link":"https:\/\/ecmicrophones.com\/es\/tws-earbuds-microphone-analog-mems\/","title":{"rendered":"Soluci\u00f3n MEMS de bajo consumo para captar la voz con nitidez"},"content":{"rendered":"<h2 class=\"text-start\">Especificaciones t\u00e9cnicas<\/h2>\n<p class=\"text-start\">El ECM-M3729T421 es un micr\u00f3fono MEMS anal\u00f3gico de puerto superior de alto rendimiento dise\u00f1ado para aplicaciones de audio exigentes. Con una sensibilidad de -42 dBV\/Pa \u00b11 dB y una relaci\u00f3n se\u00f1al-ruido (SNR) de 58 dB, ofrece una captura de audio n\u00edtida y consistente en un amplio rango din\u00e1mico. Su punto de sobrecarga ac\u00fastica de 132 dB SPL, l\u00edder en la industria, garantiza una grabaci\u00f3n sin distorsiones incluso en entornos con mucho ruido. El micr\u00f3fono cuenta con una excelente inmunidad a la radiofrecuencia, lo que reduce las interferencias en las proximidades de antenas. El voltaje de funcionamiento oscila entre 1,6 V y 3,6 V, lo que lo hace ideal para dispositivos alimentados por bater\u00eda. El paquete compacto de 3,76 mm x 2,95 mm x 1,10 mm se adapta f\u00e1cilmente a dise\u00f1os con limitaciones de espacio, al tiempo que mantiene un rendimiento confiable de -40 \u00b0C a +100 \u00b0C.<\/p>\n<h3 class=\"text-start\">Escenarios de aplicaci\u00f3n<\/h3>\n<ul class=\"list-unstyled text-start\">\n<li><i class=\"fa fa-check-circle me-2 text-primary\"><\/i>Tel\u00e9fonos inteligentes y tabletas: la alta inmunidad a las radiofrecuencias y un amplio rango din\u00e1mico garantizan llamadas claras y grabaciones precisas en las proximidades de antenas.<\/li>\n<li><i class=\"fa fa-check-circle me-2 text-primary\"><\/i>Matrices de micr\u00f3fonos: su excelente consistencia de fase y su estrecha tolerancia de sensibilidad los hacen ideales para la formaci\u00f3n de haces y la cancelaci\u00f3n de ruido en altavoces inteligentes.<\/li>\n<li><i class=\"fa fa-check-circle me-2 text-primary\"><\/i>Grabaci\u00f3n profesional y c\u00e1maras: los 132 dB AOP permiten grabar sin distorsiones conciertos y entornos con mucho volumen.<\/li>\n<\/ul>\n<h3 class=\"pt-5 text-start\">Circuito de interfaz recomendado<\/h3>\n<p><img loading=\"lazy\" decoding=\"async\" class=\"alignnone wp-image-4001 size-full\" src=\"https:\/\/ecmicrophones.com\/wp-content\/uploads\/2024\/05\/standard-test-circuit_m3729t421.png\" alt=\"Circuito de prueba est\u00e1ndar\" width=\"450\" height=\"240\" srcset=\"https:\/\/ecmicrophones.com\/wp-content\/uploads\/2024\/05\/standard-test-circuit_m3729t421.png 450w, https:\/\/ecmicrophones.com\/wp-content\/uploads\/2024\/05\/standard-test-circuit_m3729t421-300x160.png 300w, https:\/\/ecmicrophones.com\/wp-content\/uploads\/2024\/05\/standard-test-circuit_m3729t421-18x10.png 18w\" sizes=\"auto, (max-width: 450px) 100vw, 450px\" \/><\/p>\n<h3 class=\"pt-5 text-start\">Curva de respuesta en frecuencia<\/h3>\n<p><img loading=\"lazy\" decoding=\"async\" class=\"alignnone wp-image-4002 size-full\" src=\"https:\/\/ecmicrophones.com\/wp-content\/uploads\/2024\/05\/typical-frequency-response_ecm-m3729t421.png\" alt=\"Respuesta de frecuencia t\u00edpica\" width=\"480\" height=\"290\" srcset=\"https:\/\/ecmicrophones.com\/wp-content\/uploads\/2024\/05\/typical-frequency-response_ecm-m3729t421.png 480w, https:\/\/ecmicrophones.com\/wp-content\/uploads\/2024\/05\/typical-frequency-response_ecm-m3729t421-300x181.png 300w, https:\/\/ecmicrophones.com\/wp-content\/uploads\/2024\/05\/typical-frequency-response_ecm-m3729t421-18x12.png 18w\" sizes=\"auto, (max-width: 480px) 100vw, 480px\" \/><\/p>\n<h3 class=\"pt-5 text-start\">Dimensiones (UNIDAD: mm)<\/h3>\n<p><img loading=\"lazy\" decoding=\"async\" class=\"alignnone wp-image-4003 size-full\" src=\"https:\/\/ecmicrophones.com\/wp-content\/uploads\/2024\/05\/appearance-dimension_ecm-m3729t421.png\" alt=\"Dimensi\u00f3n de apariencia\" width=\"600\" height=\"280\" srcset=\"https:\/\/ecmicrophones.com\/wp-content\/uploads\/2024\/05\/appearance-dimension_ecm-m3729t421.png 600w, https:\/\/ecmicrophones.com\/wp-content\/uploads\/2024\/05\/appearance-dimension_ecm-m3729t421-300x140.png 300w, https:\/\/ecmicrophones.com\/wp-content\/uploads\/2024\/05\/appearance-dimension_ecm-m3729t421-18x8.png 18w\" sizes=\"auto, (max-width: 600px) 100vw, 600px\" \/><\/p>","protected":false},"excerpt":{"rendered":"<p>Micr\u00f3fono MEMS anal\u00f3gico de alto rendimiento con una sensibilidad de -42 dBV\/Pa \u00b11 dB, una relaci\u00f3n se\u00f1al-ruido (SNR) de 58 dB y un rango din\u00e1mico (AOP) de 132 dB. Ofrece una inmunidad a las interferencias de radiofrecuencia (RF) excepcional y una gran uniformidad entre unidades, ideal para tel\u00e9fonos inteligentes, tabletas y conjuntos de micr\u00f3fonos.<\/p>","protected":false},"featured_media":3995,"comment_status":"open","ping_status":"closed","template":"","meta":[],"product_brand":[721],"product_cat":[19,91],"product_tag":[708,712,710,699,711,709],"class_list":{"0":"post-548","1":"product","2":"type-product","3":"status-publish","4":"has-post-thumbnail","6":"product_brand-ecmic","7":"product_cat-mems-microphones","8":"product_cat-analog-microphones","9":"product_tag-analog","10":"product_tag-hd-voice","11":"product_tag-high-aop","12":"product_tag-mems-mics","13":"product_tag-rf-immunity","14":"product_tag-top-port","16":"first","17":"instock","18":"shipping-taxable","19":"purchasable","20":"product-type-simple"},"_links":{"self":[{"href":"https:\/\/ecmicrophones.com\/es\/wp-json\/wp\/v2\/product\/548","targetHints":{"allow":["GET"]}}],"collection":[{"href":"https:\/\/ecmicrophones.com\/es\/wp-json\/wp\/v2\/product"}],"about":[{"href":"https:\/\/ecmicrophones.com\/es\/wp-json\/wp\/v2\/types\/product"}],"replies":[{"embeddable":true,"href":"https:\/\/ecmicrophones.com\/es\/wp-json\/wp\/v2\/comments?post=548"}],"wp:featuredmedia":[{"embeddable":true,"href":"https:\/\/ecmicrophones.com\/es\/wp-json\/wp\/v2\/media\/3995"}],"wp:attachment":[{"href":"https:\/\/ecmicrophones.com\/es\/wp-json\/wp\/v2\/media?parent=548"}],"wp:term":[{"taxonomy":"product_brand","embeddable":true,"href":"https:\/\/ecmicrophones.com\/es\/wp-json\/wp\/v2\/product_brand?post=548"},{"taxonomy":"product_cat","embeddable":true,"href":"https:\/\/ecmicrophones.com\/es\/wp-json\/wp\/v2\/product_cat?post=548"},{"taxonomy":"product_tag","embeddable":true,"href":"https:\/\/ecmicrophones.com\/es\/wp-json\/wp\/v2\/product_tag?post=548"}],"curies":[{"name":"wp","href":"https:\/\/api.w.org\/{rel}","templated":true}]}}