{"id":570,"date":"2024-05-10T09:24:22","date_gmt":"2024-05-10T09:24:22","guid":{"rendered":"https:\/\/ecmicrophones.com\/?post_type=product&#038;p=570"},"modified":"2026-03-19T15:38:42","modified_gmt":"2026-03-19T07:38:42","slug":"9-7mm-cardioid-electret-microphone-insert-for-ktv-karaoke","status":"publish","type":"product","link":"https:\/\/ecmicrophones.com\/es\/9-7mm-cardioid-electret-microphone-insert-for-ktv-karaoke\/","title":{"rendered":"Inserto de micr\u00f3fono electret cardioide de 9,7 mm para karaoke KTV"},"content":{"rendered":"<h2 class=\"text-start\">Especificaciones t\u00e9cnicas<\/h2>\n<p class=\"text-start\">Nuestro cabezal de micr\u00f3fono 9750, tambi\u00e9n conocido como n\u00facleo de micr\u00f3fono K-song, es un micr\u00f3fono de 9 mm con condensadores dobles para un eficaz aislamiento de las interferencias de RF. Utiliza un JFET RF coreano estable y fiable para un rendimiento y una durabilidad mejorados.<\/p>\n<h3 class=\"pt-5 text-start\">Circuito de prueba est\u00e1ndar<\/h3>\n<p><img loading=\"lazy\" decoding=\"async\" class=\"alignnone size-full wp-image-571\" src=\"https:\/\/ecmicrophones.com\/wp-content\/uploads\/2024\/05\/standard-test-circuit_ecm-f9750ul-47.png\" alt=\"Circuito de prueba est\u00e1ndar\" width=\"570\" height=\"251\" srcset=\"https:\/\/ecmicrophones.com\/wp-content\/uploads\/2024\/05\/standard-test-circuit_ecm-f9750ul-47.png 570w, https:\/\/ecmicrophones.com\/wp-content\/uploads\/2024\/05\/standard-test-circuit_ecm-f9750ul-47-300x132.png 300w, https:\/\/ecmicrophones.com\/wp-content\/uploads\/2024\/05\/standard-test-circuit_ecm-f9750ul-47-18x8.png 18w\" sizes=\"auto, (max-width: 570px) 100vw, 570px\" \/> <\/p>\n<p>Probado bajo configuraci\u00f3n RL=680\u03a9, VS=1,5V y C=1\u03bcF para verificaci\u00f3n de rendimiento est\u00e1ndar.<\/p>\n<h3 class=\"pt-5 text-start\">Respuesta de frecuencia t\u00edpica<\/h3>\n<p><img loading=\"lazy\" decoding=\"async\" class=\"alignnone size-full wp-image-573\" src=\"https:\/\/ecmicrophones.com\/wp-content\/uploads\/2024\/05\/typical-frequency-response_ecm-f9750ul-47.png\" alt=\"Respuesta de frecuencia t\u00edpica\" width=\"627\" height=\"264\" srcset=\"https:\/\/ecmicrophones.com\/wp-content\/uploads\/2024\/05\/typical-frequency-response_ecm-f9750ul-47.png 627w, https:\/\/ecmicrophones.com\/wp-content\/uploads\/2024\/05\/typical-frequency-response_ecm-f9750ul-47-300x126.png 300w, https:\/\/ecmicrophones.com\/wp-content\/uploads\/2024\/05\/typical-frequency-response_ecm-f9750ul-47-18x8.png 18w, https:\/\/ecmicrophones.com\/wp-content\/uploads\/2024\/05\/typical-frequency-response_ecm-f9750ul-47-600x253.png 600w\" sizes=\"auto, (max-width: 627px) 100vw, 627px\" \/> <\/p>\n<p>La respuesta sube de 100 Hz a unos 800 Hz, se mantiene relativamente plana y alcanza un pico cerca de 3 kHz antes de disminuir gradualmente hacia 12 kHz.<\/p>\n<h3 class=\"pt-5 text-start\">Dimensiones (UNIDAD: mm)<\/h3>\n<p><img loading=\"lazy\" decoding=\"async\" class=\"alignnone size-full wp-image-572\" src=\"https:\/\/ecmicrophones.com\/wp-content\/uploads\/2024\/05\/appearance-dimension_ecm-f9750ul-47.png\" alt=\"Dimensi\u00f3n de apariencia\" width=\"583\" height=\"468\" srcset=\"https:\/\/ecmicrophones.com\/wp-content\/uploads\/2024\/05\/appearance-dimension_ecm-f9750ul-47.png 583w, https:\/\/ecmicrophones.com\/wp-content\/uploads\/2024\/05\/appearance-dimension_ecm-f9750ul-47-300x241.png 300w, https:\/\/ecmicrophones.com\/wp-content\/uploads\/2024\/05\/appearance-dimension_ecm-f9750ul-47-15x12.png 15w\" sizes=\"auto, (max-width: 583px) 100vw, 583px\" \/> <\/p>\n<p>La c\u00e1psula del micr\u00f3fono mide 9,7 mm de di\u00e1metro y 5,0 mm de altura, con una malla antipolvo frontal y un puerto ac\u00fastico trasero para una captura de sonido n\u00edtida.<\/p>","protected":false},"excerpt":{"rendered":"<p>La ECM-F9750UL-47 es una c\u00e1psula de micr\u00f3fono unidireccional de 9,7 \u00d7 5 mm dise\u00f1ada para cabezales de micr\u00f3fono personalizados en productos como sistemas de karaoke y micr\u00f3fonos Bluetooth. Con una sensibilidad de -47 dB \u00b1 2 y una relaci\u00f3n se\u00f1al\/ruido de 55 dB, garantiza un rendimiento de audio confiable.<\/p>","protected":false},"featured_media":2596,"comment_status":"open","ping_status":"closed","template":"","meta":[],"product_brand":[721],"product_cat":[16,21],"product_tag":[282,288,116],"class_list":{"0":"post-570","1":"product","2":"type-product","3":"status-publish","4":"has-post-thumbnail","6":"product_brand-ecmic","7":"product_cat-electret-microphones","8":"product_cat-unidirectional-microphones","9":"product_tag-9-7mm","10":"product_tag-solder-pads","11":"product_tag-vocal","13":"first","14":"instock","15":"shipping-taxable","16":"purchasable","17":"product-type-simple"},"_links":{"self":[{"href":"https:\/\/ecmicrophones.com\/es\/wp-json\/wp\/v2\/product\/570","targetHints":{"allow":["GET"]}}],"collection":[{"href":"https:\/\/ecmicrophones.com\/es\/wp-json\/wp\/v2\/product"}],"about":[{"href":"https:\/\/ecmicrophones.com\/es\/wp-json\/wp\/v2\/types\/product"}],"replies":[{"embeddable":true,"href":"https:\/\/ecmicrophones.com\/es\/wp-json\/wp\/v2\/comments?post=570"}],"wp:featuredmedia":[{"embeddable":true,"href":"https:\/\/ecmicrophones.com\/es\/wp-json\/wp\/v2\/media\/2596"}],"wp:attachment":[{"href":"https:\/\/ecmicrophones.com\/es\/wp-json\/wp\/v2\/media?parent=570"}],"wp:term":[{"taxonomy":"product_brand","embeddable":true,"href":"https:\/\/ecmicrophones.com\/es\/wp-json\/wp\/v2\/product_brand?post=570"},{"taxonomy":"product_cat","embeddable":true,"href":"https:\/\/ecmicrophones.com\/es\/wp-json\/wp\/v2\/product_cat?post=570"},{"taxonomy":"product_tag","embeddable":true,"href":"https:\/\/ecmicrophones.com\/es\/wp-json\/wp\/v2\/product_tag?post=570"}],"curies":[{"name":"wp","href":"https:\/\/api.w.org\/{rel}","templated":true}]}}