{"id":576,"date":"2024-05-10T09:23:27","date_gmt":"2024-05-10T09:23:27","guid":{"rendered":"https:\/\/ecmicrophones.com\/?post_type=product&#038;p=576"},"modified":"2026-03-19T15:44:11","modified_gmt":"2026-03-19T07:44:11","slug":"9-7mm-figure-8-element-microphone-cartridge","status":"publish","type":"product","link":"https:\/\/ecmicrophones.com\/es\/9-7mm-figure-8-element-microphone-cartridge\/","title":{"rendered":"Cartucho de micr\u00f3fono con elemento figura 8 de 9,7 mm"},"content":{"rendered":"<h2 class=\"text-start\">Especificaciones t\u00e9cnicas<\/h2>\n<p class=\"text-start\">Nuestro n\u00facleo de micr\u00f3fono con cancelaci\u00f3n de ruido bidireccional 9750, dise\u00f1ado espec\u00edficamente para auriculares, cuenta con condensadores duales para un blindaje eficaz contra las se\u00f1ales de interferencia de RF. Su estructura bidireccional tambi\u00e9n bloquea eficazmente el ruido ambiental, lo que garantiza una transmisi\u00f3n de audio clara e ininterrumpida.<\/p>\n<h3 class=\"pt-5 text-start\">Circuito de prueba est\u00e1ndar<\/h3>\n<p><img loading=\"lazy\" decoding=\"async\" src=\"https:\/\/ecmicrophones.com\/wp-content\/uploads\/2024\/05\/standard-test-circuit_ecm-f9750nl-48.png\" alt=\"Circuito de prueba est\u00e1ndar\" width=\"486\" height=\"210\" class=\"alignnone size-full wp-image-578\" srcset=\"https:\/\/ecmicrophones.com\/wp-content\/uploads\/2024\/05\/standard-test-circuit_ecm-f9750nl-48.png 486w, https:\/\/ecmicrophones.com\/wp-content\/uploads\/2024\/05\/standard-test-circuit_ecm-f9750nl-48-300x130.png 300w, https:\/\/ecmicrophones.com\/wp-content\/uploads\/2024\/05\/standard-test-circuit_ecm-f9750nl-48-18x8.png 18w\" sizes=\"auto, (max-width: 486px) 100vw, 486px\" \/><\/p>\n<p>Condiciones de prueba: Resistencia de carga (RL) = 680\u03a9, Tensi\u00f3n de alimentaci\u00f3n (VS) = 1,5V, Condensador de acoplamiento (C) = 1\u03bcF.<\/p>\n<h3 class=\"pt-5 text-start\">Respuesta de frecuencia t\u00edpica<\/h3>\n<p><img loading=\"lazy\" decoding=\"async\" src=\"https:\/\/ecmicrophones.com\/wp-content\/uploads\/2024\/05\/typical-frequency-response_ecm-f9750nl-48.png\" alt=\"Respuesta de frecuencia t\u00edpica\" width=\"640\" height=\"193\" class=\"alignnone size-full wp-image-579\" srcset=\"https:\/\/ecmicrophones.com\/wp-content\/uploads\/2024\/05\/typical-frequency-response_ecm-f9750nl-48.png 640w, https:\/\/ecmicrophones.com\/wp-content\/uploads\/2024\/05\/typical-frequency-response_ecm-f9750nl-48-300x90.png 300w, https:\/\/ecmicrophones.com\/wp-content\/uploads\/2024\/05\/typical-frequency-response_ecm-f9750nl-48-18x5.png 18w, https:\/\/ecmicrophones.com\/wp-content\/uploads\/2024\/05\/typical-frequency-response_ecm-f9750nl-48-600x181.png 600w\" sizes=\"auto, (max-width: 640px) 100vw, 640px\" \/><\/p>\n<p>\n  La curva de respuesta abarca de 100 Hz a 10 kHz. Permanece plana desde 100 Hz hasta aproximadamente 1,5 kHz, seguida de una notable subida. El pico se alcanza cerca de los 3 kHz antes de reducirse gradualmente. Este comportamiento en frecuencia es muy adecuado para los micr\u00f3fonos de diadema, ya que mejora la claridad de la voz a la vez que suprime el ruido de graves.\n<\/p>\n<h3 class=\"pt-5 text-start\">Dimensiones (UNIDAD: mm)<\/h3>\n<p><img loading=\"lazy\" decoding=\"async\" src=\"https:\/\/ecmicrophones.com\/wp-content\/uploads\/2024\/05\/appearance-dimension_ecm-f9750nl-48.png\" alt=\"Dimensi\u00f3n de apariencia\" width=\"595\" height=\"204\" class=\"alignnone size-full wp-image-577\" srcset=\"https:\/\/ecmicrophones.com\/wp-content\/uploads\/2024\/05\/appearance-dimension_ecm-f9750nl-48.png 595w, https:\/\/ecmicrophones.com\/wp-content\/uploads\/2024\/05\/appearance-dimension_ecm-f9750nl-48-300x103.png 300w, https:\/\/ecmicrophones.com\/wp-content\/uploads\/2024\/05\/appearance-dimension_ecm-f9750nl-48-18x6.png 18w\" sizes=\"auto, (max-width: 595px) 100vw, 595px\" \/><\/p>\n<p>\n  Di\u00e1metro: 9,7 mm; altura: 5,0 mm. La parte delantera incluye una malla antipolvo, mientras que la trasera est\u00e1 equipada con un puerto de sonido. Este modelo presenta un patr\u00f3n de captaci\u00f3n bidireccional, por lo que es ideal para micr\u00f3fonos de diadema con reducci\u00f3n de ruido.<\/p>","protected":false},"excerpt":{"rendered":"<p>El ECM-F9750NL-48 es una c\u00e1psula de micr\u00f3fono bidireccional de 9,7 \u00d7 5 mm adecuada para productos con auriculares de corto alcance y dispositivos similares. Con una sensibilidad de -48 dB \u00b1 2 y una relaci\u00f3n se\u00f1al\/ruido de 56 dB, proporciona una transmisi\u00f3n de audio clara.<\/p>","protected":false},"featured_media":2786,"comment_status":"open","ping_status":"closed","template":"","meta":[],"product_brand":[721],"product_cat":[16,22],"product_tag":[282,235,288],"class_list":{"0":"post-576","1":"product","2":"type-product","3":"status-publish","4":"has-post-thumbnail","6":"product_brand-ecmic","7":"product_cat-electret-microphones","8":"product_cat-bidirectional-microphones","9":"product_tag-9-7mm","10":"product_tag-conference","11":"product_tag-solder-pads","13":"first","14":"instock","15":"shipping-taxable","16":"purchasable","17":"product-type-simple"},"_links":{"self":[{"href":"https:\/\/ecmicrophones.com\/es\/wp-json\/wp\/v2\/product\/576","targetHints":{"allow":["GET"]}}],"collection":[{"href":"https:\/\/ecmicrophones.com\/es\/wp-json\/wp\/v2\/product"}],"about":[{"href":"https:\/\/ecmicrophones.com\/es\/wp-json\/wp\/v2\/types\/product"}],"replies":[{"embeddable":true,"href":"https:\/\/ecmicrophones.com\/es\/wp-json\/wp\/v2\/comments?post=576"}],"wp:featuredmedia":[{"embeddable":true,"href":"https:\/\/ecmicrophones.com\/es\/wp-json\/wp\/v2\/media\/2786"}],"wp:attachment":[{"href":"https:\/\/ecmicrophones.com\/es\/wp-json\/wp\/v2\/media?parent=576"}],"wp:term":[{"taxonomy":"product_brand","embeddable":true,"href":"https:\/\/ecmicrophones.com\/es\/wp-json\/wp\/v2\/product_brand?post=576"},{"taxonomy":"product_cat","embeddable":true,"href":"https:\/\/ecmicrophones.com\/es\/wp-json\/wp\/v2\/product_cat?post=576"},{"taxonomy":"product_tag","embeddable":true,"href":"https:\/\/ecmicrophones.com\/es\/wp-json\/wp\/v2\/product_tag?post=576"}],"curies":[{"name":"wp","href":"https:\/\/api.w.org\/{rel}","templated":true}]}}