{"id":590,"date":"2024-05-13T16:34:05","date_gmt":"2024-05-13T08:34:05","guid":{"rendered":"https:\/\/ecmicrophones.com\/?post_type=product&#038;p=590"},"modified":"2026-03-19T15:32:51","modified_gmt":"2026-03-19T07:32:51","slug":"6mm-omnidirectional-electret-microphone-capsule-for-decibel-meter","status":"publish","type":"product","link":"https:\/\/ecmicrophones.com\/es\/6mm-omnidirectional-electret-microphone-capsule-for-decibel-meter\/","title":{"rendered":"C\u00e1psula de micr\u00f3fono electret omnidireccional de 6 mm para medidor de decibelios"},"content":{"rendered":"<h2 class=\"text-start\">Especificaciones t\u00e9cnicas<\/h2>\n<p class=\"text-start\">El ECM-B6027AL38-90 es una c\u00e1psula de micr\u00f3fono omnidireccional de 6 \u00d7 2,7 mm de alta calidad dise\u00f1ada para la captura precisa de sonido en dispositivos de medici\u00f3n profesionales, como medidores de ruido, son\u00f3metros y equipos similares. Con un n\u00facleo de micr\u00f3fono RF coreano fabricado a medida, ofrece una estabilidad fiable y un rendimiento superior.<\/p>\n<p class=\"text-start\">Esta c\u00e1psula est\u00e1 dise\u00f1ada para la medici\u00f3n de ruido de alta precisi\u00f3n, con un rango de respuesta en frecuencia de 50 Hz a 20 kHz, lo que garantiza una excelente fidelidad de audio en un amplio espectro. Su sensibilidad de -38dB y su relaci\u00f3n se\u00f1al\/ruido de 60dB proporcionan una reproducci\u00f3n precisa del sonido, mientras que el robusto dise\u00f1o de doble condensador reduce eficazmente las interferencias. Ideal para aplicaciones que requieren una medici\u00f3n de sonido estable y fiable.<\/p>\n<h3 class=\"pt-5 text-start\">Circuito de prueba est\u00e1ndar<\/h3>\n<p><img loading=\"lazy\" decoding=\"async\" class=\"alignnone size-full wp-image-593\" src=\"https:\/\/ecmicrophones.com\/wp-content\/uploads\/2024\/05\/standard-test-circuit_ecm-b6027al38-090.png\" alt=\"ECM-B6027AL38 Circuito de prueba: 2,2k\u03a9 de polarizaci\u00f3n, 2V de alimentaci\u00f3n, 1\u03bcF de salida.\" width=\"543\" height=\"237\" srcset=\"https:\/\/ecmicrophones.com\/wp-content\/uploads\/2024\/05\/standard-test-circuit_ecm-b6027al38-090.png 543w, https:\/\/ecmicrophones.com\/wp-content\/uploads\/2024\/05\/standard-test-circuit_ecm-b6027al38-090-300x131.png 300w, https:\/\/ecmicrophones.com\/wp-content\/uploads\/2024\/05\/standard-test-circuit_ecm-b6027al38-090-18x8.png 18w\" sizes=\"auto, (max-width: 543px) 100vw, 543px\" \/><\/p>\n<p>Resistencia de polarizaci\u00f3n de 2,2k\u03a9, alimentaci\u00f3n de 2V CC, condensador de salida de 1\u03bcF. Optimizado para aplicaciones de audio de amplio rango.<\/p>\n<h3 class=\"pt-5 text-start\">Respuesta de frecuencia t\u00edpica<\/h3>\n<p><img loading=\"lazy\" decoding=\"async\" class=\"alignnone size-full wp-image-594\" src=\"https:\/\/ecmicrophones.com\/wp-content\/uploads\/2024\/05\/typical-frequency-response_ecm-b6027al38-090.png\" alt=\"ECM-B6027AL38 Respuesta en frecuencia: Respuesta plana con subida de 5 kHz a 14 kHz, suave ca\u00edda por encima de 14 kHz\" width=\"397\" height=\"284\" srcset=\"https:\/\/ecmicrophones.com\/wp-content\/uploads\/2024\/05\/typical-frequency-response_ecm-b6027al38-090.png 397w, https:\/\/ecmicrophones.com\/wp-content\/uploads\/2024\/05\/typical-frequency-response_ecm-b6027al38-090-300x215.png 300w, https:\/\/ecmicrophones.com\/wp-content\/uploads\/2024\/05\/typical-frequency-response_ecm-b6027al38-090-18x12.png 18w\" sizes=\"auto, (max-width: 397px) 100vw, 397px\" \/><\/p>\n<p>Respuesta plana con aumento de 5kHz-14kHz y atenuaci\u00f3n controlada por encima de 14kHz.<\/p>\n<h3 class=\"pt-5 text-start\">Dimensiones (Unidad: mm)<\/h3>\n<p><img loading=\"lazy\" decoding=\"async\" class=\"alignnone size-full wp-image-595\" src=\"https:\/\/ecmicrophones.com\/wp-content\/uploads\/2024\/05\/appearance-dimension_ecm-b6027al38-090.jpg\" alt=\"ECM-B6027AL38 Dimensiones: \u03a66\u00d72.7mm con malla antipolvo frontal (parte trasera sellada)\" width=\"523\" height=\"409\" srcset=\"https:\/\/ecmicrophones.com\/wp-content\/uploads\/2024\/05\/appearance-dimension_ecm-b6027al38-090.jpg 523w, https:\/\/ecmicrophones.com\/wp-content\/uploads\/2024\/05\/appearance-dimension_ecm-b6027al38-090-300x235.jpg 300w, https:\/\/ecmicrophones.com\/wp-content\/uploads\/2024\/05\/appearance-dimension_ecm-b6027al38-090-15x12.jpg 15w\" sizes=\"auto, (max-width: 523px) 100vw, 523px\" \/><\/p>\n<p>Dise\u00f1o compacto de \u03a66\u00d72,7 mm con malla antipolvo frontal (parte trasera sin puertos).<\/p>","protected":false},"excerpt":{"rendered":"<p>C\u00e1psula de micr\u00f3fono omnidireccional de 6 mm de alto rendimiento dise\u00f1ada para aplicaciones de medici\u00f3n precisa del nivel sonoro, como son\u00f3metros y medidores de ruido. Para obtener una versi\u00f3n con cables preinstalados, consulte <a href=\"https:\/\/ecmicrophones.com\/es\/omnidirectional-electret-microphone-insert-with-leads-for-sound-level-meter\/\">Versi\u00f3n de plomo de 80 mm<\/a>.<\/p>","protected":false},"featured_media":2564,"comment_status":"open","ping_status":"closed","template":"","meta":[],"product_brand":[721],"product_cat":[16,20],"product_tag":[283,229,288],"class_list":{"0":"post-590","1":"product","2":"type-product","3":"status-publish","4":"has-post-thumbnail","6":"product_brand-ecmic","7":"product_cat-electret-microphones","8":"product_cat-omnidirectional-microphones","9":"product_tag-6mm","10":"product_tag-equipment","11":"product_tag-solder-pads","13":"first","14":"instock","15":"shipping-taxable","16":"purchasable","17":"product-type-simple"},"_links":{"self":[{"href":"https:\/\/ecmicrophones.com\/es\/wp-json\/wp\/v2\/product\/590","targetHints":{"allow":["GET"]}}],"collection":[{"href":"https:\/\/ecmicrophones.com\/es\/wp-json\/wp\/v2\/product"}],"about":[{"href":"https:\/\/ecmicrophones.com\/es\/wp-json\/wp\/v2\/types\/product"}],"replies":[{"embeddable":true,"href":"https:\/\/ecmicrophones.com\/es\/wp-json\/wp\/v2\/comments?post=590"}],"wp:featuredmedia":[{"embeddable":true,"href":"https:\/\/ecmicrophones.com\/es\/wp-json\/wp\/v2\/media\/2564"}],"wp:attachment":[{"href":"https:\/\/ecmicrophones.com\/es\/wp-json\/wp\/v2\/media?parent=590"}],"wp:term":[{"taxonomy":"product_brand","embeddable":true,"href":"https:\/\/ecmicrophones.com\/es\/wp-json\/wp\/v2\/product_brand?post=590"},{"taxonomy":"product_cat","embeddable":true,"href":"https:\/\/ecmicrophones.com\/es\/wp-json\/wp\/v2\/product_cat?post=590"},{"taxonomy":"product_tag","embeddable":true,"href":"https:\/\/ecmicrophones.com\/es\/wp-json\/wp\/v2\/product_tag?post=590"}],"curies":[{"name":"wp","href":"https:\/\/api.w.org\/{rel}","templated":true}]}}