{"id":596,"date":"2024-05-11T05:59:04","date_gmt":"2024-05-11T05:59:04","guid":{"rendered":"https:\/\/ecmicrophones.com\/?post_type=product&#038;p=596"},"modified":"2026-03-19T15:38:04","modified_gmt":"2026-03-19T07:38:04","slug":"9-7mm-omnidirectional-electret-microphone-capsule-for-outdoor-camera","status":"publish","type":"product","link":"https:\/\/ecmicrophones.com\/es\/9-7mm-omnidirectional-electret-microphone-capsule-for-outdoor-camera\/","title":{"rendered":"C\u00e1psula de micr\u00f3fono electret omnidireccional de 9,7 mm para c\u00e1mara exterior"},"content":{"rendered":"<h2 class=\"text-start\">Especificaciones t\u00e9cnicas<\/h2>\n<p class=\"text-start\">El ECM-B9745AL30RC-IP67 es una c\u00e1psula de micr\u00f3fono omnidireccional de 9,7 \u00d7 4,5 mm equipada con una malla impermeable con clasificaci\u00f3n IP67. Dise\u00f1ada para su uso en entornos dif\u00edciles o h\u00famedos, esta c\u00e1psula garantiza una captura de audio fiable con protecci\u00f3n contra la entrada de polvo y agua.<\/p>\n<p class=\"text-start\">Su sensibilidad de -30dB, su amplia respuesta en frecuencia de 20Hz a 16KHz y su elevada relaci\u00f3n se\u00f1al\/ruido de 74dB permiten una captura precisa del sonido a larga distancia. El n\u00facleo de micro RF coreano garantiza un rendimiento de audio estable y uniforme, por lo que es ideal para dispositivos de captaci\u00f3n remota resistentes al agua y micr\u00f3fonos robustos.<\/p>\n<h3 class=\"pt-5 text-start\">Circuito de prueba est\u00e1ndar<\/h3>\n<p><img loading=\"lazy\" decoding=\"async\" class=\"alignnone size-full wp-image-600\" src=\"https:\/\/ecmicrophones.com\/wp-content\/uploads\/2024\/05\/standard-test-circuit_ecm-b9745al30rc-ip67.png\" alt=\"ECM-B9745AL30RC-IP67 Circuito de prueba: 2,2k\u03a9 de polarizaci\u00f3n, 2V de alimentaci\u00f3n, 1\u03bcF de salida.\" width=\"523\" height=\"231\" srcset=\"https:\/\/ecmicrophones.com\/wp-content\/uploads\/2024\/05\/standard-test-circuit_ecm-b9745al30rc-ip67.png 523w, https:\/\/ecmicrophones.com\/wp-content\/uploads\/2024\/05\/standard-test-circuit_ecm-b9745al30rc-ip67-300x133.png 300w, https:\/\/ecmicrophones.com\/wp-content\/uploads\/2024\/05\/standard-test-circuit_ecm-b9745al30rc-ip67-18x8.png 18w\" sizes=\"auto, (max-width: 523px) 100vw, 523px\" \/><\/p>\n<p>Resistencia de polarizaci\u00f3n de 2,2k\u03a9, alimentaci\u00f3n de 2 V CC, condensador de salida de 1\u03bcF. Configuraci\u00f3n impermeable con clasificaci\u00f3n IP67.<\/p>\n<h3 class=\"pt-5 text-start\">Respuesta de frecuencia t\u00edpica<\/h3>\n<p><img loading=\"lazy\" decoding=\"async\" class=\"alignnone size-full wp-image-601\" src=\"https:\/\/ecmicrophones.com\/wp-content\/uploads\/2024\/05\/typical-frequency-response_ecm-b9745al30rc-ip67.png\" alt=\"ECM-B9745AL30RC-IP67 Respuesta en frecuencia: Respuesta plana con atenuaci\u00f3n gradual de 3 kHz a 20 kHz\" width=\"397\" height=\"284\" srcset=\"https:\/\/ecmicrophones.com\/wp-content\/uploads\/2024\/05\/typical-frequency-response_ecm-b9745al30rc-ip67.png 397w, https:\/\/ecmicrophones.com\/wp-content\/uploads\/2024\/05\/typical-frequency-response_ecm-b9745al30rc-ip67-300x215.png 300w, https:\/\/ecmicrophones.com\/wp-content\/uploads\/2024\/05\/typical-frequency-response_ecm-b9745al30rc-ip67-18x12.png 18w\" sizes=\"auto, (max-width: 397px) 100vw, 397px\" \/><\/p>\n<p>Respuesta plana con atenuaci\u00f3n controlada de 3 kHz a 20 kHz.<\/p>\n<h3 class=\"pt-5 text-start\">Dimensiones (Unidad: mm)<\/h3>\n<p><img loading=\"lazy\" decoding=\"async\" class=\"alignnone size-full wp-image-599\" src=\"https:\/\/ecmicrophones.com\/wp-content\/uploads\/2024\/05\/appearance-dimension_ecm-b9745al30rc-ip67.png\" alt=\"ECM-B9745AL30RC-IP67 Dimensions: \u03a69,7\u00d74,5mm carcasa impermeable con malla antipolvo frontal.\" width=\"750\" height=\"400\" srcset=\"https:\/\/ecmicrophones.com\/wp-content\/uploads\/2024\/05\/appearance-dimension_ecm-b9745al30rc-ip67.png 750w, https:\/\/ecmicrophones.com\/wp-content\/uploads\/2024\/05\/appearance-dimension_ecm-b9745al30rc-ip67-300x160.png 300w, https:\/\/ecmicrophones.com\/wp-content\/uploads\/2024\/05\/appearance-dimension_ecm-b9745al30rc-ip67-18x10.png 18w, https:\/\/ecmicrophones.com\/wp-content\/uploads\/2024\/05\/appearance-dimension_ecm-b9745al30rc-ip67-600x320.png 600w\" sizes=\"auto, (max-width: 750px) 100vw, 750px\" \/><\/p>\n<p>\u03a69,7\u00d74,5mm carcasa impermeable (IP67) con malla antipolvo frontal y parte trasera sellada.<\/p>","protected":false},"excerpt":{"rendered":"<p>C\u00e1psula de micr\u00f3fono omnidireccional de 9,7 mm con clasificaci\u00f3n IP67 para una captura de sonido resistente al agua y duradera. Para una versi\u00f3n est\u00e1ndar, consulte <a href=\"https:\/\/ecmicrophones.com\/es\/9-7mm-omnidirectional-microphone-element-for-long-distance-audio-pickup\/\">modelo sin plomo<\/a>. Para pistas preinstaladas, explore <a href=\"https:\/\/ecmicrophones.com\/es\/9-7mm-voice-recognition-electret-microphone-insert-with-leads\/\">Versi\u00f3n de plomo de 100 mm<\/a> o <a href=\"https:\/\/ecmicrophones.com\/es\/long-distance-microphone-pickup-9-7mm\/\">Versi\u00f3n de plomo de 15 mm<\/a>.<\/p>","protected":false},"featured_media":2587,"comment_status":"open","ping_status":"closed","template":"","meta":[],"product_brand":[721],"product_cat":[16,20],"product_tag":[282,230,288],"class_list":{"0":"post-596","1":"product","2":"type-product","3":"status-publish","4":"has-post-thumbnail","6":"product_brand-ecmic","7":"product_cat-electret-microphones","8":"product_cat-omnidirectional-microphones","9":"product_tag-9-7mm","10":"product_tag-security","11":"product_tag-solder-pads","13":"first","14":"instock","15":"shipping-taxable","16":"purchasable","17":"product-type-simple"},"_links":{"self":[{"href":"https:\/\/ecmicrophones.com\/es\/wp-json\/wp\/v2\/product\/596","targetHints":{"allow":["GET"]}}],"collection":[{"href":"https:\/\/ecmicrophones.com\/es\/wp-json\/wp\/v2\/product"}],"about":[{"href":"https:\/\/ecmicrophones.com\/es\/wp-json\/wp\/v2\/types\/product"}],"replies":[{"embeddable":true,"href":"https:\/\/ecmicrophones.com\/es\/wp-json\/wp\/v2\/comments?post=596"}],"wp:featuredmedia":[{"embeddable":true,"href":"https:\/\/ecmicrophones.com\/es\/wp-json\/wp\/v2\/media\/2587"}],"wp:attachment":[{"href":"https:\/\/ecmicrophones.com\/es\/wp-json\/wp\/v2\/media?parent=596"}],"wp:term":[{"taxonomy":"product_brand","embeddable":true,"href":"https:\/\/ecmicrophones.com\/es\/wp-json\/wp\/v2\/product_brand?post=596"},{"taxonomy":"product_cat","embeddable":true,"href":"https:\/\/ecmicrophones.com\/es\/wp-json\/wp\/v2\/product_cat?post=596"},{"taxonomy":"product_tag","embeddable":true,"href":"https:\/\/ecmicrophones.com\/es\/wp-json\/wp\/v2\/product_tag?post=596"}],"curies":[{"name":"wp","href":"https:\/\/api.w.org\/{rel}","templated":true}]}}