{"id":60,"date":"2024-03-27T10:29:45","date_gmt":"2024-03-27T10:29:45","guid":{"rendered":"https:\/\/ecmicrophones.com\/?post_type=product&#038;p=60"},"modified":"2026-03-19T15:39:36","modified_gmt":"2026-03-19T07:39:36","slug":"electret-lapel-microphone-capsule-9-7mm","status":"publish","type":"product","link":"https:\/\/ecmicrophones.com\/es\/electret-lapel-microphone-capsule-9-7mm\/","title":{"rendered":"C\u00e1psula de micr\u00f3fono de solapa Electret de 9,7 mm"},"content":{"rendered":"<h2 class=\"text-start\">Especificaciones t\u00e9cnicas<\/h2>\n<p class=\"text-start\">Dise\u00f1ada para una cancelaci\u00f3n efectiva de ruido y resistencia a interferencias, nuestra c\u00e1psula de micr\u00f3fono unidireccional 9750 garantiza una calidad de audio superior en cualquier entorno.<\/p>\n<h3 class=\"pt-5 text-start\">Circuito de prueba est\u00e1ndar<\/h3>\n<p><img loading=\"lazy\" decoding=\"async\" class=\"alignnone size-full wp-image-243\" src=\"https:\/\/ecmicrophones.com\/wp-content\/uploads\/2024\/03\/standard-test-circuit_ecm-b9750ul38-714.png\" alt=\"Circuito de prueba est\u00e1ndar\" width=\"505\" height=\"190\" srcset=\"https:\/\/ecmicrophones.com\/wp-content\/uploads\/2024\/03\/standard-test-circuit_ecm-b9750ul38-714.png 505w, https:\/\/ecmicrophones.com\/wp-content\/uploads\/2024\/03\/standard-test-circuit_ecm-b9750ul38-714-300x113.png 300w, https:\/\/ecmicrophones.com\/wp-content\/uploads\/2024\/03\/standard-test-circuit_ecm-b9750ul38-714-18x7.png 18w\" sizes=\"auto, (max-width: 505px) 100vw, 505px\" \/><\/p>\n<p>Configuraci\u00f3n de prueba est\u00e1ndar con una resistencia de carga de 680\u03a9, alimentaci\u00f3n de 1,5 V CC y condensador de salida de 1\u03bcF.<\/p>\n<h3 class=\"pt-5 text-start\">Respuesta de frecuencia t\u00edpica<\/h3>\n<p><img loading=\"lazy\" decoding=\"async\" class=\"alignnone size-full wp-image-244\" src=\"https:\/\/ecmicrophones.com\/wp-content\/uploads\/2024\/03\/typical-frequency-response_ecm-b9750ul38-714-1.png\" alt=\"Respuesta de frecuencia t\u00edpica\" width=\"542\" height=\"224\" srcset=\"https:\/\/ecmicrophones.com\/wp-content\/uploads\/2024\/03\/typical-frequency-response_ecm-b9750ul38-714-1.png 542w, https:\/\/ecmicrophones.com\/wp-content\/uploads\/2024\/03\/typical-frequency-response_ecm-b9750ul38-714-1-300x124.png 300w, https:\/\/ecmicrophones.com\/wp-content\/uploads\/2024\/03\/typical-frequency-response_ecm-b9750ul38-714-1-18x7.png 18w\" sizes=\"auto, (max-width: 542px) 100vw, 542px\" \/><\/p>\n<p>Aumento gradual de las frecuencias bajas con un rango medio estable y un suave descenso de las altas frecuencias por encima de 8 kHz.<\/p>\n<h3 class=\"pt-5 text-start\">Dimensiones (UNIDAD: mm)<\/h3>\n<p><img loading=\"lazy\" decoding=\"async\" class=\"alignnone size-full wp-image-242\" src=\"https:\/\/ecmicrophones.com\/wp-content\/uploads\/2024\/03\/appearance-dimension_ecm-b9750ul38-714-1.png\" alt=\"Dimensi\u00f3n de apariencia\" width=\"533\" height=\"367\" srcset=\"https:\/\/ecmicrophones.com\/wp-content\/uploads\/2024\/03\/appearance-dimension_ecm-b9750ul38-714-1.png 533w, https:\/\/ecmicrophones.com\/wp-content\/uploads\/2024\/03\/appearance-dimension_ecm-b9750ul38-714-1-300x207.png 300w, https:\/\/ecmicrophones.com\/wp-content\/uploads\/2024\/03\/appearance-dimension_ecm-b9750ul38-714-1-18x12.png 18w\" sizes=\"auto, (max-width: 533px) 100vw, 533px\" \/><\/p>\n<p>\u03a6C\u00e1psula de 9,7 \u00d7 5,0 mm con malla antipolvo frontal y puerto ac\u00fastico trasero para captura de sonido direccional.<\/p>","protected":false},"excerpt":{"rendered":"<p>La ECM-B9750UL38-714 es una c\u00e1psula de micr\u00f3fono electret unidireccional de 9,7 \u00d7 5 mm con una sensibilidad de -38 dB \u00b1 2 y una relaci\u00f3n se\u00f1al\/ruido (SNR) de 65 dB, ideal para micr\u00f3fonos de solapa.<\/p>","protected":false},"featured_media":2674,"comment_status":"open","ping_status":"closed","template":"","meta":[],"product_brand":[721],"product_cat":[16,21],"product_tag":[282,235,288],"class_list":{"0":"post-60","1":"product","2":"type-product","3":"status-publish","4":"has-post-thumbnail","6":"product_brand-ecmic","7":"product_cat-electret-microphones","8":"product_cat-unidirectional-microphones","9":"product_tag-9-7mm","10":"product_tag-conference","11":"product_tag-solder-pads","13":"first","14":"instock","15":"shipping-taxable","16":"purchasable","17":"product-type-simple"},"_links":{"self":[{"href":"https:\/\/ecmicrophones.com\/es\/wp-json\/wp\/v2\/product\/60","targetHints":{"allow":["GET"]}}],"collection":[{"href":"https:\/\/ecmicrophones.com\/es\/wp-json\/wp\/v2\/product"}],"about":[{"href":"https:\/\/ecmicrophones.com\/es\/wp-json\/wp\/v2\/types\/product"}],"replies":[{"embeddable":true,"href":"https:\/\/ecmicrophones.com\/es\/wp-json\/wp\/v2\/comments?post=60"}],"wp:featuredmedia":[{"embeddable":true,"href":"https:\/\/ecmicrophones.com\/es\/wp-json\/wp\/v2\/media\/2674"}],"wp:attachment":[{"href":"https:\/\/ecmicrophones.com\/es\/wp-json\/wp\/v2\/media?parent=60"}],"wp:term":[{"taxonomy":"product_brand","embeddable":true,"href":"https:\/\/ecmicrophones.com\/es\/wp-json\/wp\/v2\/product_brand?post=60"},{"taxonomy":"product_cat","embeddable":true,"href":"https:\/\/ecmicrophones.com\/es\/wp-json\/wp\/v2\/product_cat?post=60"},{"taxonomy":"product_tag","embeddable":true,"href":"https:\/\/ecmicrophones.com\/es\/wp-json\/wp\/v2\/product_tag?post=60"}],"curies":[{"name":"wp","href":"https:\/\/api.w.org\/{rel}","templated":true}]}}