{"id":614,"date":"2024-05-11T01:49:56","date_gmt":"2024-05-11T01:49:56","guid":{"rendered":"https:\/\/ecmicrophones.com\/?post_type=product&#038;p=614"},"modified":"2026-03-19T15:38:15","modified_gmt":"2026-03-19T07:38:15","slug":"omnidirectional-electret-microphone-insert-with-leads-for-sound-level-meter","status":"publish","type":"product","link":"https:\/\/ecmicrophones.com\/es\/omnidirectional-electret-microphone-insert-with-leads-for-sound-level-meter\/","title":{"rendered":"Inserto de micr\u00f3fono electret omnidireccional con cables para son\u00f3metro"},"content":{"rendered":"<h2 class=\"text-start\">Especificaciones t\u00e9cnicas<\/h2>\n<p class=\"text-start\">La ECM-B6027AL38-L80-90 es una c\u00e1psula de micr\u00f3fono omnidireccional de 6 \u00d7 2,7 mm con cables trenzados de 80 mm preconectados para simplificar el montaje y ofrecer un rechazo del ruido superior en dispositivos profesionales de medici\u00f3n del nivel sonoro. Con un n\u00facleo de micr\u00f3fono RF coreano fabricado a medida, ofrece un rendimiento y una estabilidad constantes en entornos exigentes.<\/p>\n<p class=\"text-start\">Este modelo est\u00e1 dise\u00f1ado para la medici\u00f3n precisa del ruido, y cuenta con un amplio rango de respuesta en frecuencia de 50 Hz a 20 kHz, una excelente sensibilidad de -38 dB y una relaci\u00f3n se\u00f1al\/ruido de 60 dB. Los cables trenzados de 80 mm mejoran su utilidad en dispositivos en los que la estabilidad del cableado y la integraci\u00f3n r\u00e1pida son esenciales. Adecuado para medidores de ruido, son\u00f3metros y otros instrumentos de medici\u00f3n ac\u00fastica.<\/p>\n<h3 class=\"pt-5 text-start\">Circuito de prueba est\u00e1ndar<\/h3>\n<p> <img loading=\"lazy\" decoding=\"async\" class=\"alignnone size-full wp-image-617\" src=\"https:\/\/ecmicrophones.com\/wp-content\/uploads\/2024\/05\/standard-test-circuit_ecm-b6027al38-l80-90.png\" alt=\"Circuito de prueba est\u00e1ndar\" width=\"543\" height=\"237\" srcset=\"https:\/\/ecmicrophones.com\/wp-content\/uploads\/2024\/05\/standard-test-circuit_ecm-b6027al38-l80-90.png 543w, https:\/\/ecmicrophones.com\/wp-content\/uploads\/2024\/05\/standard-test-circuit_ecm-b6027al38-l80-90-300x131.png 300w, https:\/\/ecmicrophones.com\/wp-content\/uploads\/2024\/05\/standard-test-circuit_ecm-b6027al38-l80-90-18x8.png 18w\" sizes=\"auto, (max-width: 543px) 100vw, 543px\" \/> <\/p>\n<p>Condiciones de prueba: RL = 2,2K\u03a9, Vs = 2V, C = 1\u03bcF<\/p>\n<h3 class=\"pt-5 text-start\">Respuesta de frecuencia t\u00edpica<\/h3>\n<p> <img loading=\"lazy\" decoding=\"async\" class=\"alignnone size-full wp-image-619\" src=\"https:\/\/ecmicrophones.com\/wp-content\/uploads\/2024\/05\/typical-frequency-response_ecm-b6027al38-l80-90.png\" alt=\"Respuesta de frecuencia t\u00edpica\" width=\"397\" height=\"284\" srcset=\"https:\/\/ecmicrophones.com\/wp-content\/uploads\/2024\/05\/typical-frequency-response_ecm-b6027al38-l80-90.png 397w, https:\/\/ecmicrophones.com\/wp-content\/uploads\/2024\/05\/typical-frequency-response_ecm-b6027al38-l80-90-300x215.png 300w, https:\/\/ecmicrophones.com\/wp-content\/uploads\/2024\/05\/typical-frequency-response_ecm-b6027al38-l80-90-18x12.png 18w\" sizes=\"auto, (max-width: 397px) 100vw, 397px\" \/> <\/p>\n<p>La respuesta en frecuencia va de 50 Hz a 20 kHz. La curva se mantiene relativamente plana hasta unos 5 kHz, luego sube gradualmente hasta un pico cerca de 14 kHz antes de bajar. De este modo, los detalles de las altas frecuencias son m\u00e1s claros y n\u00edtidos.<\/p>\n<h3 class=\"pt-5 text-start\">Dimensiones (UNIDAD: mm)<\/h3>\n<p> <img loading=\"lazy\" decoding=\"async\" class=\"alignnone size-full wp-image-618\" src=\"https:\/\/ecmicrophones.com\/wp-content\/uploads\/2024\/05\/appearance-dimension_ecm-b6027al38-l80-90.png\" alt=\"Dimensi\u00f3n de apariencia\" width=\"545\" height=\"409\" srcset=\"https:\/\/ecmicrophones.com\/wp-content\/uploads\/2024\/05\/appearance-dimension_ecm-b6027al38-l80-90.png 545w, https:\/\/ecmicrophones.com\/wp-content\/uploads\/2024\/05\/appearance-dimension_ecm-b6027al38-l80-90-300x225.png 300w, https:\/\/ecmicrophones.com\/wp-content\/uploads\/2024\/05\/appearance-dimension_ecm-b6027al38-l80-90-16x12.png 16w\" sizes=\"auto, (max-width: 545px) 100vw, 545px\" \/> <\/p>\n<p>La c\u00e1psula mide 6 mm de di\u00e1metro y 2,7 mm de altura. La parte delantera lleva una malla antipolvo y la trasera no tiene puerto ac\u00fastico. Viene presoldada con cables de par trenzado de 80 mm para facilitar la integraci\u00f3n.<\/p>","protected":false},"excerpt":{"rendered":"<p>C\u00e1psula de micr\u00f3fono omnidireccional con cables trenzados de 80 mm preinstalados, dise\u00f1ada para dispositivos de medici\u00f3n de ruido que requieren una integraci\u00f3n sencilla y resistencia a las interferencias. Para una versi\u00f3n sin cables, consulte <a href=\"https:\/\/ecmicrophones.com\/es\/6mm-omnidirectional-electret-microphone-capsule-for-decibel-meter\/\">versi\u00f3n sin plomo<\/a>.<\/p>","protected":false},"featured_media":2662,"comment_status":"open","ping_status":"closed","template":"","meta":[],"product_brand":[721],"product_cat":[16,20],"product_tag":[283,229,290],"class_list":{"0":"post-614","1":"product","2":"type-product","3":"status-publish","4":"has-post-thumbnail","6":"product_brand-ecmic","7":"product_cat-electret-microphones","8":"product_cat-omnidirectional-microphones","9":"product_tag-6mm","10":"product_tag-equipment","11":"product_tag-wire-leads","13":"first","14":"instock","15":"shipping-taxable","16":"purchasable","17":"product-type-simple"},"_links":{"self":[{"href":"https:\/\/ecmicrophones.com\/es\/wp-json\/wp\/v2\/product\/614","targetHints":{"allow":["GET"]}}],"collection":[{"href":"https:\/\/ecmicrophones.com\/es\/wp-json\/wp\/v2\/product"}],"about":[{"href":"https:\/\/ecmicrophones.com\/es\/wp-json\/wp\/v2\/types\/product"}],"replies":[{"embeddable":true,"href":"https:\/\/ecmicrophones.com\/es\/wp-json\/wp\/v2\/comments?post=614"}],"wp:featuredmedia":[{"embeddable":true,"href":"https:\/\/ecmicrophones.com\/es\/wp-json\/wp\/v2\/media\/2662"}],"wp:attachment":[{"href":"https:\/\/ecmicrophones.com\/es\/wp-json\/wp\/v2\/media?parent=614"}],"wp:term":[{"taxonomy":"product_brand","embeddable":true,"href":"https:\/\/ecmicrophones.com\/es\/wp-json\/wp\/v2\/product_brand?post=614"},{"taxonomy":"product_cat","embeddable":true,"href":"https:\/\/ecmicrophones.com\/es\/wp-json\/wp\/v2\/product_cat?post=614"},{"taxonomy":"product_tag","embeddable":true,"href":"https:\/\/ecmicrophones.com\/es\/wp-json\/wp\/v2\/product_tag?post=614"}],"curies":[{"name":"wp","href":"https:\/\/api.w.org\/{rel}","templated":true}]}}