{"id":626,"date":"2024-05-13T15:35:30","date_gmt":"2024-05-13T07:35:30","guid":{"rendered":"https:\/\/ecmicrophones.com\/?post_type=product&#038;p=626"},"modified":"2026-03-19T15:33:16","modified_gmt":"2026-03-19T07:33:16","slug":"14mm-cardioid-electret-microphone-element-for-live-streaming","status":"publish","type":"product","link":"https:\/\/ecmicrophones.com\/es\/14mm-cardioid-electret-microphone-element-for-live-streaming\/","title":{"rendered":"Elemento de micr\u00f3fono electret cardioide de 14 mm para transmisi\u00f3n en vivo"},"content":{"rendered":"<h2 class=\"text-start\">Especificaciones t\u00e9cnicas<\/h2>\n<p class=\"text-start\">Nuestro cabezal de micr\u00f3fono unidireccional 1463 presenta un ruido propio ultrabajo, alta fidelidad y bajo consumo de energ\u00eda, lo que lo convierte en un n\u00facleo de micr\u00f3fono ideal de alta calidad y bajo ruido.<\/p>\n<h3 class=\"pt-5 text-start\">Circuito de prueba est\u00e1ndar<\/h3>\n<p><img loading=\"lazy\" decoding=\"async\" class=\"alignnone size-full wp-image-629\" src=\"https:\/\/ecmicrophones.com\/wp-content\/uploads\/2024\/05\/standard-test-circuit_ecm-b1463uml38-727.png\" alt=\"ECM-B1463UML38-727 Circuito de prueba: 15k\u03a9 de polarizaci\u00f3n, alimentaci\u00f3n de 2V, condensador de salida de 1\u03bcF.\" width=\"508\" height=\"223\" srcset=\"https:\/\/ecmicrophones.com\/wp-content\/uploads\/2024\/05\/standard-test-circuit_ecm-b1463uml38-727.png 508w, https:\/\/ecmicrophones.com\/wp-content\/uploads\/2024\/05\/standard-test-circuit_ecm-b1463uml38-727-300x132.png 300w, https:\/\/ecmicrophones.com\/wp-content\/uploads\/2024\/05\/standard-test-circuit_ecm-b1463uml38-727-18x8.png 18w\" sizes=\"auto, (max-width: 508px) 100vw, 508px\" \/><\/p>\n<p>Resistencia de polarizaci\u00f3n de 15k\u03a9, alimentaci\u00f3n de 2V CC, condensador de salida de 1\u03bcF.<\/p>\n<h3 class=\"pt-5 text-start\">Respuesta de frecuencia t\u00edpica<\/h3>\n<p><img loading=\"lazy\" decoding=\"async\" class=\"alignnone wp-image-630 size-large\" src=\"https:\/\/ecmicrophones.com\/wp-content\/uploads\/2024\/05\/typical-frequency-response_ecm-b1463uml38-727-1024x460.png\" alt=\"ECM-B1463UML38-727 Respuesta en frecuencia: Curva de respuesta ascendente con pico en el rango medio-alto y ca\u00edda gradual\" width=\"1024\" height=\"460\" srcset=\"https:\/\/ecmicrophones.com\/wp-content\/uploads\/2024\/05\/typical-frequency-response_ecm-b1463uml38-727-1024x460.png 1024w, https:\/\/ecmicrophones.com\/wp-content\/uploads\/2024\/05\/typical-frequency-response_ecm-b1463uml38-727-300x135.png 300w, https:\/\/ecmicrophones.com\/wp-content\/uploads\/2024\/05\/typical-frequency-response_ecm-b1463uml38-727-768x345.png 768w, https:\/\/ecmicrophones.com\/wp-content\/uploads\/2024\/05\/typical-frequency-response_ecm-b1463uml38-727-1536x690.png 1536w, https:\/\/ecmicrophones.com\/wp-content\/uploads\/2024\/05\/typical-frequency-response_ecm-b1463uml38-727-18x8.png 18w, https:\/\/ecmicrophones.com\/wp-content\/uploads\/2024\/05\/typical-frequency-response_ecm-b1463uml38-727-600x270.png 600w, https:\/\/ecmicrophones.com\/wp-content\/uploads\/2024\/05\/typical-frequency-response_ecm-b1463uml38-727.png 1651w\" sizes=\"auto, (max-width: 1024px) 100vw, 1024px\" \/><\/p>\n<p>Curva de respuesta ascendente desde las frecuencias bajas, con un pico en la gama media-alta, seguido de un suave descenso en las altas frecuencias.<\/p>\n<h3 class=\"pt-5 text-start\">Dimensiones (Unidad: mm)<\/h3>\n<p><img loading=\"lazy\" decoding=\"async\" class=\"alignnone size-full wp-image-631\" src=\"https:\/\/ecmicrophones.com\/wp-content\/uploads\/2024\/05\/appearance-dimension_ecm-b1463uml38-727.png\" alt=\"ECM-B1463UML38-727 Dimensiones: \u03a614\u00d76,3mm con malla frontal y puerto de sonido trasero\" width=\"550\" height=\"391\" srcset=\"https:\/\/ecmicrophones.com\/wp-content\/uploads\/2024\/05\/appearance-dimension_ecm-b1463uml38-727.png 550w, https:\/\/ecmicrophones.com\/wp-content\/uploads\/2024\/05\/appearance-dimension_ecm-b1463uml38-727-300x213.png 300w, https:\/\/ecmicrophones.com\/wp-content\/uploads\/2024\/05\/appearance-dimension_ecm-b1463uml38-727-18x12.png 18w\" sizes=\"auto, (max-width: 550px) 100vw, 550px\" \/><\/p>\n<p>Carcasa de \u03a614\u00d76,3 mm con malla antipolvo frontal y puerto ac\u00fastico trasero para captar sonido direccional.<\/p>","protected":false},"excerpt":{"rendered":"<p>El ECM-B1463UML38-727 es una c\u00e1psula de micr\u00f3fono electret cardioide de 14 mm con una sensibilidad de -38 dB y una relaci\u00f3n S\/R de 70 dB, ideal para transmisiones en directo y micr\u00f3fonos de karaoke. Ofrece una captaci\u00f3n de sonido clara y focalizada con bajo nivel de ruido para una interpretaci\u00f3n vocal consistente.<\/p>","protected":false},"featured_media":2532,"comment_status":"open","ping_status":"closed","template":"","meta":[],"product_brand":[721],"product_cat":[16,21],"product_tag":[280,288,116],"class_list":{"0":"post-626","1":"product","2":"type-product","3":"status-publish","4":"has-post-thumbnail","6":"product_brand-ecmic","7":"product_cat-electret-microphones","8":"product_cat-unidirectional-microphones","9":"product_tag-14mm","10":"product_tag-solder-pads","11":"product_tag-vocal","13":"first","14":"instock","15":"shipping-taxable","16":"purchasable","17":"product-type-simple"},"_links":{"self":[{"href":"https:\/\/ecmicrophones.com\/es\/wp-json\/wp\/v2\/product\/626","targetHints":{"allow":["GET"]}}],"collection":[{"href":"https:\/\/ecmicrophones.com\/es\/wp-json\/wp\/v2\/product"}],"about":[{"href":"https:\/\/ecmicrophones.com\/es\/wp-json\/wp\/v2\/types\/product"}],"replies":[{"embeddable":true,"href":"https:\/\/ecmicrophones.com\/es\/wp-json\/wp\/v2\/comments?post=626"}],"wp:featuredmedia":[{"embeddable":true,"href":"https:\/\/ecmicrophones.com\/es\/wp-json\/wp\/v2\/media\/2532"}],"wp:attachment":[{"href":"https:\/\/ecmicrophones.com\/es\/wp-json\/wp\/v2\/media?parent=626"}],"wp:term":[{"taxonomy":"product_brand","embeddable":true,"href":"https:\/\/ecmicrophones.com\/es\/wp-json\/wp\/v2\/product_brand?post=626"},{"taxonomy":"product_cat","embeddable":true,"href":"https:\/\/ecmicrophones.com\/es\/wp-json\/wp\/v2\/product_cat?post=626"},{"taxonomy":"product_tag","embeddable":true,"href":"https:\/\/ecmicrophones.com\/es\/wp-json\/wp\/v2\/product_tag?post=626"}],"curies":[{"name":"wp","href":"https:\/\/api.w.org\/{rel}","templated":true}]}}