{"id":644,"date":"2024-05-11T15:52:21","date_gmt":"2024-05-11T15:52:21","guid":{"rendered":"https:\/\/ecmicrophones.com\/?post_type=product&#038;p=644"},"modified":"2026-03-19T15:37:38","modified_gmt":"2026-03-19T07:37:38","slug":"9-7mm-cardioid-electret-microphone-for-automotive-use","status":"publish","type":"product","link":"https:\/\/ecmicrophones.com\/es\/9-7mm-cardioid-electret-microphone-for-automotive-use\/","title":{"rendered":"Micr\u00f3fono electret cardioide de 9,7 mm para uso en automoci\u00f3n"},"content":{"rendered":"<h2 class=\"text-start\">Aplicaciones destacadas en automoci\u00f3n<\/h2>\n<p class=\"text-start\">\nEl ECM-B9750UP-45 est\u00e1 especialmente dise\u00f1ado para sistemas de interacci\u00f3n por voz a bordo de veh\u00edculos. Presenta una alta sensibilidad con una consistencia ajustada de \u00b11 dB para un rendimiento estable y uniforme, especialmente eficaz cuando se monta en consolas centrales o m\u00f3dulos de salpicadero.\n<\/p>\n<p class=\"text-start\">\nEste micr\u00f3fono funciona de forma fiable en condiciones extremas de automoci\u00f3n, desde -40 \u00b0C hasta 85 \u00b0C, y ofrece una excelente resistencia a la humedad, los impactos mec\u00e1nicos y las interferencias electromagn\u00e9ticas. Su robusta estructura incluye protecci\u00f3n contra descargas electrost\u00e1ticas (nivel 4) y mantiene la desviaci\u00f3n de fase dentro de \u22643\u00b0, ofreciendo una captura de voz limpia y precisa para una calidad de sonido clara y natural.\n<\/p>\n<h2 class=\"text-start\">Especificaciones t\u00e9cnicas<\/h2>\n<p class=\"text-start\">\nLa c\u00e1psula de micr\u00f3fono electret unidireccional ECM-B9750UP-45, fabricada para ofrecer una cancelaci\u00f3n del ruido y una resistencia a las interferencias superiores, ofrece un rendimiento de voz excepcional en entornos de automoci\u00f3n. Su configuraci\u00f3n de 2 patillas permite una integraci\u00f3n perfecta en diversos m\u00f3dulos de audio y comunicaci\u00f3n de veh\u00edculos.\n<\/p>\n<h3 class=\"pt-5 text-start\">Circuito de prueba est\u00e1ndar<\/h3>\n<p><img loading=\"lazy\" decoding=\"async\" class=\"alignnone size-full wp-image-647\" src=\"https:\/\/ecmicrophones.com\/wp-content\/uploads\/2024\/05\/standard-test-circuit_ecm-b9750up-45.png\" alt=\"Circuito de prueba est\u00e1ndar\" width=\"530\" height=\"266\" srcset=\"https:\/\/ecmicrophones.com\/wp-content\/uploads\/2024\/05\/standard-test-circuit_ecm-b9750up-45.png 530w, https:\/\/ecmicrophones.com\/wp-content\/uploads\/2024\/05\/standard-test-circuit_ecm-b9750up-45-300x151.png 300w, https:\/\/ecmicrophones.com\/wp-content\/uploads\/2024\/05\/standard-test-circuit_ecm-b9750up-45-18x9.png 18w\" sizes=\"auto, (max-width: 530px) 100vw, 530px\" \/><\/p>\n<p>Probado con RL = 680\u03a9, Vs = 1,5V y C = 1\u03bcF.<\/p>\n<h3 class=\"pt-5 text-start\">Respuesta de frecuencia t\u00edpica<\/h3>\n<p><img loading=\"lazy\" decoding=\"async\" class=\"alignnone size-full wp-image-648\" src=\"https:\/\/ecmicrophones.com\/wp-content\/uploads\/2024\/05\/typical-frequency-response_ecm-b9750up-45.png\" alt=\"Respuesta de frecuencia t\u00edpica\" width=\"845\" height=\"385\" srcset=\"https:\/\/ecmicrophones.com\/wp-content\/uploads\/2024\/05\/typical-frequency-response_ecm-b9750up-45.png 845w, https:\/\/ecmicrophones.com\/wp-content\/uploads\/2024\/05\/typical-frequency-response_ecm-b9750up-45-300x137.png 300w, https:\/\/ecmicrophones.com\/wp-content\/uploads\/2024\/05\/typical-frequency-response_ecm-b9750up-45-768x350.png 768w, https:\/\/ecmicrophones.com\/wp-content\/uploads\/2024\/05\/typical-frequency-response_ecm-b9750up-45-18x8.png 18w, https:\/\/ecmicrophones.com\/wp-content\/uploads\/2024\/05\/typical-frequency-response_ecm-b9750up-45-600x273.png 600w\" sizes=\"auto, (max-width: 845px) 100vw, 845px\" \/><\/p>\n<p>La respuesta en frecuencia aumenta de forma constante desde 100 Hz hasta alrededor de 6 kHz, donde alcanza su punto m\u00e1ximo, y luego disminuye gradualmente. Gran ganancia en las frecuencias bajas con fluctuaciones moderadas en las gamas media y alta.<\/p>\n<h3 class=\"pt-5 text-start\">Dimensiones (UNIDAD: mm)<\/h3>\n<p><img loading=\"lazy\" decoding=\"async\" class=\"alignnone wp-image-649 size-large\" src=\"https:\/\/ecmicrophones.com\/wp-content\/uploads\/2024\/05\/appearance-dimension_ecm-b9750up-45-1024x333.png\" alt=\"Dimensi\u00f3n de apariencia\" width=\"1024\" height=\"333\" srcset=\"https:\/\/ecmicrophones.com\/wp-content\/uploads\/2024\/05\/appearance-dimension_ecm-b9750up-45-1024x333.png 1024w, https:\/\/ecmicrophones.com\/wp-content\/uploads\/2024\/05\/appearance-dimension_ecm-b9750up-45-300x98.png 300w, https:\/\/ecmicrophones.com\/wp-content\/uploads\/2024\/05\/appearance-dimension_ecm-b9750up-45-768x250.png 768w, https:\/\/ecmicrophones.com\/wp-content\/uploads\/2024\/05\/appearance-dimension_ecm-b9750up-45-18x6.png 18w, https:\/\/ecmicrophones.com\/wp-content\/uploads\/2024\/05\/appearance-dimension_ecm-b9750up-45-600x195.png 600w, https:\/\/ecmicrophones.com\/wp-content\/uploads\/2024\/05\/appearance-dimension_ecm-b9750up-45.png 1431w\" sizes=\"auto, (max-width: 1024px) 100vw, 1024px\" \/><\/p>\n<p>C\u00e1psula de \u03a69,7 \u00d7 5,0 mm con malla antipolvo frontal y puerto ac\u00fastico trasero. Equipada con clavijas de 2 mm, con una separaci\u00f3n de 2,54 mm.<\/p>","protected":false},"excerpt":{"rendered":"<p>C\u00e1psula de micr\u00f3fono electret unidireccional para automoci\u00f3n de 9,7 \u00d7 5 mm con sensibilidad de -45 dB\u00b12, SNR de 58 dB y terminal de 2 patillas, dise\u00f1ada para m\u00f3dulos de control de voz, infoentretenimiento y comunicaci\u00f3n en veh\u00edculos.<\/p>","protected":false},"featured_media":2591,"comment_status":"open","ping_status":"closed","template":"","meta":[],"product_brand":[721],"product_cat":[16,21],"product_tag":[282,229,291],"class_list":{"0":"post-644","1":"product","2":"type-product","3":"status-publish","4":"has-post-thumbnail","6":"product_brand-ecmic","7":"product_cat-electret-microphones","8":"product_cat-unidirectional-microphones","9":"product_tag-9-7mm","10":"product_tag-equipment","11":"product_tag-pin-type","13":"first","14":"instock","15":"shipping-taxable","16":"purchasable","17":"product-type-simple"},"_links":{"self":[{"href":"https:\/\/ecmicrophones.com\/es\/wp-json\/wp\/v2\/product\/644","targetHints":{"allow":["GET"]}}],"collection":[{"href":"https:\/\/ecmicrophones.com\/es\/wp-json\/wp\/v2\/product"}],"about":[{"href":"https:\/\/ecmicrophones.com\/es\/wp-json\/wp\/v2\/types\/product"}],"replies":[{"embeddable":true,"href":"https:\/\/ecmicrophones.com\/es\/wp-json\/wp\/v2\/comments?post=644"}],"wp:featuredmedia":[{"embeddable":true,"href":"https:\/\/ecmicrophones.com\/es\/wp-json\/wp\/v2\/media\/2591"}],"wp:attachment":[{"href":"https:\/\/ecmicrophones.com\/es\/wp-json\/wp\/v2\/media?parent=644"}],"wp:term":[{"taxonomy":"product_brand","embeddable":true,"href":"https:\/\/ecmicrophones.com\/es\/wp-json\/wp\/v2\/product_brand?post=644"},{"taxonomy":"product_cat","embeddable":true,"href":"https:\/\/ecmicrophones.com\/es\/wp-json\/wp\/v2\/product_cat?post=644"},{"taxonomy":"product_tag","embeddable":true,"href":"https:\/\/ecmicrophones.com\/es\/wp-json\/wp\/v2\/product_tag?post=644"}],"curies":[{"name":"wp","href":"https:\/\/api.w.org\/{rel}","templated":true}]}}