{"id":68,"date":"2024-03-27T10:43:38","date_gmt":"2024-03-27T10:43:38","guid":{"rendered":"https:\/\/ecmicrophones.com\/?post_type=product&#038;p=68"},"modified":"2026-03-19T15:39:47","modified_gmt":"2026-03-19T07:39:47","slug":"dynamic-conference-headset-microphone-transducer-15mm","status":"publish","type":"product","link":"https:\/\/ecmicrophones.com\/es\/dynamic-conference-headset-microphone-transducer-15mm\/","title":{"rendered":"Transductor de micr\u00f3fono para auriculares de conferencia din\u00e1mica de 15 mm"},"content":{"rendered":"<h2 class=\"text-start\">Especificaciones t\u00e9cnicas<\/h2>\n<p class=\"text-start\">El ECM-DM1508K600 es una c\u00e1psula de micr\u00f3fono din\u00e1mico de 15 mm, dise\u00f1ada para dispositivos compactos de voz, ideal para micr\u00f3fonos de diadema, sistemas de conferencia, equipos de intercomunicaci\u00f3n y conjuntos de micr\u00f3fonos de mano.<\/p>\n<p class=\"text-start\">Su respuesta en frecuencia adaptada de 100 Hz a 9 kHz capta el rango vocal con claridad a la vez que aten\u00faa suavemente las frecuencias altas para reducir el ruido y la sibilancia. La impedancia de 600\u03a9 garantiza un rendimiento estable en la mayor\u00eda de los circuitos de amplificaci\u00f3n de voz.<\/p>\n<p class=\"text-start\">Con una construcci\u00f3n duradera y un factor de forma compacto, esta c\u00e1psula es muy adecuada para micr\u00f3fonos de diadema, micr\u00f3fonos de cuello de cisne, micr\u00f3fonos de mano y m\u00f3dulos de captaci\u00f3n de voz utilizados en educaci\u00f3n, comunicaci\u00f3n y megafon\u00eda.<\/p>\n<h3 class=\"pt-5 text-start\">Despiece y lista de piezas<\/h3>\n<p><img loading=\"lazy\" decoding=\"async\" class=\"alignnone wp-image-3897 size-full\" src=\"https:\/\/ecmicrophones.com\/wp-content\/uploads\/2024\/03\/dynamic-part_ecm-dm1508k-600.png\" alt=\"ECM-DM1508K Despiece: Conjunto de 8 componentes\" width=\"570\" height=\"300\" srcset=\"https:\/\/ecmicrophones.com\/wp-content\/uploads\/2024\/03\/dynamic-part_ecm-dm1508k-600.png 570w, https:\/\/ecmicrophones.com\/wp-content\/uploads\/2024\/03\/dynamic-part_ecm-dm1508k-600-300x158.png 300w, https:\/\/ecmicrophones.com\/wp-content\/uploads\/2024\/03\/dynamic-part_ecm-dm1508k-600-18x9.png 18w\" sizes=\"auto, (max-width: 570px) 100vw, 570px\" \/><\/p>\n<p>Desglose de componentes: 1.Esponja 2.Tapa 3.Diafragma 4.Bobina 5.Acero magn\u00e9tico 6.Ollas de hierro 7.Soporte 8.PCB+esta\u00f1o<\/p>\n<h3 class=\"pt-5 text-start\">Curva de respuesta en frecuencia<\/h3>\n<p><img loading=\"lazy\" decoding=\"async\" class=\"alignnone wp-image-246\" src=\"https:\/\/ecmicrophones.com\/wp-content\/uploads\/2024\/03\/response-curve_ecm-dm1508k-600.png\" alt=\"ECM-DM1508K Respuesta en frecuencia: Subida de 100 Hz a 8 kHz y atenuaci\u00f3n hasta 20 kHz\" width=\"542\" height=\"408\" srcset=\"https:\/\/ecmicrophones.com\/wp-content\/uploads\/2024\/03\/response-curve_ecm-dm1508k-600.png 852w, https:\/\/ecmicrophones.com\/wp-content\/uploads\/2024\/03\/response-curve_ecm-dm1508k-600-300x226.png 300w, https:\/\/ecmicrophones.com\/wp-content\/uploads\/2024\/03\/response-curve_ecm-dm1508k-600-768x579.png 768w, https:\/\/ecmicrophones.com\/wp-content\/uploads\/2024\/03\/response-curve_ecm-dm1508k-600-16x12.png 16w, https:\/\/ecmicrophones.com\/wp-content\/uploads\/2024\/03\/response-curve_ecm-dm1508k-600-600x452.png 600w\" sizes=\"auto, (max-width: 542px) 100vw, 542px\" \/><\/p>\n<p>Abarca de 100 Hz a 9 kHz y ofrece unos graves ricos y unos medios naturales con una suave atenuaci\u00f3n de los agudos, ideal para aplicaciones vocales.<\/p>\n<h3 class=\"pt-5 text-start\">Dimensiones (UNIDAD: mm)<\/h3>\n<p><img loading=\"lazy\" decoding=\"async\" class=\"alignnone size-full wp-image-247\" src=\"https:\/\/ecmicrophones.com\/wp-content\/uploads\/2024\/03\/appearance-size_ecm-dm1508k-600.png\" alt=\"ECM-DM1508K Dimensiones: \u03a615\u00d78mm\" width=\"332\" height=\"406\" srcset=\"https:\/\/ecmicrophones.com\/wp-content\/uploads\/2024\/03\/appearance-size_ecm-dm1508k-600.png 332w, https:\/\/ecmicrophones.com\/wp-content\/uploads\/2024\/03\/appearance-size_ecm-dm1508k-600-245x300.png 245w, https:\/\/ecmicrophones.com\/wp-content\/uploads\/2024\/03\/appearance-size_ecm-dm1508k-600-10x12.png 10w\" sizes=\"auto, (max-width: 332px) 100vw, 332px\" \/><\/p>\n<p>Carcasa compacta de \u03a615\u00d78 mm.<\/p>","protected":false},"excerpt":{"rendered":"<p>Optimizada para micr\u00f3fonos de diadema, terminales de comunicaci\u00f3n, sistemas de amplificaci\u00f3n para aulas y micr\u00f3fonos din\u00e1micos de mano, esta compacta c\u00e1psula de micr\u00f3fono din\u00e1mico unidireccional de 15 \u00d7 8 mm presenta un rango de frecuencias de 100 Hz a 9 kHz y una impedancia de 600 \u03a9 para una captaci\u00f3n clara y centrada de la voz.<\/p>","protected":false},"featured_media":2414,"comment_status":"open","ping_status":"closed","template":"","meta":[],"product_brand":[721],"product_cat":[17],"product_tag":[311,235],"class_list":{"0":"post-68","1":"product","2":"type-product","3":"status-publish","4":"has-post-thumbnail","6":"product_brand-ecmic","7":"product_cat-dynamic-microphones","8":"product_tag-15mm","9":"product_tag-conference","11":"first","12":"instock","13":"shipping-taxable","14":"purchasable","15":"product-type-simple"},"_links":{"self":[{"href":"https:\/\/ecmicrophones.com\/es\/wp-json\/wp\/v2\/product\/68","targetHints":{"allow":["GET"]}}],"collection":[{"href":"https:\/\/ecmicrophones.com\/es\/wp-json\/wp\/v2\/product"}],"about":[{"href":"https:\/\/ecmicrophones.com\/es\/wp-json\/wp\/v2\/types\/product"}],"replies":[{"embeddable":true,"href":"https:\/\/ecmicrophones.com\/es\/wp-json\/wp\/v2\/comments?post=68"}],"wp:featuredmedia":[{"embeddable":true,"href":"https:\/\/ecmicrophones.com\/es\/wp-json\/wp\/v2\/media\/2414"}],"wp:attachment":[{"href":"https:\/\/ecmicrophones.com\/es\/wp-json\/wp\/v2\/media?parent=68"}],"wp:term":[{"taxonomy":"product_brand","embeddable":true,"href":"https:\/\/ecmicrophones.com\/es\/wp-json\/wp\/v2\/product_brand?post=68"},{"taxonomy":"product_cat","embeddable":true,"href":"https:\/\/ecmicrophones.com\/es\/wp-json\/wp\/v2\/product_cat?post=68"},{"taxonomy":"product_tag","embeddable":true,"href":"https:\/\/ecmicrophones.com\/es\/wp-json\/wp\/v2\/product_tag?post=68"}],"curies":[{"name":"wp","href":"https:\/\/api.w.org\/{rel}","templated":true}]}}