{"id":704,"date":"2024-05-21T17:31:16","date_gmt":"2024-05-21T09:31:16","guid":{"rendered":"https:\/\/ecmicrophones.com\/?post_type=product&#038;p=704"},"modified":"2026-03-19T15:32:09","modified_gmt":"2026-03-19T07:32:09","slug":"15mm-dynamic-microphone-replacement-cartridge-for-loudspeakers","status":"publish","type":"product","link":"https:\/\/ecmicrophones.com\/es\/15mm-dynamic-microphone-replacement-cartridge-for-loudspeakers\/","title":{"rendered":"C\u00e1psula de repuesto para micr\u00f3fono din\u00e1mico de 15 mm para altavoces"},"content":{"rendered":"<h2 class=\"text-start\">Especificaciones t\u00e9cnicas<\/h2>\n<p class=\"text-start\">La ECM-DM1508K250 es una c\u00e1psula de micr\u00f3fono din\u00e1mica compacta dise\u00f1ada para aplicaciones de voz. Con una respuesta en frecuencia que abarca de 100 Hz a 9 kHz, captura el rango vocal con claridad y calidez, por lo que es ideal para sistemas de megafon\u00eda, ayudas a la ense\u00f1anza y soluciones de micr\u00f3fono de diadema.<\/p>\n<p class=\"text-start\">Su patr\u00f3n polar unidireccional garantiza una captura de audio enfocada con un ruido ambiente reducido, mientras que las opciones de impedancia de 200\u03a9 o 250\u03a9 proporcionan una amplia compatibilidad con circuitos de amplificaci\u00f3n e interfaces de audio.<\/p>\n<p class=\"text-start\">Dise\u00f1ado para su integraci\u00f3n en dispositivos de mano o de diadema, el ECM-DM1508K250 ofrece un rendimiento estable en escenarios de amplificaci\u00f3n de voz tanto profesionales como cotidianos, desde aulas hasta locales de karaoke.<\/p>\n<h3 class=\"pt-5 text-start\">Despiece y lista de piezas<\/h3>\n<p><img loading=\"lazy\" decoding=\"async\" class=\"alignnone size-full wp-image-712\" src=\"https:\/\/ecmicrophones.com\/wp-content\/uploads\/2024\/05\/dynamic-part_ecm-dm1508k250.jpg\" alt=\"Despiece de la c\u00e1psula de micr\u00f3fono din\u00e1mico ECM-DM1508K250\" width=\"605\" height=\"316\" srcset=\"https:\/\/ecmicrophones.com\/wp-content\/uploads\/2024\/05\/dynamic-part_ecm-dm1508k250.jpg 605w, https:\/\/ecmicrophones.com\/wp-content\/uploads\/2024\/05\/dynamic-part_ecm-dm1508k250-300x157.jpg 300w, https:\/\/ecmicrophones.com\/wp-content\/uploads\/2024\/05\/dynamic-part_ecm-dm1508k250-18x9.jpg 18w, https:\/\/ecmicrophones.com\/wp-content\/uploads\/2024\/05\/dynamic-part_ecm-dm1508k250-600x313.jpg 600w\" sizes=\"auto, (max-width: 605px) 100vw, 605px\" \/><\/p>\n<p>Incluye esponja, tapa, diafragma, bobina, acero magn\u00e9tico, olla de hierro, soporte y placa de circuito impreso con soldadura.<\/p>\n<h3 class=\"pt-5 text-start\">Curva de respuesta en frecuencia<\/h3>\n<p><img loading=\"lazy\" decoding=\"async\" class=\"alignnone size-full wp-image-713\" src=\"https:\/\/ecmicrophones.com\/wp-content\/uploads\/2024\/05\/response-curve_ecm-dm1508k250.png\" alt=\"Respuesta en frecuencia de ECM-DM1508K250\" width=\"835\" height=\"616\" srcset=\"https:\/\/ecmicrophones.com\/wp-content\/uploads\/2024\/05\/response-curve_ecm-dm1508k250.png 835w, https:\/\/ecmicrophones.com\/wp-content\/uploads\/2024\/05\/response-curve_ecm-dm1508k250-300x221.png 300w, https:\/\/ecmicrophones.com\/wp-content\/uploads\/2024\/05\/response-curve_ecm-dm1508k250-768x567.png 768w, https:\/\/ecmicrophones.com\/wp-content\/uploads\/2024\/05\/response-curve_ecm-dm1508k250-16x12.png 16w, https:\/\/ecmicrophones.com\/wp-content\/uploads\/2024\/05\/response-curve_ecm-dm1508k250-600x443.png 600w\" sizes=\"auto, (max-width: 835px) 100vw, 835px\" \/><\/p>\n<p>La respuesta en frecuencia abarca de 100 Hz a 9 kHz, lo que proporciona unos graves con cuerpo, unos medios equilibrados y una atenuaci\u00f3n natural de los agudos, ideales para una reproducci\u00f3n vocal n\u00edtida.<\/p>\n<h3 class=\"pt-5 text-start\">Dimensiones (Unidad: mm)<\/h3>\n<p><img loading=\"lazy\" decoding=\"async\" class=\"alignnone size-full wp-image-711\" src=\"https:\/\/ecmicrophones.com\/wp-content\/uploads\/2024\/05\/appearance-size_ecm-dm1508k250.png\" alt=\"Dimensiones de ECM-DM1508K250: \u03a615\u00d78.0mm\" width=\"545\" height=\"475\" srcset=\"https:\/\/ecmicrophones.com\/wp-content\/uploads\/2024\/05\/appearance-size_ecm-dm1508k250.png 545w, https:\/\/ecmicrophones.com\/wp-content\/uploads\/2024\/05\/appearance-size_ecm-dm1508k250-300x261.png 300w, https:\/\/ecmicrophones.com\/wp-content\/uploads\/2024\/05\/appearance-size_ecm-dm1508k250-14x12.png 14w\" sizes=\"auto, (max-width: 545px) 100vw, 545px\" \/><\/p>\n<p>C\u00e1psula de micr\u00f3fono din\u00e1mico con tama\u00f1o \u03a615 \u00d7 8 mm, dise\u00f1ada para la captura de sonido centrado en la voz con presencia acentuada de frecuencias medias.<\/p>","protected":false},"excerpt":{"rendered":"<div>\n<div>Optimizada para una captaci\u00f3n vocal clara en sistemas de amplificaci\u00f3n de voz, micr\u00f3fonos de diadema y sustitutos de micr\u00f3fonos de mano KTV, esta c\u00e1psula de micr\u00f3fono din\u00e1mico unidireccional de 15 \u00d7 8 mm presenta una respuesta de frecuencia de 100 Hz-9 kHz y opciones de impedancia de 200\u03a9 o 250\u03a9. Ofrece un sonido c\u00e1lido y concentrado ideal para uso profesional y de entretenimiento.<\/div>\n<\/div>","protected":false},"featured_media":2413,"comment_status":"open","ping_status":"closed","template":"","meta":[],"product_brand":[721],"product_cat":[17],"product_tag":[311,229],"class_list":{"0":"post-704","1":"product","2":"type-product","3":"status-publish","4":"has-post-thumbnail","6":"product_brand-ecmic","7":"product_cat-dynamic-microphones","8":"product_tag-15mm","9":"product_tag-equipment","11":"first","12":"instock","13":"shipping-taxable","14":"purchasable","15":"product-type-simple"},"_links":{"self":[{"href":"https:\/\/ecmicrophones.com\/es\/wp-json\/wp\/v2\/product\/704","targetHints":{"allow":["GET"]}}],"collection":[{"href":"https:\/\/ecmicrophones.com\/es\/wp-json\/wp\/v2\/product"}],"about":[{"href":"https:\/\/ecmicrophones.com\/es\/wp-json\/wp\/v2\/types\/product"}],"replies":[{"embeddable":true,"href":"https:\/\/ecmicrophones.com\/es\/wp-json\/wp\/v2\/comments?post=704"}],"wp:featuredmedia":[{"embeddable":true,"href":"https:\/\/ecmicrophones.com\/es\/wp-json\/wp\/v2\/media\/2413"}],"wp:attachment":[{"href":"https:\/\/ecmicrophones.com\/es\/wp-json\/wp\/v2\/media?parent=704"}],"wp:term":[{"taxonomy":"product_brand","embeddable":true,"href":"https:\/\/ecmicrophones.com\/es\/wp-json\/wp\/v2\/product_brand?post=704"},{"taxonomy":"product_cat","embeddable":true,"href":"https:\/\/ecmicrophones.com\/es\/wp-json\/wp\/v2\/product_cat?post=704"},{"taxonomy":"product_tag","embeddable":true,"href":"https:\/\/ecmicrophones.com\/es\/wp-json\/wp\/v2\/product_tag?post=704"}],"curies":[{"name":"wp","href":"https:\/\/api.w.org\/{rel}","templated":true}]}}