{"id":718,"date":"2024-05-21T17:35:01","date_gmt":"2024-05-21T09:35:01","guid":{"rendered":"https:\/\/ecmicrophones.com\/?post_type=product&#038;p=718"},"modified":"2026-03-19T15:31:50","modified_gmt":"2026-03-19T07:31:50","slug":"dynamic-boom-microphone-capsule-19mm","status":"publish","type":"product","link":"https:\/\/ecmicrophones.com\/es\/dynamic-boom-microphone-capsule-19mm\/","title":{"rendered":"C\u00e1psula de micr\u00f3fono con brazo din\u00e1mico de 19 mm"},"content":{"rendered":"<h2 class=\"text-start\">Especificaciones t\u00e9cnicas<\/h2>\n<p class=\"text-start\">La c\u00e1psula del micr\u00f3fono din\u00e1mico ECM-DM1910K600 est\u00e1 dise\u00f1ada para captar la voz de forma clara y articulada, con un patr\u00f3n unidireccional que minimiza el ruido de fondo. Con una respuesta de frecuencia de trabajo de 100 Hz a 10 kHz, se centra en el rango de voz, garantizando la inteligibilidad en la comunicaci\u00f3n en directo y grabada.<\/p>\n<p class=\"text-start\">Su impedancia de 600\u03a9 ofrece una gran estabilidad de la se\u00f1al en diversos sistemas de audio, mientras que su formato compacto de 19 \u00d7 10 mm lo hace ideal para su integraci\u00f3n en micr\u00f3fonos de mano y auriculares de brazo y otros dise\u00f1os con limitaciones de espacio.<\/p>\n<p class=\"text-start\">Tanto si se utiliza en entornos de radiodifusi\u00f3n, auriculares de centros de llamadas o sistemas de megafon\u00eda port\u00e1tiles, el ECM-DM1910K600 ofrece una captura de voz uniforme y fiable, lo que lo convierte en una opci\u00f3n s\u00f3lida para los fabricantes que desarrollan soluciones de micr\u00f3fonos din\u00e1micos robustos.<\/p>\n<h3 class=\"pt-5 text-start\">Despiece y lista de piezas<\/h3>\n<p><img loading=\"lazy\" decoding=\"async\" class=\"alignnone wp-image-3888 size-full\" src=\"https:\/\/ecmicrophones.com\/wp-content\/uploads\/2024\/05\/dynamic-part_ecm-dm1910k600.png\" alt=\"Parte din\u00e1mica\" width=\"570\" height=\"280\" srcset=\"https:\/\/ecmicrophones.com\/wp-content\/uploads\/2024\/05\/dynamic-part_ecm-dm1910k600.png 570w, https:\/\/ecmicrophones.com\/wp-content\/uploads\/2024\/05\/dynamic-part_ecm-dm1910k600-300x147.png 300w, https:\/\/ecmicrophones.com\/wp-content\/uploads\/2024\/05\/dynamic-part_ecm-dm1910k600-18x9.png 18w\" sizes=\"auto, (max-width: 570px) 100vw, 570px\" \/><\/p>\n<p><strong>Lista de piezas:<\/strong> Esponja, Cubierta, Diafragma, Bobina, Acero magn\u00e9tico, Olla de hierro, Soporte, PCB + Esta\u00f1o.<\/p>\n<h3 class=\"pt-5 text-start\">Curva de respuesta en frecuencia<\/h3>\n<p><img loading=\"lazy\" decoding=\"async\" class=\"alignnone size-full wp-image-721\" src=\"https:\/\/ecmicrophones.com\/wp-content\/uploads\/2024\/05\/response-curve_ecm-dm1910k600.jpg\" alt=\"Curva de respuesta\" width=\"644\" height=\"514\" srcset=\"https:\/\/ecmicrophones.com\/wp-content\/uploads\/2024\/05\/response-curve_ecm-dm1910k600.jpg 644w, https:\/\/ecmicrophones.com\/wp-content\/uploads\/2024\/05\/response-curve_ecm-dm1910k600-300x239.jpg 300w, https:\/\/ecmicrophones.com\/wp-content\/uploads\/2024\/05\/response-curve_ecm-dm1910k600-15x12.jpg 15w, https:\/\/ecmicrophones.com\/wp-content\/uploads\/2024\/05\/response-curve_ecm-dm1910k600-600x479.jpg 600w\" sizes=\"auto, (max-width: 644px) 100vw, 644px\" \/><\/p>\n<p><strong>Respuesta de frecuencia:<\/strong> 100 Hz-10 kHz. Dise\u00f1ado para ofrecer una captura de voz clara con \u00e9nfasis en el rango vocal.<\/p>\n<h3 class=\"pt-5 text-start\">Dimensiones (UNIDAD: mm)<\/h3>\n<p><img loading=\"lazy\" decoding=\"async\" class=\"alignnone size-full wp-image-719\" src=\"https:\/\/ecmicrophones.com\/wp-content\/uploads\/2024\/05\/appearance-size_ecm-dm1910k600.jpg\" alt=\"Tama\u00f1o de apariencia\" width=\"308\" height=\"354\" srcset=\"https:\/\/ecmicrophones.com\/wp-content\/uploads\/2024\/05\/appearance-size_ecm-dm1910k600.jpg 308w, https:\/\/ecmicrophones.com\/wp-content\/uploads\/2024\/05\/appearance-size_ecm-dm1910k600-261x300.jpg 261w, https:\/\/ecmicrophones.com\/wp-content\/uploads\/2024\/05\/appearance-size_ecm-dm1910k600-10x12.jpg 10w\" sizes=\"auto, (max-width: 308px) 100vw, 308px\" \/><\/p>\n<p><strong>Dimensiones:<\/strong> Di\u00e1metro: 19,1 mm; altura: 10 mm.<\/p>","protected":false},"excerpt":{"rendered":"<p>Optimizada para micr\u00f3fonos de mano y de brazo, esta c\u00e1psula de micr\u00f3fono din\u00e1mico unidireccional de 19 mm ofrece una captaci\u00f3n vocal enfocada y natural con una respuesta de frecuencia de 100 Hz a 10 kHz y una impedancia de 600 \u03a9, ideal para aplicaciones de radiodifusi\u00f3n, comunicaci\u00f3n y manos libres.<\/p>","protected":false},"featured_media":2424,"comment_status":"open","ping_status":"closed","template":"","meta":[],"product_brand":[721],"product_cat":[17],"product_tag":[310,116],"class_list":{"0":"post-718","1":"product","2":"type-product","3":"status-publish","4":"has-post-thumbnail","6":"product_brand-ecmic","7":"product_cat-dynamic-microphones","8":"product_tag-19mm","9":"product_tag-vocal","11":"first","12":"instock","13":"shipping-taxable","14":"purchasable","15":"product-type-simple"},"_links":{"self":[{"href":"https:\/\/ecmicrophones.com\/es\/wp-json\/wp\/v2\/product\/718","targetHints":{"allow":["GET"]}}],"collection":[{"href":"https:\/\/ecmicrophones.com\/es\/wp-json\/wp\/v2\/product"}],"about":[{"href":"https:\/\/ecmicrophones.com\/es\/wp-json\/wp\/v2\/types\/product"}],"replies":[{"embeddable":true,"href":"https:\/\/ecmicrophones.com\/es\/wp-json\/wp\/v2\/comments?post=718"}],"wp:featuredmedia":[{"embeddable":true,"href":"https:\/\/ecmicrophones.com\/es\/wp-json\/wp\/v2\/media\/2424"}],"wp:attachment":[{"href":"https:\/\/ecmicrophones.com\/es\/wp-json\/wp\/v2\/media?parent=718"}],"wp:term":[{"taxonomy":"product_brand","embeddable":true,"href":"https:\/\/ecmicrophones.com\/es\/wp-json\/wp\/v2\/product_brand?post=718"},{"taxonomy":"product_cat","embeddable":true,"href":"https:\/\/ecmicrophones.com\/es\/wp-json\/wp\/v2\/product_cat?post=718"},{"taxonomy":"product_tag","embeddable":true,"href":"https:\/\/ecmicrophones.com\/es\/wp-json\/wp\/v2\/product_tag?post=718"}],"curies":[{"name":"wp","href":"https:\/\/api.w.org\/{rel}","templated":true}]}}