{"id":722,"date":"2024-05-21T17:34:25","date_gmt":"2024-05-21T09:34:25","guid":{"rendered":"https:\/\/ecmicrophones.com\/?post_type=product&#038;p=722"},"modified":"2026-03-19T15:32:00","modified_gmt":"2026-03-19T07:32:00","slug":"handheld-ktv-microphone-capsule-19mm","status":"publish","type":"product","link":"https:\/\/ecmicrophones.com\/es\/handheld-ktv-microphone-capsule-19mm\/","title":{"rendered":"C\u00e1psula de micr\u00f3fono KTV de mano din\u00e1mico de 19 mm"},"content":{"rendered":"<h2 class=\"text-start\">Especificaciones t\u00e9cnicas<\/h2>\n<p class=\"text-start\">La c\u00e1psula del micr\u00f3fono din\u00e1mico ECM-DM1910K150 est\u00e1 fabricada para una captaci\u00f3n vocal estable y natural, con una respuesta de frecuencia de 100 Hz a 7 kHz optimizada para una mayor claridad de voz en aplicaciones de mano y auriculares. Su patr\u00f3n unidireccional reduce eficazmente el ruido ambiente, centr\u00e1ndose en la voz del orador.<\/p>\n<p class=\"text-start\">Con una impedancia de salida de 150\u03a9 y una estructura compacta de 19,1 \u00d7 10 mm, esta c\u00e1psula se integra f\u00e1cilmente en micr\u00f3fonos KTV, auriculares de intercomunicaci\u00f3n y dispositivos de comunicaci\u00f3n de estilo aeron\u00e1utico. Ofrece un rendimiento y una durabilidad constantes para su uso diario en entornos industriales y de ocio.<\/p>\n<p class=\"text-start\">Tanto si se utiliza en micr\u00f3fonos de mano para uso p\u00fablico como en sistemas manos libres para comunicaci\u00f3n profesional, el ECM-DM1910K150 ofrece una claridad de voz fiable con una retroalimentaci\u00f3n m\u00ednima y un fuerte rechazo del fondo.<\/p>\n<h3 class=\"pt-5 text-start\">Despiece y lista de piezas<\/h3>\n<p><img loading=\"lazy\" decoding=\"async\" class=\"alignnone wp-image-3889 size-full\" src=\"https:\/\/ecmicrophones.com\/wp-content\/uploads\/2024\/05\/dynamic-part_ecm-dm1910k150.png\" alt=\"Parte din\u00e1mica\" width=\"570\" height=\"310\" srcset=\"https:\/\/ecmicrophones.com\/wp-content\/uploads\/2024\/05\/dynamic-part_ecm-dm1910k150.png 570w, https:\/\/ecmicrophones.com\/wp-content\/uploads\/2024\/05\/dynamic-part_ecm-dm1910k150-300x163.png 300w, https:\/\/ecmicrophones.com\/wp-content\/uploads\/2024\/05\/dynamic-part_ecm-dm1910k150-18x10.png 18w\" sizes=\"auto, (max-width: 570px) 100vw, 570px\" \/><\/p>\n<p><strong>Lista de piezas:<\/strong> Esponja, Cubierta, Diafragma, Bobina, Acero magn\u00e9tico, Olla de hierro, Soporte, PCB + Esta\u00f1o.<\/p>\n<h3 class=\"pt-5 text-start\">Curva de respuesta en frecuencia<\/h3>\n<p><img loading=\"lazy\" decoding=\"async\" class=\"alignnone size-full wp-image-723\" src=\"https:\/\/ecmicrophones.com\/wp-content\/uploads\/2024\/05\/response-curve_ecm-dm1910k150.jpg\" alt=\"Curva de respuesta\" width=\"641\" height=\"485\" srcset=\"https:\/\/ecmicrophones.com\/wp-content\/uploads\/2024\/05\/response-curve_ecm-dm1910k150.jpg 641w, https:\/\/ecmicrophones.com\/wp-content\/uploads\/2024\/05\/response-curve_ecm-dm1910k150-300x227.jpg 300w, https:\/\/ecmicrophones.com\/wp-content\/uploads\/2024\/05\/response-curve_ecm-dm1910k150-16x12.jpg 16w, https:\/\/ecmicrophones.com\/wp-content\/uploads\/2024\/05\/response-curve_ecm-dm1910k150-600x454.jpg 600w\" sizes=\"auto, (max-width: 641px) 100vw, 641px\" \/><\/p>\n<p><strong>Respuesta de frecuencia:<\/strong> 100 Hz-7 kHz. Adecuado para aplicaciones de rango de voz est\u00e1ndar con un rendimiento estable en frecuencias medias.<\/p>\n<h3 class=\"pt-5 text-start\">Dimensiones (UNIDAD: mm)<\/h3>\n<p><img loading=\"lazy\" decoding=\"async\" class=\"alignnone size-full wp-image-3137\" src=\"https:\/\/ecmicrophones.com\/wp-content\/uploads\/2024\/05\/appearance-size_ecm-dm1910k150.png\" alt=\"Tama\u00f1o de apariencia\" width=\"365\" height=\"350\" srcset=\"https:\/\/ecmicrophones.com\/wp-content\/uploads\/2024\/05\/appearance-size_ecm-dm1910k150.png 365w, https:\/\/ecmicrophones.com\/wp-content\/uploads\/2024\/05\/appearance-size_ecm-dm1910k150-300x288.png 300w, https:\/\/ecmicrophones.com\/wp-content\/uploads\/2024\/05\/appearance-size_ecm-dm1910k150-13x12.png 13w\" sizes=\"auto, (max-width: 365px) 100vw, 365px\" \/><\/p>\n<p><strong>Dimensiones:<\/strong> Di\u00e1metro: 19,1 mm; altura: 10 mm.<\/p>","protected":false},"excerpt":{"rendered":"<p>Optimizada para micr\u00f3fonos de brazo, esta c\u00e1psula de micr\u00f3fono din\u00e1mico unidireccional de 19 mm ofrece una captaci\u00f3n vocal clara y natural con una respuesta de frecuencia de 100 Hz-10 kHz y una impedancia de 600 \u03a9, ideal para aplicaciones de radiodifusi\u00f3n, comunicaci\u00f3n y manos libres.<\/p>","protected":false},"featured_media":2420,"comment_status":"open","ping_status":"closed","template":"","meta":[],"product_brand":[721],"product_cat":[17],"product_tag":[310,116],"class_list":{"0":"post-722","1":"product","2":"type-product","3":"status-publish","4":"has-post-thumbnail","6":"product_brand-ecmic","7":"product_cat-dynamic-microphones","8":"product_tag-19mm","9":"product_tag-vocal","11":"first","12":"instock","13":"shipping-taxable","14":"purchasable","15":"product-type-simple"},"_links":{"self":[{"href":"https:\/\/ecmicrophones.com\/es\/wp-json\/wp\/v2\/product\/722","targetHints":{"allow":["GET"]}}],"collection":[{"href":"https:\/\/ecmicrophones.com\/es\/wp-json\/wp\/v2\/product"}],"about":[{"href":"https:\/\/ecmicrophones.com\/es\/wp-json\/wp\/v2\/types\/product"}],"replies":[{"embeddable":true,"href":"https:\/\/ecmicrophones.com\/es\/wp-json\/wp\/v2\/comments?post=722"}],"wp:featuredmedia":[{"embeddable":true,"href":"https:\/\/ecmicrophones.com\/es\/wp-json\/wp\/v2\/media\/2420"}],"wp:attachment":[{"href":"https:\/\/ecmicrophones.com\/es\/wp-json\/wp\/v2\/media?parent=722"}],"wp:term":[{"taxonomy":"product_brand","embeddable":true,"href":"https:\/\/ecmicrophones.com\/es\/wp-json\/wp\/v2\/product_brand?post=722"},{"taxonomy":"product_cat","embeddable":true,"href":"https:\/\/ecmicrophones.com\/es\/wp-json\/wp\/v2\/product_cat?post=722"},{"taxonomy":"product_tag","embeddable":true,"href":"https:\/\/ecmicrophones.com\/es\/wp-json\/wp\/v2\/product_tag?post=722"}],"curies":[{"name":"wp","href":"https:\/\/api.w.org\/{rel}","templated":true}]}}