{"id":734,"date":"2024-05-23T14:45:38","date_gmt":"2024-05-23T06:45:38","guid":{"rendered":"https:\/\/ecmicrophones.com\/?post_type=product&#038;p=734"},"modified":"2026-03-19T15:31:35","modified_gmt":"2026-03-19T07:31:35","slug":"dirt-bike-helmet-microphone-capsule","status":"publish","type":"product","link":"https:\/\/ecmicrophones.com\/es\/dirt-bike-helmet-microphone-capsule\/","title":{"rendered":"C\u00e1psula de micr\u00f3fono para casco de moto de cross"},"content":{"rendered":"<h2 class=\"text-start\">Especificaciones t\u00e9cnicas<\/h2>\n<p class=\"text-start\">Nuestro cabezal de micr\u00f3fono unidireccional para casco 6027 fabricado profesionalmente protege eficazmente contra interferencias de RF. Cuenta con un RF JFET coreano, lo que garantiza una calidad estable y confiable.<\/p>\n<h3 class=\"pt-5 text-start\">Circuito de prueba est\u00e1ndar<\/h3>\n<p> <img loading=\"lazy\" decoding=\"async\" class=\"alignnone size-full wp-image-736\" src=\"https:\/\/ecmicrophones.com\/wp-content\/uploads\/2024\/05\/standard-test-circuit_ecm-b6027ul-50.png\" alt=\"Circuito de prueba est\u00e1ndar\" width=\"581\" height=\"249\" srcset=\"https:\/\/ecmicrophones.com\/wp-content\/uploads\/2024\/05\/standard-test-circuit_ecm-b6027ul-50.png 581w, https:\/\/ecmicrophones.com\/wp-content\/uploads\/2024\/05\/standard-test-circuit_ecm-b6027ul-50-300x129.png 300w, https:\/\/ecmicrophones.com\/wp-content\/uploads\/2024\/05\/standard-test-circuit_ecm-b6027ul-50-18x8.png 18w\" sizes=\"auto, (max-width: 581px) 100vw, 581px\" \/> <\/p>\n<p>Condiciones de prueba: RL = 680\u03a9, Vs = 1,5V, C = 1\u03bcF<\/p>\n<h3 class=\"pt-5 text-start\">Respuesta de frecuencia t\u00edpica<\/h3>\n<p> <img loading=\"lazy\" decoding=\"async\" class=\"alignnone size-full wp-image-737\" src=\"https:\/\/ecmicrophones.com\/wp-content\/uploads\/2024\/05\/typical-frequency-response_ecm-b6027ul-50.png\" alt=\"Respuesta de frecuencia t\u00edpica\" width=\"634\" height=\"298\" srcset=\"https:\/\/ecmicrophones.com\/wp-content\/uploads\/2024\/05\/typical-frequency-response_ecm-b6027ul-50.png 634w, https:\/\/ecmicrophones.com\/wp-content\/uploads\/2024\/05\/typical-frequency-response_ecm-b6027ul-50-300x141.png 300w, https:\/\/ecmicrophones.com\/wp-content\/uploads\/2024\/05\/typical-frequency-response_ecm-b6027ul-50-18x8.png 18w, https:\/\/ecmicrophones.com\/wp-content\/uploads\/2024\/05\/typical-frequency-response_ecm-b6027ul-50-600x282.png 600w\" sizes=\"auto, (max-width: 634px) 100vw, 634px\" \/> <\/p>\n<p>La respuesta en frecuencia abarca de 100 Hz a 16 kHz, con una tendencia ascendente constante que mejora la claridad en todo el espectro.<\/p>\n<h3 class=\"pt-5 text-start\">Dimensiones (UNIDAD: mm)<\/h3>\n<p> <img loading=\"lazy\" decoding=\"async\" class=\"alignnone size-full wp-image-735\" src=\"https:\/\/ecmicrophones.com\/wp-content\/uploads\/2024\/05\/appearance-dimension_ecm-b6027ul-50.png\" alt=\"Dimensi\u00f3n de apariencia\" width=\"785\" height=\"253\" srcset=\"https:\/\/ecmicrophones.com\/wp-content\/uploads\/2024\/05\/appearance-dimension_ecm-b6027ul-50.png 785w, https:\/\/ecmicrophones.com\/wp-content\/uploads\/2024\/05\/appearance-dimension_ecm-b6027ul-50-300x97.png 300w, https:\/\/ecmicrophones.com\/wp-content\/uploads\/2024\/05\/appearance-dimension_ecm-b6027ul-50-768x248.png 768w, https:\/\/ecmicrophones.com\/wp-content\/uploads\/2024\/05\/appearance-dimension_ecm-b6027ul-50-18x6.png 18w, https:\/\/ecmicrophones.com\/wp-content\/uploads\/2024\/05\/appearance-dimension_ecm-b6027ul-50-600x193.png 600w\" sizes=\"auto, (max-width: 785px) 100vw, 785px\" \/> <\/p>\n<p>La c\u00e1psula mide 6 mm de di\u00e1metro y 2,7 mm de altura. La parte frontal est\u00e1 protegida por una malla antipolvo, mientras que la trasera incluye un puerto ac\u00fastico para captar el sonido.<\/p>","protected":false},"excerpt":{"rendered":"<p>El ECM-B6027UL-50 es una c\u00e1psula de micr\u00f3fono unidireccional de 6 \u00d7 2,7 mm dise\u00f1ada principalmente para aplicaciones en cascos de ciclismo. Con una sensibilidad de -50 dB \u00b1 2 y una relaci\u00f3n se\u00f1al\/ruido de 60 dB, garantiza una captura de sonido clara incluso en entornos al aire libre.<\/p>","protected":false},"featured_media":2666,"comment_status":"open","ping_status":"closed","template":"","meta":[],"product_brand":[721],"product_cat":[21,16],"product_tag":[283,229,288],"class_list":{"0":"post-734","1":"product","2":"type-product","3":"status-publish","4":"has-post-thumbnail","6":"product_brand-ecmic","7":"product_cat-unidirectional-microphones","8":"product_cat-electret-microphones","9":"product_tag-6mm","10":"product_tag-equipment","11":"product_tag-solder-pads","13":"first","14":"instock","15":"shipping-taxable","16":"purchasable","17":"product-type-simple"},"_links":{"self":[{"href":"https:\/\/ecmicrophones.com\/es\/wp-json\/wp\/v2\/product\/734","targetHints":{"allow":["GET"]}}],"collection":[{"href":"https:\/\/ecmicrophones.com\/es\/wp-json\/wp\/v2\/product"}],"about":[{"href":"https:\/\/ecmicrophones.com\/es\/wp-json\/wp\/v2\/types\/product"}],"replies":[{"embeddable":true,"href":"https:\/\/ecmicrophones.com\/es\/wp-json\/wp\/v2\/comments?post=734"}],"wp:featuredmedia":[{"embeddable":true,"href":"https:\/\/ecmicrophones.com\/es\/wp-json\/wp\/v2\/media\/2666"}],"wp:attachment":[{"href":"https:\/\/ecmicrophones.com\/es\/wp-json\/wp\/v2\/media?parent=734"}],"wp:term":[{"taxonomy":"product_brand","embeddable":true,"href":"https:\/\/ecmicrophones.com\/es\/wp-json\/wp\/v2\/product_brand?post=734"},{"taxonomy":"product_cat","embeddable":true,"href":"https:\/\/ecmicrophones.com\/es\/wp-json\/wp\/v2\/product_cat?post=734"},{"taxonomy":"product_tag","embeddable":true,"href":"https:\/\/ecmicrophones.com\/es\/wp-json\/wp\/v2\/product_tag?post=734"}],"curies":[{"name":"wp","href":"https:\/\/api.w.org\/{rel}","templated":true}]}}