{"id":748,"date":"2024-05-23T16:47:49","date_gmt":"2024-05-23T08:47:49","guid":{"rendered":"https:\/\/ecmicrophones.com\/?post_type=product&#038;p=748"},"modified":"2026-03-19T15:31:12","modified_gmt":"2026-03-19T07:31:12","slug":"bone-conduction-microphone-capsule-9-7mm","status":"publish","type":"product","link":"https:\/\/ecmicrophones.com\/es\/bone-conduction-microphone-capsule-9-7mm\/","title":{"rendered":"C\u00e1psula de micr\u00f3fono de conducci\u00f3n \u00f3sea de 9,7 mm"},"content":{"rendered":"<h2 class=\"text-start\">Especificaciones t\u00e9cnicas<\/h2>\n<p class=\"text-start\">Nuestro n\u00facleo de micr\u00f3fono de conducci\u00f3n \u00f3sea de alta fidelidad 9745 cuenta con bombeo de pulso preciso y sensores de microvibraci\u00f3n de alta sensibilidad, lo que garantiza una transmisi\u00f3n de se\u00f1al precisa y resistencia a las interferencias, lo que da como resultado un rendimiento de audio superior.<\/p>\n<h3 class=\"pt-5 text-start\">Circuito de prueba est\u00e1ndar<\/h3>\n<p><img loading=\"lazy\" decoding=\"async\" class=\"alignnone size-full wp-image-752\" src=\"https:\/\/ecmicrophones.com\/wp-content\/uploads\/2024\/05\/standard-test-circuit_ecm-b9745al70-318a.png\" alt=\"Circuito de prueba ECM-B9745AL70: 2,2k\u03a9 de polarizaci\u00f3n, 4,5V de alimentaci\u00f3n, 1\u03bcF de salida.\" width=\"463\" height=\"205\" srcset=\"https:\/\/ecmicrophones.com\/wp-content\/uploads\/2024\/05\/standard-test-circuit_ecm-b9745al70-318a.png 463w, https:\/\/ecmicrophones.com\/wp-content\/uploads\/2024\/05\/standard-test-circuit_ecm-b9745al70-318a-300x133.png 300w, https:\/\/ecmicrophones.com\/wp-content\/uploads\/2024\/05\/standard-test-circuit_ecm-b9745al70-318a-18x8.png 18w\" sizes=\"auto, (max-width: 463px) 100vw, 463px\" \/><\/p>\n<p>El circuito de prueba emplea una resistencia de polarizaci\u00f3n de 2,2k\u03a9, una tensi\u00f3n de alimentaci\u00f3n de 4,5 V CC y un condensador de acoplamiento de salida de 1\u03bcF, optimizado para la adquisici\u00f3n de se\u00f1ales de conducci\u00f3n \u00f3sea.<\/p>\n<h3 class=\"pt-5 text-start\">Respuesta de frecuencia t\u00edpica<\/h3>\n<p><img loading=\"lazy\" decoding=\"async\" class=\"alignnone size-full wp-image-753\" src=\"https:\/\/ecmicrophones.com\/wp-content\/uploads\/2024\/05\/typical-frequency-response_ecm-b9745al70-318a.png\" alt=\"ECM-B9745AL70 Respuesta en frecuencia: 100 Hz-20 kHz con picos caracter\u00edsticos\" width=\"1051\" height=\"450\" srcset=\"https:\/\/ecmicrophones.com\/wp-content\/uploads\/2024\/05\/typical-frequency-response_ecm-b9745al70-318a.png 1051w, https:\/\/ecmicrophones.com\/wp-content\/uploads\/2024\/05\/typical-frequency-response_ecm-b9745al70-318a-300x128.png 300w, https:\/\/ecmicrophones.com\/wp-content\/uploads\/2024\/05\/typical-frequency-response_ecm-b9745al70-318a-1024x438.png 1024w, https:\/\/ecmicrophones.com\/wp-content\/uploads\/2024\/05\/typical-frequency-response_ecm-b9745al70-318a-768x329.png 768w, https:\/\/ecmicrophones.com\/wp-content\/uploads\/2024\/05\/typical-frequency-response_ecm-b9745al70-318a-18x8.png 18w, https:\/\/ecmicrophones.com\/wp-content\/uploads\/2024\/05\/typical-frequency-response_ecm-b9745al70-318a-600x257.png 600w\" sizes=\"auto, (max-width: 1051px) 100vw, 1051px\" \/><\/p>\n<p>Respuesta de frecuencia: 100 Hz \u2013 20 kHz, efectivamente 100 Hz \u2013 7 kHz, con una respuesta estable hasta 3 kHz y un pico alrededor de 5 kHz para una mejor detecci\u00f3n de la se\u00f1al.<\/p>\n<h3 class=\"pt-5 text-start\">Dimensiones (Unidad: mm)<\/h3>\n<p><img loading=\"lazy\" decoding=\"async\" class=\"alignnone size-full wp-image-751\" src=\"https:\/\/ecmicrophones.com\/wp-content\/uploads\/2024\/05\/appearance-dimension_ecm-b9745al70-318a.png\" alt=\"ECM-B9745AL70 Dimensiones: \u03a69,7\u00d74,5 mm c\u00e1psula de micr\u00f3fono de conducci\u00f3n \u00f3sea\" width=\"410\" height=\"272\" srcset=\"https:\/\/ecmicrophones.com\/wp-content\/uploads\/2024\/05\/appearance-dimension_ecm-b9745al70-318a.png 410w, https:\/\/ecmicrophones.com\/wp-content\/uploads\/2024\/05\/appearance-dimension_ecm-b9745al70-318a-300x199.png 300w, https:\/\/ecmicrophones.com\/wp-content\/uploads\/2024\/05\/appearance-dimension_ecm-b9745al70-318a-18x12.png 18w\" sizes=\"auto, (max-width: 410px) 100vw, 410px\" \/><\/p>\n<p>C\u00e1psula de micr\u00f3fono de conducci\u00f3n \u00f3sea que mide \u03a69,7\u00d74,5 mm, dise\u00f1ada espec\u00edficamente para aplicaciones m\u00e9dicas como la detecci\u00f3n del pulso y los fonendoscopios electr\u00f3nicos.<\/p>","protected":false},"excerpt":{"rendered":"<p>El ECM-B9745AL70-318A es una c\u00e1psula de micr\u00f3fono omnidireccional de 9,7 \u00d7 4,5 mm dise\u00f1ada para aplicaciones de recolecci\u00f3n de pulsos, estetoscopios y captaci\u00f3n de bater\u00eda. Con una sensibilidad de -70 dB \u00b1 3 y una relaci\u00f3n se\u00f1al\/ruido de 40 dB, se destaca en la captura de sonido preciso para diagn\u00f3sticos m\u00e9dicos y prop\u00f3sitos de grabaci\u00f3n de audio.<\/p>","protected":false},"featured_media":2492,"comment_status":"open","ping_status":"closed","template":"","meta":[],"product_brand":[721],"product_cat":[20,16],"product_tag":[282,229,288],"class_list":{"0":"post-748","1":"product","2":"type-product","3":"status-publish","4":"has-post-thumbnail","6":"product_brand-ecmic","7":"product_cat-omnidirectional-microphones","8":"product_cat-electret-microphones","9":"product_tag-9-7mm","10":"product_tag-equipment","11":"product_tag-solder-pads","13":"first","14":"instock","15":"shipping-taxable","16":"purchasable","17":"product-type-simple"},"_links":{"self":[{"href":"https:\/\/ecmicrophones.com\/es\/wp-json\/wp\/v2\/product\/748","targetHints":{"allow":["GET"]}}],"collection":[{"href":"https:\/\/ecmicrophones.com\/es\/wp-json\/wp\/v2\/product"}],"about":[{"href":"https:\/\/ecmicrophones.com\/es\/wp-json\/wp\/v2\/types\/product"}],"replies":[{"embeddable":true,"href":"https:\/\/ecmicrophones.com\/es\/wp-json\/wp\/v2\/comments?post=748"}],"wp:featuredmedia":[{"embeddable":true,"href":"https:\/\/ecmicrophones.com\/es\/wp-json\/wp\/v2\/media\/2492"}],"wp:attachment":[{"href":"https:\/\/ecmicrophones.com\/es\/wp-json\/wp\/v2\/media?parent=748"}],"wp:term":[{"taxonomy":"product_brand","embeddable":true,"href":"https:\/\/ecmicrophones.com\/es\/wp-json\/wp\/v2\/product_brand?post=748"},{"taxonomy":"product_cat","embeddable":true,"href":"https:\/\/ecmicrophones.com\/es\/wp-json\/wp\/v2\/product_cat?post=748"},{"taxonomy":"product_tag","embeddable":true,"href":"https:\/\/ecmicrophones.com\/es\/wp-json\/wp\/v2\/product_tag?post=748"}],"curies":[{"name":"wp","href":"https:\/\/api.w.org\/{rel}","templated":true}]}}