{"id":754,"date":"2024-05-23T17:04:29","date_gmt":"2024-05-23T09:04:29","guid":{"rendered":"https:\/\/ecmicrophones.com\/?post_type=product&#038;p=754"},"modified":"2026-03-19T15:31:02","modified_gmt":"2026-03-19T07:31:02","slug":"6mm-electret-microphone-capsule-with-pins-for-uhf-wireless-microphones","status":"publish","type":"product","link":"https:\/\/ecmicrophones.com\/es\/6mm-electret-microphone-capsule-with-pins-for-uhf-wireless-microphones\/","title":{"rendered":"C\u00e1psula de micr\u00f3fono electret de 6 mm con clavijas para micr\u00f3fonos inal\u00e1mbricos UHF"},"content":{"rendered":"<h2 class=\"text-start\">Especificaciones t\u00e9cnicas<\/h2>\n<p class=\"text-start\">Nuestro n\u00facleo de micr\u00f3fono enchufable omnidireccional 6027 cuenta con capacitores duales para capacidades antiinterferencias efectivas.<\/p>\n<h3 class=\"pt-5 text-start\">Circuito de prueba est\u00e1ndar<\/h3>\n<p><img loading=\"lazy\" decoding=\"async\" class=\"alignnone size-full wp-image-758\" src=\"https:\/\/ecmicrophones.com\/wp-content\/uploads\/2024\/05\/standard-test-circuit_ecm-f6027ap2.8-sbc.png\" alt=\"Circuito de prueba est\u00e1ndar\" width=\"539\" height=\"234\" srcset=\"https:\/\/ecmicrophones.com\/wp-content\/uploads\/2024\/05\/standard-test-circuit_ecm-f6027ap2.8-sbc.png 539w, https:\/\/ecmicrophones.com\/wp-content\/uploads\/2024\/05\/standard-test-circuit_ecm-f6027ap2.8-sbc-300x130.png 300w, https:\/\/ecmicrophones.com\/wp-content\/uploads\/2024\/05\/standard-test-circuit_ecm-f6027ap2.8-sbc-18x8.png 18w\" sizes=\"auto, (max-width: 539px) 100vw, 539px\" \/><\/p>\n<p>Condiciones de prueba: Resistencia de carga (RL) = 2,2k\u03a9, Tensi\u00f3n de alimentaci\u00f3n (VS) = 3V, Condensador de acoplamiento (C) = 1\u03bcF.<\/p>\n<h3 class=\"pt-5 text-start\">Respuesta de frecuencia t\u00edpica<\/h3>\n<p><img loading=\"lazy\" decoding=\"async\" class=\"alignnone size-full wp-image-759\" src=\"https:\/\/ecmicrophones.com\/wp-content\/uploads\/2024\/05\/typical-frequency-response_ecm-f6027ap2.8-sbc.png\" alt=\"Respuesta de frecuencia t\u00edpica\" width=\"628\" height=\"214\" srcset=\"https:\/\/ecmicrophones.com\/wp-content\/uploads\/2024\/05\/typical-frequency-response_ecm-f6027ap2.8-sbc.png 628w, https:\/\/ecmicrophones.com\/wp-content\/uploads\/2024\/05\/typical-frequency-response_ecm-f6027ap2.8-sbc-300x102.png 300w, https:\/\/ecmicrophones.com\/wp-content\/uploads\/2024\/05\/typical-frequency-response_ecm-f6027ap2.8-sbc-18x6.png 18w, https:\/\/ecmicrophones.com\/wp-content\/uploads\/2024\/05\/typical-frequency-response_ecm-f6027ap2.8-sbc-600x204.png 600w\" sizes=\"auto, (max-width: 628px) 100vw, 628px\" \/><\/p>\n<p>La respuesta en frecuencia va de 50 Hz a 16 kHz. La curva es plana hasta los 4 kHz y aumenta gradualmente hasta los 10 kHz, donde empieza a decaer.<\/p>\n<h3 class=\"pt-5 text-start\">Dimensiones (UNIDAD: mm)<\/h3>\n<p><img loading=\"lazy\" decoding=\"async\" class=\"alignnone size-full wp-image-757\" src=\"https:\/\/ecmicrophones.com\/wp-content\/uploads\/2024\/05\/appearance-dimension_ecm-f6027ap2.8-sbc.png\" alt=\"Dimensi\u00f3n de apariencia\" width=\"638\" height=\"549\" srcset=\"https:\/\/ecmicrophones.com\/wp-content\/uploads\/2024\/05\/appearance-dimension_ecm-f6027ap2.8-sbc.png 638w, https:\/\/ecmicrophones.com\/wp-content\/uploads\/2024\/05\/appearance-dimension_ecm-f6027ap2.8-sbc-300x258.png 300w, https:\/\/ecmicrophones.com\/wp-content\/uploads\/2024\/05\/appearance-dimension_ecm-f6027ap2.8-sbc-14x12.png 14w, https:\/\/ecmicrophones.com\/wp-content\/uploads\/2024\/05\/appearance-dimension_ecm-f6027ap2.8-sbc-600x516.png 600w\" sizes=\"auto, (max-width: 638px) 100vw, 638px\" \/><\/p>\n<p>Di\u00e1metro: 6,0 mm; altura: 2,7 mm. La parte delantera est\u00e1 cubierta con una malla antipolvo; la parte trasera est\u00e1 sellada sin puerto de sonido. Equipado con terminales de clavija de 2,8 mm para una conexi\u00f3n segura a la placa de circuito impreso, con una separaci\u00f3n de 1,9 mm.<\/p>","protected":false},"excerpt":{"rendered":"<p>La ECM-F6027AP2.8-SBC es una c\u00e1psula de micr\u00f3fono electret omnidireccional de 6 x 2,7 mm con 2 pines, una sensibilidad de -40 dB \u00b1 2 y una relaci\u00f3n se\u00f1al-ruido (SNR) de 60 dB, dise\u00f1ada para aplicaciones de micr\u00f3fonos de solapa inal\u00e1mbricos.<\/p>","protected":false},"featured_media":2793,"comment_status":"open","ping_status":"closed","template":"","meta":[],"product_brand":[721],"product_cat":[20,16],"product_tag":[283,235,291],"class_list":{"0":"post-754","1":"product","2":"type-product","3":"status-publish","4":"has-post-thumbnail","6":"product_brand-ecmic","7":"product_cat-omnidirectional-microphones","8":"product_cat-electret-microphones","9":"product_tag-6mm","10":"product_tag-conference","11":"product_tag-pin-type","13":"first","14":"instock","15":"shipping-taxable","16":"purchasable","17":"product-type-simple"},"_links":{"self":[{"href":"https:\/\/ecmicrophones.com\/es\/wp-json\/wp\/v2\/product\/754","targetHints":{"allow":["GET"]}}],"collection":[{"href":"https:\/\/ecmicrophones.com\/es\/wp-json\/wp\/v2\/product"}],"about":[{"href":"https:\/\/ecmicrophones.com\/es\/wp-json\/wp\/v2\/types\/product"}],"replies":[{"embeddable":true,"href":"https:\/\/ecmicrophones.com\/es\/wp-json\/wp\/v2\/comments?post=754"}],"wp:featuredmedia":[{"embeddable":true,"href":"https:\/\/ecmicrophones.com\/es\/wp-json\/wp\/v2\/media\/2793"}],"wp:attachment":[{"href":"https:\/\/ecmicrophones.com\/es\/wp-json\/wp\/v2\/media?parent=754"}],"wp:term":[{"taxonomy":"product_brand","embeddable":true,"href":"https:\/\/ecmicrophones.com\/es\/wp-json\/wp\/v2\/product_brand?post=754"},{"taxonomy":"product_cat","embeddable":true,"href":"https:\/\/ecmicrophones.com\/es\/wp-json\/wp\/v2\/product_cat?post=754"},{"taxonomy":"product_tag","embeddable":true,"href":"https:\/\/ecmicrophones.com\/es\/wp-json\/wp\/v2\/product_tag?post=754"}],"curies":[{"name":"wp","href":"https:\/\/api.w.org\/{rel}","templated":true}]}}