{"id":766,"date":"2024-05-23T17:44:42","date_gmt":"2024-05-23T09:44:42","guid":{"rendered":"https:\/\/ecmicrophones.com\/?post_type=product&#038;p=766"},"modified":"2026-03-19T15:30:41","modified_gmt":"2026-03-19T07:30:41","slug":"omnidirectional-microphone-capsule-pickup-9-7mm","status":"publish","type":"product","link":"https:\/\/ecmicrophones.com\/es\/omnidirectional-microphone-capsule-pickup-9-7mm\/","title":{"rendered":"Pastilla de c\u00e1psula de micr\u00f3fono electret omnidireccional de 9,7 mm"},"content":{"rendered":"<h2 class=\"text-start\">Especificaciones t\u00e9cnicas<\/h2>\n<p class=\"text-start\">Nuestro cabezal de micr\u00f3fono omnidireccional 9767 cuenta con un sellado estricto de los bordes, respaldado por a\u00f1os de experiencia en producci\u00f3n y supervisi\u00f3n tecnol\u00f3gica, lo que garantiza un rendimiento constante de reducci\u00f3n del ruido de fondo. Est\u00e1 fabricado con materiales ecol\u00f3gicos con certificaci\u00f3n ROHS.<\/p>\n<h3 class=\"pt-5 text-start\">Circuito de prueba est\u00e1ndar<\/h3>\n<p><img loading=\"lazy\" decoding=\"async\" class=\"alignnone size-full wp-image-770\" src=\"https:\/\/ecmicrophones.com\/wp-content\/uploads\/2024\/05\/standard-test-circuit_ecm-f9765al-40.png\" alt=\"Circuito de prueba est\u00e1ndar\" width=\"561\" height=\"234\" srcset=\"https:\/\/ecmicrophones.com\/wp-content\/uploads\/2024\/05\/standard-test-circuit_ecm-f9765al-40.png 561w, https:\/\/ecmicrophones.com\/wp-content\/uploads\/2024\/05\/standard-test-circuit_ecm-f9765al-40-300x125.png 300w, https:\/\/ecmicrophones.com\/wp-content\/uploads\/2024\/05\/standard-test-circuit_ecm-f9765al-40-18x8.png 18w\" sizes=\"auto, (max-width: 561px) 100vw, 561px\" \/><\/p>\n<p>Condiciones de prueba: Resistencia de carga (RL) = 2,2k\u03a9, Tensi\u00f3n de alimentaci\u00f3n (VS) = 3V, Condensador de acoplamiento (C) = 1\u03bcF.<\/p>\n<h3 class=\"pt-5 text-start\">Respuesta de frecuencia t\u00edpica<\/h3>\n<p><img loading=\"lazy\" decoding=\"async\" class=\"alignnone size-full wp-image-771\" src=\"https:\/\/ecmicrophones.com\/wp-content\/uploads\/2024\/05\/typical-frequency-response_ecm-f9765al-40.png\" alt=\"Respuesta de frecuencia t\u00edpica\" width=\"598\" height=\"435\" srcset=\"https:\/\/ecmicrophones.com\/wp-content\/uploads\/2024\/05\/typical-frequency-response_ecm-f9765al-40.png 598w, https:\/\/ecmicrophones.com\/wp-content\/uploads\/2024\/05\/typical-frequency-response_ecm-f9765al-40-300x218.png 300w, https:\/\/ecmicrophones.com\/wp-content\/uploads\/2024\/05\/typical-frequency-response_ecm-f9765al-40-16x12.png 16w\" sizes=\"auto, (max-width: 598px) 100vw, 598px\" \/><\/p>\n<p>\nRespuesta en frecuencia: 50 Hz-20 kHz. La respuesta es plana hasta 1 kHz, seguida de una ligera ca\u00edda. A partir de 3 kHz, la curva sube y alcanza su punto m\u00e1ximo en torno a 5 kHz, para caer gradualmente en la gama de frecuencias altas.\n<\/p>\n<h3 class=\"pt-5 text-start\">Dimensiones (UNIDAD: mm)<\/h3>\n<p><img loading=\"lazy\" decoding=\"async\" class=\"alignnone size-full wp-image-769\" src=\"https:\/\/ecmicrophones.com\/wp-content\/uploads\/2024\/05\/appearance-dimension_ecm-f9765al-40.png\" alt=\"Dimensi\u00f3n de apariencia\" width=\"543\" height=\"403\" srcset=\"https:\/\/ecmicrophones.com\/wp-content\/uploads\/2024\/05\/appearance-dimension_ecm-f9765al-40.png 543w, https:\/\/ecmicrophones.com\/wp-content\/uploads\/2024\/05\/appearance-dimension_ecm-f9765al-40-300x223.png 300w, https:\/\/ecmicrophones.com\/wp-content\/uploads\/2024\/05\/appearance-dimension_ecm-f9765al-40-16x12.png 16w\" sizes=\"auto, (max-width: 543px) 100vw, 543px\" \/><\/p>\n<p>\nDi\u00e1metro: 9,7 mm; altura: 6,7 mm. La parte delantera est\u00e1 equipada con una malla antipolvo; la trasera est\u00e1 sellada sin aberturas.<\/p>","protected":false},"excerpt":{"rendered":"<p>El ECM-F9767AL40 es una c\u00e1psula de micr\u00f3fono omnidireccional con una sensibilidad de -40dB\u00b12 y una relaci\u00f3n se\u00f1al\/ruido de 62dB. Su tama\u00f1o compacto y su captura de sonido de alta calidad lo hacen adecuado para diversas aplicaciones.<\/p>","protected":false},"featured_media":2598,"comment_status":"open","ping_status":"closed","template":"","meta":[],"product_brand":[721],"product_cat":[20,16],"product_tag":[282,109,288],"class_list":{"0":"post-766","1":"product","2":"type-product","3":"status-publish","4":"has-post-thumbnail","6":"product_brand-ecmic","7":"product_cat-omnidirectional-microphones","8":"product_cat-electret-microphones","9":"product_tag-9-7mm","10":"product_tag-intercom","11":"product_tag-solder-pads","13":"first","14":"instock","15":"shipping-taxable","16":"purchasable","17":"product-type-simple"},"_links":{"self":[{"href":"https:\/\/ecmicrophones.com\/es\/wp-json\/wp\/v2\/product\/766","targetHints":{"allow":["GET"]}}],"collection":[{"href":"https:\/\/ecmicrophones.com\/es\/wp-json\/wp\/v2\/product"}],"about":[{"href":"https:\/\/ecmicrophones.com\/es\/wp-json\/wp\/v2\/types\/product"}],"replies":[{"embeddable":true,"href":"https:\/\/ecmicrophones.com\/es\/wp-json\/wp\/v2\/comments?post=766"}],"wp:featuredmedia":[{"embeddable":true,"href":"https:\/\/ecmicrophones.com\/es\/wp-json\/wp\/v2\/media\/2598"}],"wp:attachment":[{"href":"https:\/\/ecmicrophones.com\/es\/wp-json\/wp\/v2\/media?parent=766"}],"wp:term":[{"taxonomy":"product_brand","embeddable":true,"href":"https:\/\/ecmicrophones.com\/es\/wp-json\/wp\/v2\/product_brand?post=766"},{"taxonomy":"product_cat","embeddable":true,"href":"https:\/\/ecmicrophones.com\/es\/wp-json\/wp\/v2\/product_cat?post=766"},{"taxonomy":"product_tag","embeddable":true,"href":"https:\/\/ecmicrophones.com\/es\/wp-json\/wp\/v2\/product_tag?post=766"}],"curies":[{"name":"wp","href":"https:\/\/api.w.org\/{rel}","templated":true}]}}