{"id":776,"date":"2024-05-24T09:45:54","date_gmt":"2024-05-24T01:45:54","guid":{"rendered":"https:\/\/ecmicrophones.com\/?post_type=product&#038;p=776"},"modified":"2026-03-19T15:30:30","modified_gmt":"2026-03-19T07:30:30","slug":"bluetooth-helmet-microphone-capsule-6mm","status":"publish","type":"product","link":"https:\/\/ecmicrophones.com\/es\/bluetooth-helmet-microphone-capsule-6mm\/","title":{"rendered":"C\u00e1psula de micr\u00f3fono para casco Bluetooth de 6 mm"},"content":{"rendered":"<h2 class=\"text-start\">Especificaciones t\u00e9cnicas<\/h2>\n<p class=\"text-start\">Nuestro n\u00facleo de micr\u00f3fono con cancelaci\u00f3n de ruido unidireccional 6027 adopta t\u00e9cnicas de producci\u00f3n avanzadas, lo que garantiza una transmisi\u00f3n de voz de alta calidad con ruido de fondo reducido para una comunicaci\u00f3n clara y precisa.<\/p>\n<h3 class=\"pt-5 text-start\">Circuito de prueba est\u00e1ndar<\/h3>\n<p><img loading=\"lazy\" decoding=\"async\" class=\"alignnone size-full wp-image-778\" src=\"https:\/\/ecmicrophones.com\/wp-content\/uploads\/2024\/05\/standard-test-circuit_ecm-b6027ul50-23702.jpg\" alt=\"ECM-B6027UL50 Circuito de prueba: 2,2k\u03a9 de polarizaci\u00f3n, 2V de alimentaci\u00f3n, 1\u03bcF de salida.\" width=\"595\" height=\"228\" srcset=\"https:\/\/ecmicrophones.com\/wp-content\/uploads\/2024\/05\/standard-test-circuit_ecm-b6027ul50-23702.jpg 595w, https:\/\/ecmicrophones.com\/wp-content\/uploads\/2024\/05\/standard-test-circuit_ecm-b6027ul50-23702-300x115.jpg 300w, https:\/\/ecmicrophones.com\/wp-content\/uploads\/2024\/05\/standard-test-circuit_ecm-b6027ul50-23702-18x7.jpg 18w\" sizes=\"auto, (max-width: 595px) 100vw, 595px\" \/><\/p>\n<p>Resistencia de polarizaci\u00f3n de 2,2 k\u03a9, alimentaci\u00f3n de 2 V CC, condensador de salida de 1\u03bcF. Dise\u00f1ado para mejorar la claridad vocal.<\/p>\n<h3 class=\"pt-5 text-start\">Respuesta de frecuencia t\u00edpica<\/h3>\n<p><img loading=\"lazy\" decoding=\"async\" class=\"alignnone size-full wp-image-779\" src=\"https:\/\/ecmicrophones.com\/wp-content\/uploads\/2024\/05\/typical-frequency-response_ecm-b6027ul50-23702.jpg\" alt=\"ECM-B6027UL50 Respuesta en frecuencia: 50 Hz-10 kHz de subida, atenuaci\u00f3n brusca seguida de 16 kHz-20 kHz de subida\" width=\"591\" height=\"374\" srcset=\"https:\/\/ecmicrophones.com\/wp-content\/uploads\/2024\/05\/typical-frequency-response_ecm-b6027ul50-23702.jpg 591w, https:\/\/ecmicrophones.com\/wp-content\/uploads\/2024\/05\/typical-frequency-response_ecm-b6027ul50-23702-300x190.jpg 300w, https:\/\/ecmicrophones.com\/wp-content\/uploads\/2024\/05\/typical-frequency-response_ecm-b6027ul50-23702-18x12.jpg 18w\" sizes=\"auto, (max-width: 591px) 100vw, 591px\" \/><\/p>\n<p>50Hz-10kHz subida gradual, atenuaci\u00f3n r\u00e1pida, luego 16kHz-20kHz subida de alta frecuencia.<\/p>\n<h3 class=\"pt-5 text-start\">Dimensiones (Unidad: mm)<\/h3>\n<p><img loading=\"lazy\" decoding=\"async\" class=\"alignnone size-full wp-image-777\" src=\"https:\/\/ecmicrophones.com\/wp-content\/uploads\/2024\/05\/appearance-dimension_ecm-b6027ul50-23702.jpg\" alt=\"ECM-B6027UL50 Dimensiones: \u03a66\u00d72,7 mm con rejilla antipolvo frontal y puerto ac\u00fastico trasero.\" width=\"542\" height=\"404\" srcset=\"https:\/\/ecmicrophones.com\/wp-content\/uploads\/2024\/05\/appearance-dimension_ecm-b6027ul50-23702.jpg 542w, https:\/\/ecmicrophones.com\/wp-content\/uploads\/2024\/05\/appearance-dimension_ecm-b6027ul50-23702-300x224.jpg 300w, https:\/\/ecmicrophones.com\/wp-content\/uploads\/2024\/05\/appearance-dimension_ecm-b6027ul50-23702-16x12.jpg 16w\" sizes=\"auto, (max-width: 542px) 100vw, 542px\" \/><\/p>\n<p>\u03a66\u00d72,7 mm de dise\u00f1o compacto con malla antipolvo frontal y puerto ac\u00fastico trasero.<\/p>","protected":false},"excerpt":{"rendered":"<p>El ECM-B6027UL50-23702 es una c\u00e1psula de micr\u00f3fono unidireccional de 6 \u00d7 2,7 mm ideal para aplicaciones como cascos de ciclismo. Con una sensibilidad de -50 dB \u00b1 2 y una relaci\u00f3n se\u00f1al\/ruido de 57 dB, garantiza una captura de sonido clara en diversos entornos.<\/p>","protected":false},"featured_media":2486,"comment_status":"open","ping_status":"closed","template":"","meta":[],"product_brand":[721],"product_cat":[21,16],"product_tag":[283,229,288],"class_list":{"0":"post-776","1":"product","2":"type-product","3":"status-publish","4":"has-post-thumbnail","6":"product_brand-ecmic","7":"product_cat-unidirectional-microphones","8":"product_cat-electret-microphones","9":"product_tag-6mm","10":"product_tag-equipment","11":"product_tag-solder-pads","13":"first","14":"instock","15":"shipping-taxable","16":"purchasable","17":"product-type-simple"},"_links":{"self":[{"href":"https:\/\/ecmicrophones.com\/es\/wp-json\/wp\/v2\/product\/776","targetHints":{"allow":["GET"]}}],"collection":[{"href":"https:\/\/ecmicrophones.com\/es\/wp-json\/wp\/v2\/product"}],"about":[{"href":"https:\/\/ecmicrophones.com\/es\/wp-json\/wp\/v2\/types\/product"}],"replies":[{"embeddable":true,"href":"https:\/\/ecmicrophones.com\/es\/wp-json\/wp\/v2\/comments?post=776"}],"wp:featuredmedia":[{"embeddable":true,"href":"https:\/\/ecmicrophones.com\/es\/wp-json\/wp\/v2\/media\/2486"}],"wp:attachment":[{"href":"https:\/\/ecmicrophones.com\/es\/wp-json\/wp\/v2\/media?parent=776"}],"wp:term":[{"taxonomy":"product_brand","embeddable":true,"href":"https:\/\/ecmicrophones.com\/es\/wp-json\/wp\/v2\/product_brand?post=776"},{"taxonomy":"product_cat","embeddable":true,"href":"https:\/\/ecmicrophones.com\/es\/wp-json\/wp\/v2\/product_cat?post=776"},{"taxonomy":"product_tag","embeddable":true,"href":"https:\/\/ecmicrophones.com\/es\/wp-json\/wp\/v2\/product_tag?post=776"}],"curies":[{"name":"wp","href":"https:\/\/api.w.org\/{rel}","templated":true}]}}