{"id":782,"date":"2024-05-24T10:05:49","date_gmt":"2024-05-24T02:05:49","guid":{"rendered":"https:\/\/ecmicrophones.com\/?post_type=product&#038;p=782"},"modified":"2026-03-19T15:30:20","modified_gmt":"2026-03-19T07:30:20","slug":"6mm-voice-recognition-microphone-capsule-with-pins","status":"publish","type":"product","link":"https:\/\/ecmicrophones.com\/es\/6mm-voice-recognition-microphone-capsule-with-pins\/","title":{"rendered":"C\u00e1psula de micr\u00f3fono de reconocimiento de voz de 6 mm con clavijas"},"content":{"rendered":"<h2 class=\"text-start\">Especificaciones t\u00e9cnicas<\/h2>\n<p class=\"text-start\">Nuestro n\u00facleo de micr\u00f3fono con pines omnidireccionales 6022 cuenta con capacitores duales para evitar interferencias y una longitud de pin de 2,8 mm, lo que garantiza un audio claro y un rendimiento confiable.<\/p>\n<h3 class=\"pt-5 text-start\">Circuito de prueba est\u00e1ndar<\/h3>\n<p><img loading=\"lazy\" decoding=\"async\" class=\"alignnone size-full wp-image-784\" src=\"https:\/\/ecmicrophones.com\/wp-content\/uploads\/2024\/05\/standard-test-circuit_ecm-b6022ap40-23383.png\" alt=\"Circuito de prueba est\u00e1ndar\" width=\"458\" height=\"197\" srcset=\"https:\/\/ecmicrophones.com\/wp-content\/uploads\/2024\/05\/standard-test-circuit_ecm-b6022ap40-23383.png 458w, https:\/\/ecmicrophones.com\/wp-content\/uploads\/2024\/05\/standard-test-circuit_ecm-b6022ap40-23383-300x129.png 300w, https:\/\/ecmicrophones.com\/wp-content\/uploads\/2024\/05\/standard-test-circuit_ecm-b6022ap40-23383-18x8.png 18w\" sizes=\"auto, (max-width: 458px) 100vw, 458px\" \/><\/p>\n<p>El circuito de prueba utiliza RL=2,2K\u03a9, Vs=2V y C=1\u03bcF para la evaluaci\u00f3n est\u00e1ndar de la sensibilidad y el rendimiento.<\/p>\n<h3 class=\"pt-5 text-start\">Respuesta de frecuencia t\u00edpica<\/h3>\n<p><img loading=\"lazy\" decoding=\"async\" class=\"alignnone size-full wp-image-785\" src=\"https:\/\/ecmicrophones.com\/wp-content\/uploads\/2024\/05\/typical-frequency-response_ecm-b6022ap40-23383.png\" alt=\"Respuesta de frecuencia t\u00edpica\" width=\"504\" height=\"271\" srcset=\"https:\/\/ecmicrophones.com\/wp-content\/uploads\/2024\/05\/typical-frequency-response_ecm-b6022ap40-23383.png 504w, https:\/\/ecmicrophones.com\/wp-content\/uploads\/2024\/05\/typical-frequency-response_ecm-b6022ap40-23383-300x161.png 300w, https:\/\/ecmicrophones.com\/wp-content\/uploads\/2024\/05\/typical-frequency-response_ecm-b6022ap40-23383-18x10.png 18w\" sizes=\"auto, (max-width: 504px) 100vw, 504px\" \/><\/p>\n<p>La respuesta en frecuencia abarca de 50 Hz a 20 kHz con una salida estable y una ligera tendencia descendente en todo el rango.<\/p>\n<h3 class=\"pt-5 text-start\">Dimensiones (UNIDAD: mm)<\/h3>\n<p><img loading=\"lazy\" decoding=\"async\" class=\"alignnone size-full wp-image-783\" src=\"https:\/\/ecmicrophones.com\/wp-content\/uploads\/2024\/05\/appearance-dimension_ecm-b6022ap40-23383.png\" alt=\"Dimensi\u00f3n de apariencia\" width=\"346\" height=\"481\" srcset=\"https:\/\/ecmicrophones.com\/wp-content\/uploads\/2024\/05\/appearance-dimension_ecm-b6022ap40-23383.png 346w, https:\/\/ecmicrophones.com\/wp-content\/uploads\/2024\/05\/appearance-dimension_ecm-b6022ap40-23383-216x300.png 216w, https:\/\/ecmicrophones.com\/wp-content\/uploads\/2024\/05\/appearance-dimension_ecm-b6022ap40-23383-9x12.png 9w\" sizes=\"auto, (max-width: 346px) 100vw, 346px\" \/><\/p>\n<p>La c\u00e1psula mide 6,0 mm de di\u00e1metro y 2,2 mm de altura, con malla antipolvo frontal y parte posterior sellada (sin puerto ac\u00fastico). Equipada con clavijas de 2,8 mm, con una separaci\u00f3n de 1,9 mm.<\/p>","protected":false},"excerpt":{"rendered":"<p>El ECM-B6022AP40-23383 es una c\u00e1psula de micr\u00f3fono electret omnidireccional de 6 x 2,2 mm con 2 pines, sensibilidad de -40 dB \u00b1 3 y relaci\u00f3n se\u00f1al\/ruido de 60 dB. Perfecto para auriculares Bluetooth, luces controladas por voz y juguetes.<\/p>","protected":false},"featured_media":2557,"comment_status":"open","ping_status":"closed","template":"","meta":[],"product_brand":[721],"product_cat":[16,20],"product_tag":[283,229,291],"class_list":{"0":"post-782","1":"product","2":"type-product","3":"status-publish","4":"has-post-thumbnail","6":"product_brand-ecmic","7":"product_cat-electret-microphones","8":"product_cat-omnidirectional-microphones","9":"product_tag-6mm","10":"product_tag-equipment","11":"product_tag-pin-type","13":"first","14":"instock","15":"shipping-taxable","16":"purchasable","17":"product-type-simple"},"_links":{"self":[{"href":"https:\/\/ecmicrophones.com\/es\/wp-json\/wp\/v2\/product\/782","targetHints":{"allow":["GET"]}}],"collection":[{"href":"https:\/\/ecmicrophones.com\/es\/wp-json\/wp\/v2\/product"}],"about":[{"href":"https:\/\/ecmicrophones.com\/es\/wp-json\/wp\/v2\/types\/product"}],"replies":[{"embeddable":true,"href":"https:\/\/ecmicrophones.com\/es\/wp-json\/wp\/v2\/comments?post=782"}],"wp:featuredmedia":[{"embeddable":true,"href":"https:\/\/ecmicrophones.com\/es\/wp-json\/wp\/v2\/media\/2557"}],"wp:attachment":[{"href":"https:\/\/ecmicrophones.com\/es\/wp-json\/wp\/v2\/media?parent=782"}],"wp:term":[{"taxonomy":"product_brand","embeddable":true,"href":"https:\/\/ecmicrophones.com\/es\/wp-json\/wp\/v2\/product_brand?post=782"},{"taxonomy":"product_cat","embeddable":true,"href":"https:\/\/ecmicrophones.com\/es\/wp-json\/wp\/v2\/product_cat?post=782"},{"taxonomy":"product_tag","embeddable":true,"href":"https:\/\/ecmicrophones.com\/es\/wp-json\/wp\/v2\/product_tag?post=782"}],"curies":[{"name":"wp","href":"https:\/\/api.w.org\/{rel}","templated":true}]}}