{"id":788,"date":"2024-05-24T10:18:38","date_gmt":"2024-05-24T02:18:38","guid":{"rendered":"https:\/\/ecmicrophones.com\/?post_type=product&#038;p=788"},"modified":"2026-03-19T15:30:10","modified_gmt":"2026-03-19T07:30:10","slug":"live-broadcast-microphone-capsule-25mm","status":"publish","type":"product","link":"https:\/\/ecmicrophones.com\/es\/live-broadcast-microphone-capsule-25mm\/","title":{"rendered":"C\u00e1psula de micr\u00f3fono para transmisi\u00f3n en vivo de 25 mm"},"content":{"rendered":"<h2 class=\"text-start\">Especificaciones t\u00e9cnicas<\/h2>\n<p class=\"text-start\">Nuestro cabezal de micr\u00f3fono de condensador electret de diafragma grande unidireccional 2573 presenta una alta relaci\u00f3n se\u00f1al-ruido y bajo nivel de ruido. Ofrece alta fidelidad, fuerte direccionalidad y excelentes capacidades antiinterferencias, lo que garantiza una calidad y un rendimiento de audio superiores.<\/p>\n<h3 class=\"pt-5 text-start\">Circuito de prueba est\u00e1ndar<\/h3>\n<p><img loading=\"lazy\" decoding=\"async\" class=\"alignnone size-full wp-image-791\" src=\"https:\/\/ecmicrophones.com\/wp-content\/uploads\/2024\/05\/standard-test-circuit_ecm-b2573ul33-23221.png\" alt=\"Circuito de prueba est\u00e1ndar\" width=\"411\" height=\"183\" srcset=\"https:\/\/ecmicrophones.com\/wp-content\/uploads\/2024\/05\/standard-test-circuit_ecm-b2573ul33-23221.png 411w, https:\/\/ecmicrophones.com\/wp-content\/uploads\/2024\/05\/standard-test-circuit_ecm-b2573ul33-23221-300x134.png 300w, https:\/\/ecmicrophones.com\/wp-content\/uploads\/2024\/05\/standard-test-circuit_ecm-b2573ul33-23221-18x8.png 18w\" sizes=\"auto, (max-width: 411px) 100vw, 411px\" \/><\/p>\n<p>Configuraci\u00f3n de prueba est\u00e1ndar con una resistencia de polarizaci\u00f3n de 2,2k\u03a9, alimentaci\u00f3n de 2V CC y condensador de salida de 1\u03bcF.<\/p>\n<h3 class=\"pt-5 text-start\">Respuesta de frecuencia t\u00edpica<\/h3>\n<p><img loading=\"lazy\" decoding=\"async\" class=\"alignnone wp-image-793 size-large\" src=\"https:\/\/ecmicrophones.com\/wp-content\/uploads\/2024\/05\/typical-frequency-response_ecm-b2573ul33-23221-1024x460.png\" alt=\"Respuesta de frecuencia t\u00edpica\" width=\"1024\" height=\"460\" srcset=\"https:\/\/ecmicrophones.com\/wp-content\/uploads\/2024\/05\/typical-frequency-response_ecm-b2573ul33-23221-1024x460.png 1024w, https:\/\/ecmicrophones.com\/wp-content\/uploads\/2024\/05\/typical-frequency-response_ecm-b2573ul33-23221-300x135.png 300w, https:\/\/ecmicrophones.com\/wp-content\/uploads\/2024\/05\/typical-frequency-response_ecm-b2573ul33-23221-768x345.png 768w, https:\/\/ecmicrophones.com\/wp-content\/uploads\/2024\/05\/typical-frequency-response_ecm-b2573ul33-23221-1536x689.png 1536w, https:\/\/ecmicrophones.com\/wp-content\/uploads\/2024\/05\/typical-frequency-response_ecm-b2573ul33-23221-18x8.png 18w, https:\/\/ecmicrophones.com\/wp-content\/uploads\/2024\/05\/typical-frequency-response_ecm-b2573ul33-23221-600x269.png 600w, https:\/\/ecmicrophones.com\/wp-content\/uploads\/2024\/05\/typical-frequency-response_ecm-b2573ul33-23221.png 1651w\" sizes=\"auto, (max-width: 1024px) 100vw, 1024px\" \/><\/p>\n<p>La respuesta en frecuencia abarca de 50 Hz a 16 kHz, comenzando con un ligero descenso de 50 Hz a 80 Hz, seguido de una leve subida y suaves fluctuaciones hasta 5 kHz. La respuesta alcanza su punto m\u00e1ximo cerca de 8 kHz antes de disminuir gradualmente.<\/p>\n<h3 class=\"pt-5 text-start\">Dimensiones (UNIDAD: mm)<\/h3>\n<p><img loading=\"lazy\" decoding=\"async\" class=\"alignnone size-full wp-image-792\" src=\"https:\/\/ecmicrophones.com\/wp-content\/uploads\/2024\/05\/appearance-dimension_ecm-b2573ul33-23221.png\" alt=\"Dimensi\u00f3n de apariencia\" width=\"627\" height=\"380\" srcset=\"https:\/\/ecmicrophones.com\/wp-content\/uploads\/2024\/05\/appearance-dimension_ecm-b2573ul33-23221.png 627w, https:\/\/ecmicrophones.com\/wp-content\/uploads\/2024\/05\/appearance-dimension_ecm-b2573ul33-23221-300x182.png 300w, https:\/\/ecmicrophones.com\/wp-content\/uploads\/2024\/05\/appearance-dimension_ecm-b2573ul33-23221-18x12.png 18w, https:\/\/ecmicrophones.com\/wp-content\/uploads\/2024\/05\/appearance-dimension_ecm-b2573ul33-23221-600x364.png 600w\" sizes=\"auto, (max-width: 627px) 100vw, 627px\" \/><\/p>\n<p>C\u00e1psula compacta de \u03a625 \u00d7 7,3 mm con puerto ac\u00fastico trasero para mejorar la captaci\u00f3n del sonido.<\/p>","protected":false},"excerpt":{"rendered":"<p>El ECM-B2573UL33-23221 es una c\u00e1psula de micr\u00f3fono unidireccional de 25 \u00d7 7,3 mm que se utiliza principalmente en micr\u00f3fonos de transmisi\u00f3n, transmisi\u00f3n en vivo y micr\u00f3fonos de grabaci\u00f3n profesional. Con una sensibilidad de -33 dB \u00b1 2 y una relaci\u00f3n se\u00f1al-ruido de 77 dB, proporciona una captura de sonido clara y confiable para aplicaciones de audio de alta calidad.<\/p>","protected":false},"featured_media":2644,"comment_status":"open","ping_status":"closed","template":"","meta":[],"product_brand":[721],"product_cat":[21,16],"product_tag":[278,410,288,116],"class_list":{"0":"post-788","1":"product","2":"type-product","3":"status-publish","4":"has-post-thumbnail","6":"product_brand-ecmic","7":"product_cat-unidirectional-microphones","8":"product_cat-electret-microphones","9":"product_tag-25mm","10":"product_tag-high-snr","11":"product_tag-solder-pads","12":"product_tag-vocal","14":"first","15":"instock","16":"shipping-taxable","17":"purchasable","18":"product-type-simple"},"_links":{"self":[{"href":"https:\/\/ecmicrophones.com\/es\/wp-json\/wp\/v2\/product\/788","targetHints":{"allow":["GET"]}}],"collection":[{"href":"https:\/\/ecmicrophones.com\/es\/wp-json\/wp\/v2\/product"}],"about":[{"href":"https:\/\/ecmicrophones.com\/es\/wp-json\/wp\/v2\/types\/product"}],"replies":[{"embeddable":true,"href":"https:\/\/ecmicrophones.com\/es\/wp-json\/wp\/v2\/comments?post=788"}],"wp:featuredmedia":[{"embeddable":true,"href":"https:\/\/ecmicrophones.com\/es\/wp-json\/wp\/v2\/media\/2644"}],"wp:attachment":[{"href":"https:\/\/ecmicrophones.com\/es\/wp-json\/wp\/v2\/media?parent=788"}],"wp:term":[{"taxonomy":"product_brand","embeddable":true,"href":"https:\/\/ecmicrophones.com\/es\/wp-json\/wp\/v2\/product_brand?post=788"},{"taxonomy":"product_cat","embeddable":true,"href":"https:\/\/ecmicrophones.com\/es\/wp-json\/wp\/v2\/product_cat?post=788"},{"taxonomy":"product_tag","embeddable":true,"href":"https:\/\/ecmicrophones.com\/es\/wp-json\/wp\/v2\/product_tag?post=788"}],"curies":[{"name":"wp","href":"https:\/\/api.w.org\/{rel}","templated":true}]}}