{"id":803,"date":"2024-05-24T11:21:29","date_gmt":"2024-05-24T03:21:29","guid":{"rendered":"https:\/\/ecmicrophones.com\/?post_type=product&#038;p=803"},"modified":"2026-03-19T15:29:48","modified_gmt":"2026-03-19T07:29:48","slug":"25mm-cardioid-electret-condenser-microphone-element-for-online-recording","status":"publish","type":"product","link":"https:\/\/ecmicrophones.com\/es\/25mm-cardioid-electret-condenser-microphone-element-for-online-recording\/","title":{"rendered":"Elemento de micr\u00f3fono de condensador electret cardioide de 25 mm para grabaci\u00f3n en l\u00ednea"},"content":{"rendered":"<h2 class=\"text-start\">Especificaciones t\u00e9cnicas<\/h2>\n<p class=\"text-start\">Nuestro cabezal de micr\u00f3fono de condensador de diafragma grande unidireccional 2573 ofrece una alta relaci\u00f3n se\u00f1al-ruido, bajo ruido, alta fidelidad, fuerte directividad y excelente resistencia a las interferencias, lo que garantiza una calidad de audio superior y un rendimiento confiable.<\/p>\n<h3 class=\"pt-5 text-start\">Circuito de prueba est\u00e1ndar<\/h3>\n<p> <img loading=\"lazy\" decoding=\"async\" class=\"alignnone size-full wp-image-806\" src=\"https:\/\/ecmicrophones.com\/wp-content\/uploads\/2024\/05\/standard-test-circuit_ecm-b2573uml33-23823.png\" alt=\"Circuito de prueba est\u00e1ndar\" width=\"646\" height=\"270\" srcset=\"https:\/\/ecmicrophones.com\/wp-content\/uploads\/2024\/05\/standard-test-circuit_ecm-b2573uml33-23823.png 646w, https:\/\/ecmicrophones.com\/wp-content\/uploads\/2024\/05\/standard-test-circuit_ecm-b2573uml33-23823-300x125.png 300w, https:\/\/ecmicrophones.com\/wp-content\/uploads\/2024\/05\/standard-test-circuit_ecm-b2573uml33-23823-18x8.png 18w, https:\/\/ecmicrophones.com\/wp-content\/uploads\/2024\/05\/standard-test-circuit_ecm-b2573uml33-23823-600x251.png 600w\" sizes=\"auto, (max-width: 646px) 100vw, 646px\" \/> <\/p>\n<p>Condiciones de prueba: RL = 15k\u03a9, Vs = 2V, C = 1\u03bcF<\/p>\n<h3 class=\"pt-5 text-start\">Respuesta de frecuencia t\u00edpica<\/h3>\n<p> <img loading=\"lazy\" decoding=\"async\" class=\"alignnone size-full wp-image-807\" src=\"https:\/\/ecmicrophones.com\/wp-content\/uploads\/2024\/05\/typical-frequency-response_ecm-b2573uml33-23823.png\" alt=\"Respuesta de frecuencia t\u00edpica\" width=\"577\" height=\"370\" srcset=\"https:\/\/ecmicrophones.com\/wp-content\/uploads\/2024\/05\/typical-frequency-response_ecm-b2573uml33-23823.png 577w, https:\/\/ecmicrophones.com\/wp-content\/uploads\/2024\/05\/typical-frequency-response_ecm-b2573uml33-23823-300x192.png 300w, https:\/\/ecmicrophones.com\/wp-content\/uploads\/2024\/05\/typical-frequency-response_ecm-b2573uml33-23823-18x12.png 18w\" sizes=\"auto, (max-width: 577px) 100vw, 577px\" \/> <\/p>\n<p>La respuesta en frecuencia abarca de 50 Hz a 20 kHz con un fuerte aumento general. La respuesta aumenta notablemente en el extremo inferior (50-200 Hz), luego se nivela ligeramente antes de que comience otro aumento significativo alrededor de 2 kHz. Se produce un pico cerca de 5 kHz, seguido de un r\u00e1pido descenso de las altas frecuencias.<\/p>\n<h3 class=\"pt-5 text-start\">Dimensiones (UNIDAD: mm)<\/h3>\n<p> <img loading=\"lazy\" decoding=\"async\" class=\"alignnone size-full wp-image-808\" src=\"https:\/\/ecmicrophones.com\/wp-content\/uploads\/2024\/05\/appearance-dimension_ecm-b2573uml33-23823.png\" alt=\"Dimensi\u00f3n de apariencia\" width=\"658\" height=\"440\" srcset=\"https:\/\/ecmicrophones.com\/wp-content\/uploads\/2024\/05\/appearance-dimension_ecm-b2573uml33-23823.png 658w, https:\/\/ecmicrophones.com\/wp-content\/uploads\/2024\/05\/appearance-dimension_ecm-b2573uml33-23823-300x201.png 300w, https:\/\/ecmicrophones.com\/wp-content\/uploads\/2024\/05\/appearance-dimension_ecm-b2573uml33-23823-18x12.png 18w, https:\/\/ecmicrophones.com\/wp-content\/uploads\/2024\/05\/appearance-dimension_ecm-b2573uml33-23823-600x401.png 600w\" sizes=\"auto, (max-width: 658px) 100vw, 658px\" \/> <\/p>\n<p>La c\u00e1psula mide 25 mm de di\u00e1metro y 7,3 mm de altura. La parte trasera presenta cinco puertos ac\u00fasticos, cada uno de ellos cubierto con una malla amortiguadora para mejorar la estabilidad y reducir las resonancias no deseadas.<\/p>","protected":false},"excerpt":{"rendered":"<p>El ECM-B2573UML33-23823 es una c\u00e1psula de micr\u00f3fono unidireccional de 25 \u00d7 7,3 mm que se utiliza principalmente en micr\u00f3fonos de transmisi\u00f3n, transmisi\u00f3n en vivo y micr\u00f3fonos de grabaci\u00f3n. Con una sensibilidad de -33dB\u00b12 y una relaci\u00f3n se\u00f1al\/ruido de 82dB, garantiza una captura de sonido de alta calidad, lo que lo hace adecuado para diversos entornos de audio profesional.<\/p>","protected":false},"featured_media":2538,"comment_status":"open","ping_status":"closed","template":"","meta":[],"product_brand":[721],"product_cat":[16,21],"product_tag":[278,410,288,116],"class_list":{"0":"post-803","1":"product","2":"type-product","3":"status-publish","4":"has-post-thumbnail","6":"product_brand-ecmic","7":"product_cat-electret-microphones","8":"product_cat-unidirectional-microphones","9":"product_tag-25mm","10":"product_tag-high-snr","11":"product_tag-solder-pads","12":"product_tag-vocal","14":"first","15":"instock","16":"shipping-taxable","17":"purchasable","18":"product-type-simple"},"_links":{"self":[{"href":"https:\/\/ecmicrophones.com\/es\/wp-json\/wp\/v2\/product\/803","targetHints":{"allow":["GET"]}}],"collection":[{"href":"https:\/\/ecmicrophones.com\/es\/wp-json\/wp\/v2\/product"}],"about":[{"href":"https:\/\/ecmicrophones.com\/es\/wp-json\/wp\/v2\/types\/product"}],"replies":[{"embeddable":true,"href":"https:\/\/ecmicrophones.com\/es\/wp-json\/wp\/v2\/comments?post=803"}],"wp:featuredmedia":[{"embeddable":true,"href":"https:\/\/ecmicrophones.com\/es\/wp-json\/wp\/v2\/media\/2538"}],"wp:attachment":[{"href":"https:\/\/ecmicrophones.com\/es\/wp-json\/wp\/v2\/media?parent=803"}],"wp:term":[{"taxonomy":"product_brand","embeddable":true,"href":"https:\/\/ecmicrophones.com\/es\/wp-json\/wp\/v2\/product_brand?post=803"},{"taxonomy":"product_cat","embeddable":true,"href":"https:\/\/ecmicrophones.com\/es\/wp-json\/wp\/v2\/product_cat?post=803"},{"taxonomy":"product_tag","embeddable":true,"href":"https:\/\/ecmicrophones.com\/es\/wp-json\/wp\/v2\/product_tag?post=803"}],"curies":[{"name":"wp","href":"https:\/\/api.w.org\/{rel}","templated":true}]}}