{"id":818,"date":"2024-05-24T12:32:16","date_gmt":"2024-05-24T04:32:16","guid":{"rendered":"https:\/\/ecmicrophones.com\/?post_type=product&#038;p=818"},"modified":"2026-03-19T15:29:26","modified_gmt":"2026-03-19T07:29:26","slug":"wireless-interview-microphone-capsule-6mm","status":"publish","type":"product","link":"https:\/\/ecmicrophones.com\/es\/wireless-interview-microphone-capsule-6mm\/","title":{"rendered":"C\u00e1psula de micr\u00f3fono electret omnidireccional impermeable de 6 mm con cables de conexi\u00f3n"},"content":{"rendered":"<h2 class=\"text-start\">Especificaciones t\u00e9cnicas<\/h2>\n<p class=\"text-start\">El B6027AL30-L100DFS es una robusta c\u00e1psula de micr\u00f3fono electret omnidireccional impermeable de 6 mm dise\u00f1ada para la captura de audio en exteriores en sistemas embebidos. Con una sensibilidad de -30dB y una relaci\u00f3n se\u00f1al\/ruido de 74dB, ofrece un rendimiento sonoro claro y uniforme en un rango de frecuencias de 20Hz a 8000Hz, por lo que resulta ideal para la monitorizaci\u00f3n ambiental general y la captaci\u00f3n de voz en exteriores.<\/p>\n<p class=\"text-start\">Dise\u00f1ada para durar, esta c\u00e1psula integra una protecci\u00f3n de malla impermeable para un rendimiento fiable en entornos h\u00famedos o mojados. Los cables de par trenzado de 100 mm con doble apantallamiento y terminales preinstalados ofrecen una gran resistencia a las interferencias electromagn\u00e9ticas y una c\u00f3moda integraci\u00f3n con conjuntos de placas de circuito impreso. Las aplicaciones m\u00e1s comunes incluyen c\u00e1maras de seguridad, postes inteligentes, quioscos de exterior y otros dispositivos electr\u00f3nicos de exterior habilitados para voz.<\/p>\n<h3 class=\"pt-5 text-start\">Circuito de prueba est\u00e1ndar<\/h3>\n<p><img loading=\"lazy\" decoding=\"async\" class=\"alignnone size-full wp-image-819\" src=\"https:\/\/ecmicrophones.com\/wp-content\/uploads\/2024\/05\/standard-test-circuit_ecm-b6027al30-l100dfc.png\" alt=\"ECM-B6027AL30-L100DFC Circuito de prueba est\u00e1ndar: 2,2k\u03a9 de polarizaci\u00f3n, 2V de alimentaci\u00f3n, 1\u03bcF de salida.\" width=\"562\" height=\"243\" srcset=\"https:\/\/ecmicrophones.com\/wp-content\/uploads\/2024\/05\/standard-test-circuit_ecm-b6027al30-l100dfc.png 562w, https:\/\/ecmicrophones.com\/wp-content\/uploads\/2024\/05\/standard-test-circuit_ecm-b6027al30-l100dfc-300x130.png 300w, https:\/\/ecmicrophones.com\/wp-content\/uploads\/2024\/05\/standard-test-circuit_ecm-b6027al30-l100dfc-18x8.png 18w\" sizes=\"auto, (max-width: 562px) 100vw, 562px\" \/><\/p>\n<p>Probado con una resistencia de polarizaci\u00f3n de 2,2k\u03a9, alimentaci\u00f3n de 2V CC y condensador de salida de 1\u03bcF.<\/p>\n<h3 class=\"pt-5 text-start\">Respuesta de frecuencia t\u00edpica<\/h3>\n<p><img loading=\"lazy\" decoding=\"async\" class=\"alignnone size-full wp-image-821\" src=\"https:\/\/ecmicrophones.com\/wp-content\/uploads\/2024\/05\/typical-frequency-response_ecm-b6027al30-l100dfc.png\" alt=\"ECM-B6027AL30-L100DFC Curva de respuesta en frecuencia\" width=\"552\" height=\"394\" srcset=\"https:\/\/ecmicrophones.com\/wp-content\/uploads\/2024\/05\/typical-frequency-response_ecm-b6027al30-l100dfc.png 552w, https:\/\/ecmicrophones.com\/wp-content\/uploads\/2024\/05\/typical-frequency-response_ecm-b6027al30-l100dfc-300x214.png 300w, https:\/\/ecmicrophones.com\/wp-content\/uploads\/2024\/05\/typical-frequency-response_ecm-b6027al30-l100dfc-18x12.png 18w\" sizes=\"auto, (max-width: 552px) 100vw, 552px\" \/><\/p>\n<p>La respuesta es suave de 50 Hz a 5 kHz, con una ligera subida seguida de una ca\u00edda gradual alrededor de 8 kHz.<\/p>\n<h3 class=\"pt-5 text-start\">Dimensiones (UNIDAD: mm)<\/h3>\n<p><img loading=\"lazy\" decoding=\"async\" class=\"alignnone size-full wp-image-3038\" src=\"https:\/\/ecmicrophones.com\/wp-content\/uploads\/2024\/05\/appearance-dimension_ecm-b6027al30-l100dfc.png\" alt=\"Dimensiones de ECM-B6027AL30-L100DFC: \u03a66\u00d72.7mm\" width=\"485\" height=\"453\" srcset=\"https:\/\/ecmicrophones.com\/wp-content\/uploads\/2024\/05\/appearance-dimension_ecm-b6027al30-l100dfc.png 485w, https:\/\/ecmicrophones.com\/wp-content\/uploads\/2024\/05\/appearance-dimension_ecm-b6027al30-l100dfc-300x280.png 300w, https:\/\/ecmicrophones.com\/wp-content\/uploads\/2024\/05\/appearance-dimension_ecm-b6027al30-l100dfc-13x12.png 13w\" sizes=\"auto, (max-width: 485px) 100vw, 485px\" \/><\/p>\n<p>C\u00e1psula compacta de \u03a66 \u00d7 2,7 mm, con pel\u00edcula impermeable frontal y parte posterior sellada; la funda de goma adicional mejora la resistencia al agua y proporciona protecci\u00f3n contra las vibraciones.<\/p>","protected":false},"excerpt":{"rendered":"<p>Resistente c\u00e1psula de micr\u00f3fono electret omnidireccional impermeable de 6 mm con cables de par trenzado de doble blindaje y terminales presoldados. Ideal para la captura de audio en exteriores en sistemas de seguridad, postes inteligentes, quioscos y otras aplicaciones integradas. Ver el <a href=\"https:\/\/ecmicrophones.com\/es\/security-camera-microphone-capsule-6mm\/\">ECM-B6027AL30RC<\/a> para una versi\u00f3n sin caracter\u00edsticas impermeables.<\/p>","protected":false},"featured_media":2780,"comment_status":"open","ping_status":"closed","template":"","meta":[],"product_brand":[721],"product_cat":[16,20],"product_tag":[283,235,289],"class_list":{"0":"post-818","1":"product","2":"type-product","3":"status-publish","4":"has-post-thumbnail","6":"product_brand-ecmic","7":"product_cat-electret-microphones","8":"product_cat-omnidirectional-microphones","9":"product_tag-6mm","10":"product_tag-conference","11":"product_tag-wire-connector","13":"first","14":"instock","15":"shipping-taxable","16":"purchasable","17":"product-type-simple"},"_links":{"self":[{"href":"https:\/\/ecmicrophones.com\/es\/wp-json\/wp\/v2\/product\/818","targetHints":{"allow":["GET"]}}],"collection":[{"href":"https:\/\/ecmicrophones.com\/es\/wp-json\/wp\/v2\/product"}],"about":[{"href":"https:\/\/ecmicrophones.com\/es\/wp-json\/wp\/v2\/types\/product"}],"replies":[{"embeddable":true,"href":"https:\/\/ecmicrophones.com\/es\/wp-json\/wp\/v2\/comments?post=818"}],"wp:featuredmedia":[{"embeddable":true,"href":"https:\/\/ecmicrophones.com\/es\/wp-json\/wp\/v2\/media\/2780"}],"wp:attachment":[{"href":"https:\/\/ecmicrophones.com\/es\/wp-json\/wp\/v2\/media?parent=818"}],"wp:term":[{"taxonomy":"product_brand","embeddable":true,"href":"https:\/\/ecmicrophones.com\/es\/wp-json\/wp\/v2\/product_brand?post=818"},{"taxonomy":"product_cat","embeddable":true,"href":"https:\/\/ecmicrophones.com\/es\/wp-json\/wp\/v2\/product_cat?post=818"},{"taxonomy":"product_tag","embeddable":true,"href":"https:\/\/ecmicrophones.com\/es\/wp-json\/wp\/v2\/product_tag?post=818"}],"curies":[{"name":"wp","href":"https:\/\/api.w.org\/{rel}","templated":true}]}}