{"id":824,"date":"2024-05-24T13:52:56","date_gmt":"2024-05-24T05:52:56","guid":{"rendered":"https:\/\/ecmicrophones.com\/?post_type=product&#038;p=824"},"modified":"2026-03-19T15:29:10","modified_gmt":"2026-03-19T07:29:10","slug":"14mm-cardioid-electret-microphone-insert-for-live-broadcast","status":"publish","type":"product","link":"https:\/\/ecmicrophones.com\/es\/14mm-cardioid-electret-microphone-insert-for-live-broadcast\/","title":{"rendered":"Inserto de micr\u00f3fono electret cardioide de 14 mm para transmisi\u00f3n en vivo"},"content":{"rendered":"<h2 class=\"text-start\">Especificaciones t\u00e9cnicas<\/h2>\n<p class=\"text-start\">Nuestro n\u00facleo de micr\u00f3fono 1455 ofrece una calidad de sonido de alta fidelidad, con una tasa de distorsi\u00f3n de \u22641% y una relaci\u00f3n se\u00f1al-ruido de 79dB. Con alta fidelidad, bajo nivel de ruido y excelentes capacidades de reproducci\u00f3n, garantiza una experiencia de audio envolvente.<\/p>\n<h3 class=\"pt-5 text-start\">Circuito de prueba est\u00e1ndar<\/h3>\n<p><img loading=\"lazy\" decoding=\"async\" class=\"alignnone size-full wp-image-828\" src=\"https:\/\/ecmicrophones.com\/wp-content\/uploads\/2024\/05\/standard-test-circuit_ecm-b1455uml36-813.jpg\" alt=\"ECM-B1455UML36-813 Circuito de prueba est\u00e1ndar: 15k\u03a9 de polarizaci\u00f3n, 2V de alimentaci\u00f3n, 1\u03bcF de salida.\" width=\"590\" height=\"244\" srcset=\"https:\/\/ecmicrophones.com\/wp-content\/uploads\/2024\/05\/standard-test-circuit_ecm-b1455uml36-813.jpg 590w, https:\/\/ecmicrophones.com\/wp-content\/uploads\/2024\/05\/standard-test-circuit_ecm-b1455uml36-813-300x124.jpg 300w, https:\/\/ecmicrophones.com\/wp-content\/uploads\/2024\/05\/standard-test-circuit_ecm-b1455uml36-813-18x7.jpg 18w\" sizes=\"auto, (max-width: 590px) 100vw, 590px\" \/><\/p>\n<p>Resistencia de polarizaci\u00f3n de 15k\u03a9, tensi\u00f3n de alimentaci\u00f3n de 2V CC y condensador de salida de 1\u03bcF en configuraci\u00f3n de prueba est\u00e1ndar.<\/p>\n<h3 class=\"pt-5 text-start\">Respuesta de frecuencia t\u00edpica<\/h3>\n<p><img loading=\"lazy\" decoding=\"async\" class=\"alignnone size-full wp-image-829\" src=\"https:\/\/ecmicrophones.com\/wp-content\/uploads\/2024\/05\/typical-frequency-response_ecm-b1455uml36-813.jpg\" alt=\"ECM-B1455UML36-813 Respuesta en frecuencia: respuesta fluctuante de 100 Hz a 16 kHz con ca\u00edda despu\u00e9s de 10 kHz\" width=\"640\" height=\"290\" srcset=\"https:\/\/ecmicrophones.com\/wp-content\/uploads\/2024\/05\/typical-frequency-response_ecm-b1455uml36-813.jpg 640w, https:\/\/ecmicrophones.com\/wp-content\/uploads\/2024\/05\/typical-frequency-response_ecm-b1455uml36-813-300x136.jpg 300w, https:\/\/ecmicrophones.com\/wp-content\/uploads\/2024\/05\/typical-frequency-response_ecm-b1455uml36-813-18x8.jpg 18w, https:\/\/ecmicrophones.com\/wp-content\/uploads\/2024\/05\/typical-frequency-response_ecm-b1455uml36-813-600x272.jpg 600w\" sizes=\"auto, (max-width: 640px) 100vw, 640px\" \/><\/p>\n<p>La respuesta en frecuencia muestra una variaci\u00f3n moderada con una clara ca\u00edda que comienza cerca de 10 kHz y contin\u00faa hacia frecuencias m\u00e1s altas.<\/p>\n<h3 class=\"pt-5 text-start\">Dimensiones (UNIDAD: mm)<\/h3>\n<p><img loading=\"lazy\" decoding=\"async\" class=\"alignnone size-full wp-image-827\" src=\"https:\/\/ecmicrophones.com\/wp-content\/uploads\/2024\/05\/appearance-dimension_ecm-b1455uml36-813.jpg\" alt=\"ECM-B1455UML36-813 Dimensiones: \u03a614 \u00d7 5,5 mm c\u00e1psula con malla antipolvo frontal y puerto ac\u00fastico trasero\" width=\"586\" height=\"329\" srcset=\"https:\/\/ecmicrophones.com\/wp-content\/uploads\/2024\/05\/appearance-dimension_ecm-b1455uml36-813.jpg 586w, https:\/\/ecmicrophones.com\/wp-content\/uploads\/2024\/05\/appearance-dimension_ecm-b1455uml36-813-300x168.jpg 300w, https:\/\/ecmicrophones.com\/wp-content\/uploads\/2024\/05\/appearance-dimension_ecm-b1455uml36-813-18x10.jpg 18w\" sizes=\"auto, (max-width: 586px) 100vw, 586px\" \/><br \/>\nC\u00e1psula de \u03a614 \u00d7 5,5 mm que presenta una malla antipolvo frontal y dos puertos ac\u00fasticos traseros, ambos cubiertos con malla amortiguadora.<\/p>","protected":false},"excerpt":{"rendered":"<p>La ECM-B1455UML36-813 es una c\u00e1psula de micr\u00f3fono unidireccional de 14 \u00d7 5,5 mm adecuada para productos de micr\u00f3fonos como micr\u00f3fonos para transmisi\u00f3n en vivo y transmisi\u00f3n por radio. Con una sensibilidad de -36 dB \u00b1 2 y una relaci\u00f3n se\u00f1al\/ruido de 79 dB, garantiza una captura de audio de alta calidad para aplicaciones de grabaci\u00f3n y transmisi\u00f3n de voz.<\/p>","protected":false},"featured_media":2529,"comment_status":"open","ping_status":"closed","template":"","meta":[],"product_brand":[721],"product_cat":[16,21],"product_tag":[280,410,288,116],"class_list":{"0":"post-824","1":"product","2":"type-product","3":"status-publish","4":"has-post-thumbnail","6":"product_brand-ecmic","7":"product_cat-electret-microphones","8":"product_cat-unidirectional-microphones","9":"product_tag-14mm","10":"product_tag-high-snr","11":"product_tag-solder-pads","12":"product_tag-vocal","14":"first","15":"instock","16":"shipping-taxable","17":"purchasable","18":"product-type-simple"},"_links":{"self":[{"href":"https:\/\/ecmicrophones.com\/es\/wp-json\/wp\/v2\/product\/824","targetHints":{"allow":["GET"]}}],"collection":[{"href":"https:\/\/ecmicrophones.com\/es\/wp-json\/wp\/v2\/product"}],"about":[{"href":"https:\/\/ecmicrophones.com\/es\/wp-json\/wp\/v2\/types\/product"}],"replies":[{"embeddable":true,"href":"https:\/\/ecmicrophones.com\/es\/wp-json\/wp\/v2\/comments?post=824"}],"wp:featuredmedia":[{"embeddable":true,"href":"https:\/\/ecmicrophones.com\/es\/wp-json\/wp\/v2\/media\/2529"}],"wp:attachment":[{"href":"https:\/\/ecmicrophones.com\/es\/wp-json\/wp\/v2\/media?parent=824"}],"wp:term":[{"taxonomy":"product_brand","embeddable":true,"href":"https:\/\/ecmicrophones.com\/es\/wp-json\/wp\/v2\/product_brand?post=824"},{"taxonomy":"product_cat","embeddable":true,"href":"https:\/\/ecmicrophones.com\/es\/wp-json\/wp\/v2\/product_cat?post=824"},{"taxonomy":"product_tag","embeddable":true,"href":"https:\/\/ecmicrophones.com\/es\/wp-json\/wp\/v2\/product_tag?post=824"}],"curies":[{"name":"wp","href":"https:\/\/api.w.org\/{rel}","templated":true}]}}