{"id":830,"date":"2024-05-24T14:12:50","date_gmt":"2024-05-24T06:12:50","guid":{"rendered":"https:\/\/ecmicrophones.com\/?post_type=product&#038;p=830"},"modified":"2026-03-19T15:29:00","modified_gmt":"2026-03-19T07:29:00","slug":"14mm-unidirectional-electret-condenser-microphone-cartridge-for-interview-shotgun","status":"publish","type":"product","link":"https:\/\/ecmicrophones.com\/es\/14mm-unidirectional-electret-condenser-microphone-cartridge-for-interview-shotgun\/","title":{"rendered":"Cartucho de micr\u00f3fono de condensador Electret unidireccional de 14 mm para escopeta de entrevista"},"content":{"rendered":"<h2 class=\"text-start\">Especificaciones t\u00e9cnicas<\/h2>\n<p class=\"text-start\">Nuestro cabezal de micr\u00f3fono unidireccional 1455 ofrece una calidad de sonido Hi-Fi de alta fidelidad y bajo nivel de ruido. Con un n\u00facleo de diafragma grande de nuevo dise\u00f1o dise\u00f1ado a medida para aplicaciones de micr\u00f3fonos tipo ca\u00f1\u00f3n, ofrece graves potentes, tonos medios intensos y agudos brillantes para una experiencia de audio integral.<\/p>\n<h3 class=\"pt-5 text-start\">Circuito de prueba est\u00e1ndar<\/h3>\n<p><img loading=\"lazy\" decoding=\"async\" class=\"alignnone size-full wp-image-832\" src=\"https:\/\/ecmicrophones.com\/wp-content\/uploads\/2024\/05\/standard-test-circuit_ecm-b1455uml36-600.png\" alt=\"Circuito de prueba est\u00e1ndar\" width=\"534\" height=\"235\" srcset=\"https:\/\/ecmicrophones.com\/wp-content\/uploads\/2024\/05\/standard-test-circuit_ecm-b1455uml36-600.png 534w, https:\/\/ecmicrophones.com\/wp-content\/uploads\/2024\/05\/standard-test-circuit_ecm-b1455uml36-600-300x132.png 300w, https:\/\/ecmicrophones.com\/wp-content\/uploads\/2024\/05\/standard-test-circuit_ecm-b1455uml36-600-18x8.png 18w\" sizes=\"auto, (max-width: 534px) 100vw, 534px\" \/><\/p>\n<p>Condiciones de prueba: RL = 15K\u03a9, VS = 2V, C = 1\u03bcF.<\/p>\n<h3 class=\"pt-5 text-start\">Respuesta de frecuencia t\u00edpica<\/h3>\n<p><img loading=\"lazy\" decoding=\"async\" class=\"alignnone wp-image-833 size-large\" src=\"https:\/\/ecmicrophones.com\/wp-content\/uploads\/2024\/05\/typical-frequency-response_ecm-b1455uml36-600-1024x460.png\" alt=\"Respuesta de frecuencia t\u00edpica\" width=\"1024\" height=\"460\" srcset=\"https:\/\/ecmicrophones.com\/wp-content\/uploads\/2024\/05\/typical-frequency-response_ecm-b1455uml36-600-1024x460.png 1024w, https:\/\/ecmicrophones.com\/wp-content\/uploads\/2024\/05\/typical-frequency-response_ecm-b1455uml36-600-300x135.png 300w, https:\/\/ecmicrophones.com\/wp-content\/uploads\/2024\/05\/typical-frequency-response_ecm-b1455uml36-600-768x345.png 768w, https:\/\/ecmicrophones.com\/wp-content\/uploads\/2024\/05\/typical-frequency-response_ecm-b1455uml36-600-1536x689.png 1536w, https:\/\/ecmicrophones.com\/wp-content\/uploads\/2024\/05\/typical-frequency-response_ecm-b1455uml36-600-18x8.png 18w, https:\/\/ecmicrophones.com\/wp-content\/uploads\/2024\/05\/typical-frequency-response_ecm-b1455uml36-600-600x269.png 600w, https:\/\/ecmicrophones.com\/wp-content\/uploads\/2024\/05\/typical-frequency-response_ecm-b1455uml36-600.png 1651w\" sizes=\"auto, (max-width: 1024px) 100vw, 1024px\" \/><\/p>\n<p>Presenta una respuesta ascendente a partir de 100 Hz con una ganancia mejorada en las bajas frecuencias, con un pico justo por debajo de 10 kHz antes de una ca\u00edda gradual en las altas frecuencias, optimizada para la captura de voz unidireccional de alta fidelidad.<\/p>\n<h3 class=\"pt-5 text-start\">Dimensiones (UNIDAD: mm)<\/h3>\n<p><img loading=\"lazy\" decoding=\"async\" class=\"alignnone size-full wp-image-831\" src=\"https:\/\/ecmicrophones.com\/wp-content\/uploads\/2024\/05\/appearance-dimension_ecm-b1455uml36-600.png\" alt=\"Dimensi\u00f3n de apariencia\" width=\"610\" height=\"357\" srcset=\"https:\/\/ecmicrophones.com\/wp-content\/uploads\/2024\/05\/appearance-dimension_ecm-b1455uml36-600.png 610w, https:\/\/ecmicrophones.com\/wp-content\/uploads\/2024\/05\/appearance-dimension_ecm-b1455uml36-600-300x176.png 300w, https:\/\/ecmicrophones.com\/wp-content\/uploads\/2024\/05\/appearance-dimension_ecm-b1455uml36-600-18x12.png 18w, https:\/\/ecmicrophones.com\/wp-content\/uploads\/2024\/05\/appearance-dimension_ecm-b1455uml36-600-600x351.png 600w\" sizes=\"auto, (max-width: 610px) 100vw, 610px\" \/><\/p>\n<p>La c\u00e1psula mide 14 mm de di\u00e1metro y 5,5 mm de altura, y cuenta con una malla antipolvo delantera y un puerto ac\u00fastico trasero cubierto por una capa de malla amortiguadora.<\/p>","protected":false},"excerpt":{"rendered":"<p>La ECM-B1455UML36-600 es una c\u00e1psula de micr\u00f3fono unidireccional de 14 \u00d7 5,5 mm dise\u00f1ada para equipos de micr\u00f3fonos como micr\u00f3fonos de entrevistas. Con una sensibilidad de -36dB\u00b12 y una relaci\u00f3n se\u00f1al\/ruido de 75dB, garantiza una captura de audio clara y de alta calidad.<\/p>","protected":false},"featured_media":2527,"comment_status":"open","ping_status":"closed","template":"","meta":[],"product_brand":[721],"product_cat":[16,21],"product_tag":[280,235,288],"class_list":{"0":"post-830","1":"product","2":"type-product","3":"status-publish","4":"has-post-thumbnail","6":"product_brand-ecmic","7":"product_cat-electret-microphones","8":"product_cat-unidirectional-microphones","9":"product_tag-14mm","10":"product_tag-conference","11":"product_tag-solder-pads","13":"first","14":"instock","15":"shipping-taxable","16":"purchasable","17":"product-type-simple"},"_links":{"self":[{"href":"https:\/\/ecmicrophones.com\/es\/wp-json\/wp\/v2\/product\/830","targetHints":{"allow":["GET"]}}],"collection":[{"href":"https:\/\/ecmicrophones.com\/es\/wp-json\/wp\/v2\/product"}],"about":[{"href":"https:\/\/ecmicrophones.com\/es\/wp-json\/wp\/v2\/types\/product"}],"replies":[{"embeddable":true,"href":"https:\/\/ecmicrophones.com\/es\/wp-json\/wp\/v2\/comments?post=830"}],"wp:featuredmedia":[{"embeddable":true,"href":"https:\/\/ecmicrophones.com\/es\/wp-json\/wp\/v2\/media\/2527"}],"wp:attachment":[{"href":"https:\/\/ecmicrophones.com\/es\/wp-json\/wp\/v2\/media?parent=830"}],"wp:term":[{"taxonomy":"product_brand","embeddable":true,"href":"https:\/\/ecmicrophones.com\/es\/wp-json\/wp\/v2\/product_brand?post=830"},{"taxonomy":"product_cat","embeddable":true,"href":"https:\/\/ecmicrophones.com\/es\/wp-json\/wp\/v2\/product_cat?post=830"},{"taxonomy":"product_tag","embeddable":true,"href":"https:\/\/ecmicrophones.com\/es\/wp-json\/wp\/v2\/product_tag?post=830"}],"curies":[{"name":"wp","href":"https:\/\/api.w.org\/{rel}","templated":true}]}}