{"id":84,"date":"2024-03-27T10:54:51","date_gmt":"2024-03-27T10:54:51","guid":{"rendered":"https:\/\/ecmicrophones.com\/?post_type=product&#038;p=84"},"modified":"2026-03-19T15:40:07","modified_gmt":"2026-03-19T07:40:07","slug":"dynamic-handheld-karaoke-microphone-cartridge-19-1mm","status":"publish","type":"product","link":"https:\/\/ecmicrophones.com\/es\/dynamic-handheld-karaoke-microphone-cartridge-19-1mm\/","title":{"rendered":"Cartucho de micr\u00f3fono de karaoke de mano din\u00e1mico de 19,1 mm"},"content":{"rendered":"<h2 class=\"text-start\">Especificaciones t\u00e9cnicas<\/h2>\n<p class=\"text-start\">La ECM-DM1910K250 es una c\u00e1psula de micr\u00f3fono din\u00e1mica compacta de 19 mm dise\u00f1ada para aplicaciones de voz, como sistemas de microfon\u00eda para conferencias, micr\u00f3fonos amplificadores para aulas, micr\u00f3fonos de mano y micr\u00f3fonos de diadema.<\/p>\n<p class=\"text-start\">Con una respuesta en frecuencia de 100 Hz a 10 kHz, capta el rango vocal con claridad y calidez, mientras que su patr\u00f3n polar unidireccional reduce el ruido ambiental. Las opciones de impedancia seleccionables de 200\u03a9 y 250\u03a9 proporcionan una integraci\u00f3n flexible con diversos sistemas de amplificaci\u00f3n.<\/p>\n<p class=\"text-start\">Su peque\u00f1o tama\u00f1o se adapta a las carcasas de los dispositivos port\u00e1tiles y a los productos de voz de perfil delgado, ofreciendo un rendimiento estable y sin distorsiones en escenarios de amplificaci\u00f3n de voz y oratoria.<\/p>\n<h3 class=\"pt-5 text-start\">Despiece y lista de piezas<\/h3>\n<p><img loading=\"lazy\" decoding=\"async\" class=\"alignnone wp-image-3873 size-full\" src=\"https:\/\/ecmicrophones.com\/wp-content\/uploads\/2025\/12\/dynamic-part_ecm-dm1910k250.png\" alt=\"ECM-DM1910K250 Despiece: Conjunto de altavoz de 8 componentes\" width=\"560\" height=\"310\" srcset=\"https:\/\/ecmicrophones.com\/wp-content\/uploads\/2025\/12\/dynamic-part_ecm-dm1910k250.png 560w, https:\/\/ecmicrophones.com\/wp-content\/uploads\/2025\/12\/dynamic-part_ecm-dm1910k250-300x166.png 300w, https:\/\/ecmicrophones.com\/wp-content\/uploads\/2025\/12\/dynamic-part_ecm-dm1910k250-18x10.png 18w\" sizes=\"auto, (max-width: 560px) 100vw, 560px\" \/><\/p>\n<p>Desglose de componentes: 1.Esponja 2.Tapa 3.Diafragma 4.Bobina 5.Acero magn\u00e9tico 6.Ollas de hierro 7.Soporte 8.PCB+esta\u00f1o<\/p>\n<h3 class=\"pt-5 text-start\">Curva de respuesta en frecuencia<\/h3>\n<p><img loading=\"lazy\" decoding=\"async\" class=\"alignnone size-full wp-image-254\" src=\"https:\/\/ecmicrophones.com\/wp-content\/uploads\/2024\/03\/response-curve_ecm-dm1910k250.png\" alt=\"ECM-DM1910K250 Respuesta en frecuencia: Aumento de 100 Hz a 5 kHz, luego atenuaci\u00f3n a 20 kHz\" width=\"584\" height=\"447\" srcset=\"https:\/\/ecmicrophones.com\/wp-content\/uploads\/2024\/03\/response-curve_ecm-dm1910k250.png 584w, https:\/\/ecmicrophones.com\/wp-content\/uploads\/2024\/03\/response-curve_ecm-dm1910k250-300x230.png 300w, https:\/\/ecmicrophones.com\/wp-content\/uploads\/2024\/03\/response-curve_ecm-dm1910k250-16x12.png 16w\" sizes=\"auto, (max-width: 584px) 100vw, 584px\" \/><\/p>\n<p>La respuesta en frecuencia va de 100 Hz a 10 kHz, con unos graves con cuerpo, unos medios suaves y un suave descenso de los agudos.<\/p>\n<h3 class=\"pt-5 text-start\">Dimensiones (UNIDAD: mm)<\/h3>\n<p><img loading=\"lazy\" decoding=\"async\" class=\"alignnone size-full wp-image-255\" src=\"https:\/\/ecmicrophones.com\/wp-content\/uploads\/2024\/03\/appearance-size_ecm-dm1910k250.png\" alt=\"ECM-DM1910K250 Dimensiones: \u03a619.1\u00d710mm\" width=\"365\" height=\"350\" srcset=\"https:\/\/ecmicrophones.com\/wp-content\/uploads\/2024\/03\/appearance-size_ecm-dm1910k250.png 365w, https:\/\/ecmicrophones.com\/wp-content\/uploads\/2024\/03\/appearance-size_ecm-dm1910k250-300x288.png 300w, https:\/\/ecmicrophones.com\/wp-content\/uploads\/2024\/03\/appearance-size_ecm-dm1910k250-13x12.png 13w\" sizes=\"auto, (max-width: 365px) 100vw, 365px\" \/><\/p>\n<p>Carcasa de altavoz est\u00e1ndar \u03a619,1\u00d710 mm.<\/p>","protected":false},"excerpt":{"rendered":"<p>Esta c\u00e1psula de micr\u00f3fono din\u00e1mico unidireccional de 19,1 \u00d7 10 mm, adecuada para sistemas de microfon\u00eda para conferencias, micr\u00f3fonos amplificadores para aulas, micr\u00f3fonos de mano y micr\u00f3fonos de diadema, ofrece una captaci\u00f3n clara de la voz con una respuesta en frecuencia de 100 Hz a 10 kHz e impedancia seleccionable de 200\u03a9 o 250\u03a9.<\/p>","protected":false},"featured_media":2423,"comment_status":"open","ping_status":"closed","template":"","meta":[],"product_brand":[721],"product_cat":[17],"product_tag":[310,116],"class_list":{"0":"post-84","1":"product","2":"type-product","3":"status-publish","4":"has-post-thumbnail","6":"product_brand-ecmic","7":"product_cat-dynamic-microphones","8":"product_tag-19mm","9":"product_tag-vocal","11":"first","12":"instock","13":"shipping-taxable","14":"purchasable","15":"product-type-simple"},"_links":{"self":[{"href":"https:\/\/ecmicrophones.com\/es\/wp-json\/wp\/v2\/product\/84","targetHints":{"allow":["GET"]}}],"collection":[{"href":"https:\/\/ecmicrophones.com\/es\/wp-json\/wp\/v2\/product"}],"about":[{"href":"https:\/\/ecmicrophones.com\/es\/wp-json\/wp\/v2\/types\/product"}],"replies":[{"embeddable":true,"href":"https:\/\/ecmicrophones.com\/es\/wp-json\/wp\/v2\/comments?post=84"}],"wp:featuredmedia":[{"embeddable":true,"href":"https:\/\/ecmicrophones.com\/es\/wp-json\/wp\/v2\/media\/2423"}],"wp:attachment":[{"href":"https:\/\/ecmicrophones.com\/es\/wp-json\/wp\/v2\/media?parent=84"}],"wp:term":[{"taxonomy":"product_brand","embeddable":true,"href":"https:\/\/ecmicrophones.com\/es\/wp-json\/wp\/v2\/product_brand?post=84"},{"taxonomy":"product_cat","embeddable":true,"href":"https:\/\/ecmicrophones.com\/es\/wp-json\/wp\/v2\/product_cat?post=84"},{"taxonomy":"product_tag","embeddable":true,"href":"https:\/\/ecmicrophones.com\/es\/wp-json\/wp\/v2\/product_tag?post=84"}],"curies":[{"name":"wp","href":"https:\/\/api.w.org\/{rel}","templated":true}]}}