{"id":849,"date":"2024-05-24T15:36:38","date_gmt":"2024-05-24T07:36:38","guid":{"rendered":"https:\/\/ecmicrophones.com\/?post_type=product&#038;p=849"},"modified":"2026-03-19T15:28:22","modified_gmt":"2026-03-19T07:28:22","slug":"electret-microphone-with-3-solder-pads","status":"publish","type":"product","link":"https:\/\/ecmicrophones.com\/es\/electret-microphone-with-3-solder-pads\/","title":{"rendered":"Micr\u00f3fono electret con 3 almohadillas de soldadura"},"content":{"rendered":"<h2 class=\"text-start\">Especificaciones t\u00e9cnicas<\/h2>\n<p class=\"text-start\">Nuestra c\u00e1psula de micr\u00f3fono de diafragma grande unidireccional 1463 ofrece una alta relaci\u00f3n se\u00f1al-ruido y bajo nivel de ruido. La salida de fuente garantiza una calidad de sonido m\u00e1s limpia y clara.<\/p>\n<h3 class=\"pt-5 text-start\">Circuito de prueba est\u00e1ndar<\/h3>\n<p><img loading=\"lazy\" decoding=\"async\" class=\"alignnone size-full wp-image-850\" src=\"https:\/\/ecmicrophones.com\/wp-content\/uploads\/2024\/05\/standard-test-circuit_ecm-b1463ul42-291.png\" alt=\"Circuito de prueba est\u00e1ndar\" width=\"464\" height=\"244\" srcset=\"https:\/\/ecmicrophones.com\/wp-content\/uploads\/2024\/05\/standard-test-circuit_ecm-b1463ul42-291.png 464w, https:\/\/ecmicrophones.com\/wp-content\/uploads\/2024\/05\/standard-test-circuit_ecm-b1463ul42-291-300x158.png 300w, https:\/\/ecmicrophones.com\/wp-content\/uploads\/2024\/05\/standard-test-circuit_ecm-b1463ul42-291-18x9.png 18w\" sizes=\"auto, (max-width: 464px) 100vw, 464px\" \/><\/p>\n<p>Condiciones de prueba: RL = 6,8K\u03a9, Vs = 4,5V, C = 1\u03bcF.<\/p>\n<h3 class=\"pt-5 text-start\">Respuesta de frecuencia t\u00edpica<\/h3>\n<p><img loading=\"lazy\" decoding=\"async\" class=\"alignnone wp-image-852 size-large\" src=\"https:\/\/ecmicrophones.com\/wp-content\/uploads\/2024\/05\/typical-frequency-response_ecm-b1463ul42-291-1024x487.png\" alt=\"Respuesta de frecuencia t\u00edpica\" width=\"1024\" height=\"487\" srcset=\"https:\/\/ecmicrophones.com\/wp-content\/uploads\/2024\/05\/typical-frequency-response_ecm-b1463ul42-291-1024x487.png 1024w, https:\/\/ecmicrophones.com\/wp-content\/uploads\/2024\/05\/typical-frequency-response_ecm-b1463ul42-291-300x143.png 300w, https:\/\/ecmicrophones.com\/wp-content\/uploads\/2024\/05\/typical-frequency-response_ecm-b1463ul42-291-768x365.png 768w, https:\/\/ecmicrophones.com\/wp-content\/uploads\/2024\/05\/typical-frequency-response_ecm-b1463ul42-291-1536x730.png 1536w, https:\/\/ecmicrophones.com\/wp-content\/uploads\/2024\/05\/typical-frequency-response_ecm-b1463ul42-291-18x9.png 18w, https:\/\/ecmicrophones.com\/wp-content\/uploads\/2024\/05\/typical-frequency-response_ecm-b1463ul42-291-600x285.png 600w, https:\/\/ecmicrophones.com\/wp-content\/uploads\/2024\/05\/typical-frequency-response_ecm-b1463ul42-291.png 1574w\" sizes=\"auto, (max-width: 1024px) 100vw, 1024px\" \/><\/p>\n<p>La respuesta en frecuencia de 100 Hz a 16 kHz muestra una elevaci\u00f3n de las frecuencias bajas, seguida de una atenuaci\u00f3n gradual de las frecuencias medias a altas, con una ca\u00edda brusca a partir de 10 kHz.<\/p>\n<h3 class=\"pt-5 text-start\">Dimensiones (UNIDAD: mm)<\/h3>\n<p><img loading=\"lazy\" decoding=\"async\" class=\"alignnone size-full wp-image-851\" src=\"https:\/\/ecmicrophones.com\/wp-content\/uploads\/2024\/05\/appearance-dimension_ecm-b1463ul42-291.png\" alt=\"Dimensi\u00f3n de apariencia\" width=\"490\" height=\"350\" srcset=\"https:\/\/ecmicrophones.com\/wp-content\/uploads\/2024\/05\/appearance-dimension_ecm-b1463ul42-291.png 490w, https:\/\/ecmicrophones.com\/wp-content\/uploads\/2024\/05\/appearance-dimension_ecm-b1463ul42-291-300x214.png 300w, https:\/\/ecmicrophones.com\/wp-content\/uploads\/2024\/05\/appearance-dimension_ecm-b1463ul42-291-18x12.png 18w\" sizes=\"auto, (max-width: 490px) 100vw, 490px\" \/><\/p>\n<p>La c\u00e1psula mide 14 mm de di\u00e1metro \u00d7 6,3 mm de altura, con puerto ac\u00fastico trasero y salida de seguidor de fuente a trav\u00e9s de tres patillas de soldadura.<\/p>","protected":false},"excerpt":{"rendered":"<p>La ECM-B1463UL42-291 es una c\u00e1psula de micr\u00f3fono unidireccional de 14 \u00d7 6,3 mm ideal para micr\u00f3fonos de transmisi\u00f3n en vivo y micr\u00f3fonos de karaoke. Tiene una sensibilidad de -42 dB \u00b1 2 y una relaci\u00f3n se\u00f1al\/ruido de 78 dB, lo que garantiza una captura de sonido de alta calidad para aplicaciones de audio profesionales.<\/p>","protected":false},"featured_media":2631,"comment_status":"open","ping_status":"closed","template":"","meta":[],"product_brand":[721],"product_cat":[16,21],"product_tag":[280,292,410,116],"class_list":{"0":"post-849","1":"product","2":"type-product","3":"status-publish","4":"has-post-thumbnail","6":"product_brand-ecmic","7":"product_cat-electret-microphones","8":"product_cat-unidirectional-microphones","9":"product_tag-14mm","10":"product_tag-3-solder-pads","11":"product_tag-high-snr","12":"product_tag-vocal","14":"first","15":"instock","16":"shipping-taxable","17":"purchasable","18":"product-type-simple"},"_links":{"self":[{"href":"https:\/\/ecmicrophones.com\/es\/wp-json\/wp\/v2\/product\/849","targetHints":{"allow":["GET"]}}],"collection":[{"href":"https:\/\/ecmicrophones.com\/es\/wp-json\/wp\/v2\/product"}],"about":[{"href":"https:\/\/ecmicrophones.com\/es\/wp-json\/wp\/v2\/types\/product"}],"replies":[{"embeddable":true,"href":"https:\/\/ecmicrophones.com\/es\/wp-json\/wp\/v2\/comments?post=849"}],"wp:featuredmedia":[{"embeddable":true,"href":"https:\/\/ecmicrophones.com\/es\/wp-json\/wp\/v2\/media\/2631"}],"wp:attachment":[{"href":"https:\/\/ecmicrophones.com\/es\/wp-json\/wp\/v2\/media?parent=849"}],"wp:term":[{"taxonomy":"product_brand","embeddable":true,"href":"https:\/\/ecmicrophones.com\/es\/wp-json\/wp\/v2\/product_brand?post=849"},{"taxonomy":"product_cat","embeddable":true,"href":"https:\/\/ecmicrophones.com\/es\/wp-json\/wp\/v2\/product_cat?post=849"},{"taxonomy":"product_tag","embeddable":true,"href":"https:\/\/ecmicrophones.com\/es\/wp-json\/wp\/v2\/product_tag?post=849"}],"curies":[{"name":"wp","href":"https:\/\/api.w.org\/{rel}","templated":true}]}}