{"id":870,"date":"2024-05-24T16:37:17","date_gmt":"2024-05-24T08:37:17","guid":{"rendered":"https:\/\/ecmicrophones.com\/?post_type=product&#038;p=870"},"modified":"2026-03-19T15:27:32","modified_gmt":"2026-03-19T07:27:32","slug":"14mm-unidirectional-electret-condenser-microphone-insert-for-anchor-wireless","status":"publish","type":"product","link":"https:\/\/ecmicrophones.com\/es\/14mm-unidirectional-electret-condenser-microphone-insert-for-anchor-wireless\/","title":{"rendered":"Inserto de micr\u00f3fono de condensador electret unidireccional de 14 mm para Anchor Wireless"},"content":{"rendered":"<h2 class=\"text-start\">Especificaciones t\u00e9cnicas<\/h2>\n<p class=\"text-start\">Nuestra c\u00e1psula de micr\u00f3fono de diafragma grande ba\u00f1ada en oro unidireccional 1465 est\u00e1 dise\u00f1ada espec\u00edficamente para micr\u00f3fonos de transmisi\u00f3n. Utilizando JFET importado de alta calidad, garantiza un bajo nivel de ruido y una excelente resistencia a las interferencias, brindando un sonido rico y completo con alta fidelidad para aplicaciones de transmisi\u00f3n profesional.<\/p>\n<h3 class=\"pt-5 text-start\">Circuito de prueba est\u00e1ndar<\/h3>\n<p><img loading=\"lazy\" decoding=\"async\" class=\"alignnone size-full wp-image-872\" src=\"https:\/\/ecmicrophones.com\/wp-content\/uploads\/2024\/05\/standard-test-circuit_ecm-b1465ul40-449.png\" alt=\"Circuito de prueba est\u00e1ndar\" width=\"542\" height=\"231\" srcset=\"https:\/\/ecmicrophones.com\/wp-content\/uploads\/2024\/05\/standard-test-circuit_ecm-b1465ul40-449.png 542w, https:\/\/ecmicrophones.com\/wp-content\/uploads\/2024\/05\/standard-test-circuit_ecm-b1465ul40-449-300x128.png 300w, https:\/\/ecmicrophones.com\/wp-content\/uploads\/2024\/05\/standard-test-circuit_ecm-b1465ul40-449-18x8.png 18w\" sizes=\"auto, (max-width: 542px) 100vw, 542px\" \/><\/p>\n<p>Condiciones de prueba: RL = 6,8k\u03a9, Vs = 4,5V, C = 1\u00b5F.<\/p>\n<h3 class=\"pt-5 text-start\">Respuesta de frecuencia t\u00edpica<\/h3>\n<p><img loading=\"lazy\" decoding=\"async\" class=\"alignnone wp-image-871 size-large\" src=\"https:\/\/ecmicrophones.com\/wp-content\/uploads\/2024\/05\/typical-frequency-response_ecm-b1465ul40-449-1024x513.png\" alt=\"Respuesta de frecuencia t\u00edpica\" width=\"1024\" height=\"513\" srcset=\"https:\/\/ecmicrophones.com\/wp-content\/uploads\/2024\/05\/typical-frequency-response_ecm-b1465ul40-449-1024x513.png 1024w, https:\/\/ecmicrophones.com\/wp-content\/uploads\/2024\/05\/typical-frequency-response_ecm-b1465ul40-449-300x150.png 300w, https:\/\/ecmicrophones.com\/wp-content\/uploads\/2024\/05\/typical-frequency-response_ecm-b1465ul40-449-768x384.png 768w, https:\/\/ecmicrophones.com\/wp-content\/uploads\/2024\/05\/typical-frequency-response_ecm-b1465ul40-449-1536x769.png 1536w, https:\/\/ecmicrophones.com\/wp-content\/uploads\/2024\/05\/typical-frequency-response_ecm-b1465ul40-449-18x9.png 18w, https:\/\/ecmicrophones.com\/wp-content\/uploads\/2024\/05\/typical-frequency-response_ecm-b1465ul40-449-600x300.png 600w, https:\/\/ecmicrophones.com\/wp-content\/uploads\/2024\/05\/typical-frequency-response_ecm-b1465ul40-449.png 1578w\" sizes=\"auto, (max-width: 1024px) 100vw, 1024px\" \/><\/p>\n<p>La respuesta en frecuencia muestra un suave aumento en la mayor parte del espectro, con un rango medio relativamente plano y estable y una ca\u00edda gradual alrededor de los 10 kHz.<\/p>\n<h3 class=\"pt-5 text-start\">Dimensiones (UNIDAD: mm)<\/h3>\n<p><img loading=\"lazy\" decoding=\"async\" class=\"alignnone size-full wp-image-873\" src=\"https:\/\/ecmicrophones.com\/wp-content\/uploads\/2024\/05\/appearance-dimension_ecm-b1465ul40-449.png\" alt=\"Dimensi\u00f3n de apariencia\" width=\"547\" height=\"360\" srcset=\"https:\/\/ecmicrophones.com\/wp-content\/uploads\/2024\/05\/appearance-dimension_ecm-b1465ul40-449.png 547w, https:\/\/ecmicrophones.com\/wp-content\/uploads\/2024\/05\/appearance-dimension_ecm-b1465ul40-449-300x197.png 300w, https:\/\/ecmicrophones.com\/wp-content\/uploads\/2024\/05\/appearance-dimension_ecm-b1465ul40-449-18x12.png 18w\" sizes=\"auto, (max-width: 547px) 100vw, 547px\" \/><\/p>\n<p>La c\u00e1psula mide 14 mm de di\u00e1metro y 6,5 mm de altura, e incorpora un puerto ac\u00fastico trasero.<\/p>","protected":false},"excerpt":{"rendered":"<p>El ECM-B1465UL40-449 es una c\u00e1psula de micr\u00f3fono unidireccional dise\u00f1ada para aplicaciones de radiodifusi\u00f3n. Con unas dimensiones de 14 \u00d7 6,5 mm, ofrece una sensibilidad de -40 dB\u00b12 y una relaci\u00f3n se\u00f1al\/ruido de 65 dB, lo que garantiza una captura de sonido n\u00edtida para fines de radiodifusi\u00f3n.<\/p>","protected":false},"featured_media":2468,"comment_status":"open","ping_status":"closed","template":"","meta":[],"product_brand":[721],"product_cat":[21,16],"product_tag":[280,292,116],"class_list":{"0":"post-870","1":"product","2":"type-product","3":"status-publish","4":"has-post-thumbnail","6":"product_brand-ecmic","7":"product_cat-unidirectional-microphones","8":"product_cat-electret-microphones","9":"product_tag-14mm","10":"product_tag-3-solder-pads","11":"product_tag-vocal","13":"first","14":"instock","15":"shipping-taxable","16":"purchasable","17":"product-type-simple"},"_links":{"self":[{"href":"https:\/\/ecmicrophones.com\/es\/wp-json\/wp\/v2\/product\/870","targetHints":{"allow":["GET"]}}],"collection":[{"href":"https:\/\/ecmicrophones.com\/es\/wp-json\/wp\/v2\/product"}],"about":[{"href":"https:\/\/ecmicrophones.com\/es\/wp-json\/wp\/v2\/types\/product"}],"replies":[{"embeddable":true,"href":"https:\/\/ecmicrophones.com\/es\/wp-json\/wp\/v2\/comments?post=870"}],"wp:featuredmedia":[{"embeddable":true,"href":"https:\/\/ecmicrophones.com\/es\/wp-json\/wp\/v2\/media\/2468"}],"wp:attachment":[{"href":"https:\/\/ecmicrophones.com\/es\/wp-json\/wp\/v2\/media?parent=870"}],"wp:term":[{"taxonomy":"product_brand","embeddable":true,"href":"https:\/\/ecmicrophones.com\/es\/wp-json\/wp\/v2\/product_brand?post=870"},{"taxonomy":"product_cat","embeddable":true,"href":"https:\/\/ecmicrophones.com\/es\/wp-json\/wp\/v2\/product_cat?post=870"},{"taxonomy":"product_tag","embeddable":true,"href":"https:\/\/ecmicrophones.com\/es\/wp-json\/wp\/v2\/product_tag?post=870"}],"curies":[{"name":"wp","href":"https:\/\/api.w.org\/{rel}","templated":true}]}}