{"id":876,"date":"2024-05-24T16:52:24","date_gmt":"2024-05-24T08:52:24","guid":{"rendered":"https:\/\/ecmicrophones.com\/?post_type=product&#038;p=876"},"modified":"2026-04-24T14:18:22","modified_gmt":"2026-04-24T06:18:22","slug":"electret-microphone-insert-without-fet","status":"publish","type":"product","link":"https:\/\/ecmicrophones.com\/es\/electret-microphone-insert-without-fet\/","title":{"rendered":"Inserto de micr\u00f3fono electret sin FET (descatalogado)"},"content":{"rendered":"<h2 class=\"text-start\">Especificaciones t\u00e9cnicas<\/h2>\n<p class=\"text-start\">Nuestro cabezal de micr\u00f3fono electret unidireccional 1660 ofrece alta sensibilidad y reducci\u00f3n de ruido efectiva, lo que garantiza una captura de audio clara y precisa.<\/p>\n<h3 class=\"pt-5 text-start\">Circuito de prueba est\u00e1ndar<\/h3>\n<p><img loading=\"lazy\" decoding=\"async\" class=\"alignnone size-full wp-image-878\" src=\"https:\/\/ecmicrophones.com\/wp-content\/uploads\/2024\/05\/standard-test-circuit_ecm-b1660ul46-319.png\" alt=\"Circuito de prueba est\u00e1ndar\" width=\"534\" height=\"239\" srcset=\"https:\/\/ecmicrophones.com\/wp-content\/uploads\/2024\/05\/standard-test-circuit_ecm-b1660ul46-319.png 534w, https:\/\/ecmicrophones.com\/wp-content\/uploads\/2024\/05\/standard-test-circuit_ecm-b1660ul46-319-300x134.png 300w, https:\/\/ecmicrophones.com\/wp-content\/uploads\/2024\/05\/standard-test-circuit_ecm-b1660ul46-319-18x8.png 18w\" sizes=\"auto, (max-width: 534px) 100vw, 534px\" \/><\/p>\n<p>Probado utilizando la configuraci\u00f3n RL=680\u03a9, VS=1,5V y C=1\u03bcF para simular las condiciones de funcionamiento est\u00e1ndar.<\/p>\n<h3 class=\"pt-5 text-start\">Respuesta de frecuencia t\u00edpica<\/h3>\n<p><img loading=\"lazy\" decoding=\"async\" class=\"alignnone size-full wp-image-877\" src=\"https:\/\/ecmicrophones.com\/wp-content\/uploads\/2024\/05\/typical-frequency-response_ecm-b1660ul46-319.png\" alt=\"Respuesta de frecuencia t\u00edpica\" width=\"590\" height=\"265\" srcset=\"https:\/\/ecmicrophones.com\/wp-content\/uploads\/2024\/05\/typical-frequency-response_ecm-b1660ul46-319.png 590w, https:\/\/ecmicrophones.com\/wp-content\/uploads\/2024\/05\/typical-frequency-response_ecm-b1660ul46-319-300x135.png 300w, https:\/\/ecmicrophones.com\/wp-content\/uploads\/2024\/05\/typical-frequency-response_ecm-b1660ul46-319-18x8.png 18w\" sizes=\"auto, (max-width: 590px) 100vw, 590px\" \/><\/p>\n<p>La respuesta sube de 100 Hz a unos 500 Hz, se mantiene relativamente plana, cae entre 4 y 5 kHz y vuelve a subir por encima de 5 kHz.<\/p>\n<h3 class=\"pt-5 text-start\">Dimensiones (UNIDAD: mm)<\/h3>\n<p><img loading=\"lazy\" decoding=\"async\" class=\"alignnone size-full wp-image-879\" src=\"https:\/\/ecmicrophones.com\/wp-content\/uploads\/2024\/05\/appearance-dimension_ecm-b1660ul46-319.png\" alt=\"Dimensi\u00f3n de apariencia\" width=\"298\" height=\"457\" srcset=\"https:\/\/ecmicrophones.com\/wp-content\/uploads\/2024\/05\/appearance-dimension_ecm-b1660ul46-319.png 298w, https:\/\/ecmicrophones.com\/wp-content\/uploads\/2024\/05\/appearance-dimension_ecm-b1660ul46-319-196x300.png 196w, https:\/\/ecmicrophones.com\/wp-content\/uploads\/2024\/05\/appearance-dimension_ecm-b1660ul46-319-8x12.png 8w\" sizes=\"auto, (max-width: 298px) 100vw, 298px\" \/><\/p>\n<p>La c\u00e1psula del micr\u00f3fono mide 16 mm de di\u00e1metro y 6 mm de altura, con leng\u00fcetas de soldadura externas y sin circuito FET interno.<\/p>","protected":false},"excerpt":{"rendered":"<p>El ECM-B1660UL46-319 es una c\u00e1psula de micr\u00f3fono unidireccional de 16 \u00d7 6 mm dise\u00f1ada para aplicaciones de transmisi\u00f3n. Con una sensibilidad de -46dB\u00b13 y una relaci\u00f3n se\u00f1al\/ruido de 60dB, garantiza una captura de sonido clara y precisa, lo que lo hace ideal para su uso en entornos de transmisi\u00f3n en vivo y streaming.<\/p>","protected":false},"featured_media":2639,"comment_status":"open","ping_status":"closed","template":"","meta":[],"product_brand":[721],"product_cat":[16,21],"product_tag":[279,300,436,116],"class_list":{"0":"post-876","1":"product","2":"type-product","3":"status-publish","4":"has-post-thumbnail","6":"product_brand-ecmic","7":"product_cat-electret-microphones","8":"product_cat-unidirectional-microphones","9":"product_tag-16mm","10":"product_tag-without-fet","11":"product_tag-solder-tabs","12":"product_tag-vocal","14":"first","15":"instock","16":"shipping-taxable","17":"purchasable","18":"product-type-simple"},"_links":{"self":[{"href":"https:\/\/ecmicrophones.com\/es\/wp-json\/wp\/v2\/product\/876","targetHints":{"allow":["GET"]}}],"collection":[{"href":"https:\/\/ecmicrophones.com\/es\/wp-json\/wp\/v2\/product"}],"about":[{"href":"https:\/\/ecmicrophones.com\/es\/wp-json\/wp\/v2\/types\/product"}],"replies":[{"embeddable":true,"href":"https:\/\/ecmicrophones.com\/es\/wp-json\/wp\/v2\/comments?post=876"}],"wp:featuredmedia":[{"embeddable":true,"href":"https:\/\/ecmicrophones.com\/es\/wp-json\/wp\/v2\/media\/2639"}],"wp:attachment":[{"href":"https:\/\/ecmicrophones.com\/es\/wp-json\/wp\/v2\/media?parent=876"}],"wp:term":[{"taxonomy":"product_brand","embeddable":true,"href":"https:\/\/ecmicrophones.com\/es\/wp-json\/wp\/v2\/product_brand?post=876"},{"taxonomy":"product_cat","embeddable":true,"href":"https:\/\/ecmicrophones.com\/es\/wp-json\/wp\/v2\/product_cat?post=876"},{"taxonomy":"product_tag","embeddable":true,"href":"https:\/\/ecmicrophones.com\/es\/wp-json\/wp\/v2\/product_tag?post=876"}],"curies":[{"name":"wp","href":"https:\/\/api.w.org\/{rel}","templated":true}]}}