{"id":882,"date":"2024-05-24T17:45:28","date_gmt":"2024-05-24T09:45:28","guid":{"rendered":"https:\/\/ecmicrophones.com\/?post_type=product&#038;p=882"},"modified":"2026-03-19T15:27:02","modified_gmt":"2026-03-19T07:27:02","slug":"16mm-cardioid-electret-microphone-element-for-anchor","status":"publish","type":"product","link":"https:\/\/ecmicrophones.com\/es\/16mm-cardioid-electret-microphone-element-for-anchor\/","title":{"rendered":"Elemento de micr\u00f3fono electret cardioide de 16 mm para anclaje"},"content":{"rendered":"<h2 class=\"text-start\">Especificaciones t\u00e9cnicas<\/h2>\n<p class=\"text-start\">El micr\u00f3fono de condensador unidireccional 1655 est\u00e1 dise\u00f1ado para locutores y ofrece una calidad estable y confiable con un JFET coreano. Equipado con condensadores dobles para evitar interferencias, ofrece una alta calidad de audio y una excelente relaci\u00f3n se\u00f1al-ruido, lo que garantiza una excelente reproducci\u00f3n de sonido para aplicaciones de transmisi\u00f3n profesional.<\/p>\n<h3 class=\"pt-5 text-start\">Circuito de prueba est\u00e1ndar<\/h3>\n<p><img loading=\"lazy\" decoding=\"async\" class=\"alignnone size-full wp-image-1968\" src=\"https:\/\/ecmicrophones.com\/wp-content\/uploads\/2024\/05\/standard-test-circuit_ecm-b1655ul44-280.png\" alt=\"Esquema del circuito de prueba del micr\u00f3fono\" width=\"474\" height=\"208\" srcset=\"https:\/\/ecmicrophones.com\/wp-content\/uploads\/2024\/05\/standard-test-circuit_ecm-b1655ul44-280.png 474w, https:\/\/ecmicrophones.com\/wp-content\/uploads\/2024\/05\/standard-test-circuit_ecm-b1655ul44-280-300x132.png 300w, https:\/\/ecmicrophones.com\/wp-content\/uploads\/2024\/05\/standard-test-circuit_ecm-b1655ul44-280-18x8.png 18w\" sizes=\"auto, (max-width: 474px) 100vw, 474px\" \/><\/p>\n<p>Configuraci\u00f3n de la prueba: RL=680\u03a9, VS=1,5V, C=1\u03bcF<\/p>\n<h3 class=\"pt-5 text-start\">Respuesta de frecuencia t\u00edpica<\/h3>\n<p><img loading=\"lazy\" decoding=\"async\" class=\"alignnone wp-image-1969 size-large\" src=\"https:\/\/ecmicrophones.com\/wp-content\/uploads\/2024\/05\/typical-frequency-response_ecm-b1655ul44-280-1024x512.png\" alt=\"Curva de respuesta en frecuencia que muestra la subida inicial, la ca\u00edda de las frecuencias medias y la ca\u00edda de las frecuencias altas.\" width=\"1024\" height=\"512\" srcset=\"https:\/\/ecmicrophones.com\/wp-content\/uploads\/2024\/05\/typical-frequency-response_ecm-b1655ul44-280-1024x512.png 1024w, https:\/\/ecmicrophones.com\/wp-content\/uploads\/2024\/05\/typical-frequency-response_ecm-b1655ul44-280-300x150.png 300w, https:\/\/ecmicrophones.com\/wp-content\/uploads\/2024\/05\/typical-frequency-response_ecm-b1655ul44-280-768x384.png 768w, https:\/\/ecmicrophones.com\/wp-content\/uploads\/2024\/05\/typical-frequency-response_ecm-b1655ul44-280-1536x768.png 1536w, https:\/\/ecmicrophones.com\/wp-content\/uploads\/2024\/05\/typical-frequency-response_ecm-b1655ul44-280-18x9.png 18w, https:\/\/ecmicrophones.com\/wp-content\/uploads\/2024\/05\/typical-frequency-response_ecm-b1655ul44-280-600x300.png 600w, https:\/\/ecmicrophones.com\/wp-content\/uploads\/2024\/05\/typical-frequency-response_ecm-b1655ul44-280.png 1577w\" sizes=\"auto, (max-width: 1024px) 100vw, 1024px\" \/><\/p>\n<p>La respuesta en frecuencia sube de forma constante de 100 Hz a 6 kHz hasta el nivel m\u00e1ximo, desciende hasta 6-7 kHz y se recupera brevemente a 7-8 kHz antes de bajar hasta 10 kHz.<\/p>\n<h3 class=\"pt-5 text-start\">Dimensiones (UNIDAD: mm)<\/h3>\n<p><img loading=\"lazy\" decoding=\"async\" class=\"alignnone size-full wp-image-1967\" src=\"https:\/\/ecmicrophones.com\/wp-content\/uploads\/2024\/05\/appearance-dimension_ecm-b1655ul44-280.png\" alt=\"Dibujo de las dimensiones del micr\u00f3fono\" width=\"590\" height=\"400\" srcset=\"https:\/\/ecmicrophones.com\/wp-content\/uploads\/2024\/05\/appearance-dimension_ecm-b1655ul44-280.png 590w, https:\/\/ecmicrophones.com\/wp-content\/uploads\/2024\/05\/appearance-dimension_ecm-b1655ul44-280-300x203.png 300w, https:\/\/ecmicrophones.com\/wp-content\/uploads\/2024\/05\/appearance-dimension_ecm-b1655ul44-280-18x12.png 18w\" sizes=\"auto, (max-width: 590px) 100vw, 590px\" \/><\/p>\n<p>Dimensiones: 16 mm de di\u00e1metro \u00d7 5,5 mm de altura con malla frontal y puertos traseros<\/p>","protected":false},"excerpt":{"rendered":"<p>El ECM-B1655UL44-280 es una c\u00e1psula de micr\u00f3fono unidireccional dise\u00f1ada principalmente para aplicaciones de micr\u00f3fonos de radiodifusi\u00f3n. Con unas dimensiones de 16 \u00d7 5,5 mm, presenta una sensibilidad de -44 dB \u00b1 2 y una relaci\u00f3n se\u00f1al\/ruido de 75 dB, lo que garantiza una captura de sonido de alta calidad.<\/p>","protected":false},"featured_media":2471,"comment_status":"open","ping_status":"closed","template":"","meta":[],"product_brand":[721],"product_cat":[16,21],"product_tag":[279,288,116],"class_list":{"0":"post-882","1":"product","2":"type-product","3":"status-publish","4":"has-post-thumbnail","6":"product_brand-ecmic","7":"product_cat-electret-microphones","8":"product_cat-unidirectional-microphones","9":"product_tag-16mm","10":"product_tag-solder-pads","11":"product_tag-vocal","13":"first","14":"instock","15":"shipping-taxable","16":"purchasable","17":"product-type-simple"},"_links":{"self":[{"href":"https:\/\/ecmicrophones.com\/es\/wp-json\/wp\/v2\/product\/882","targetHints":{"allow":["GET"]}}],"collection":[{"href":"https:\/\/ecmicrophones.com\/es\/wp-json\/wp\/v2\/product"}],"about":[{"href":"https:\/\/ecmicrophones.com\/es\/wp-json\/wp\/v2\/types\/product"}],"replies":[{"embeddable":true,"href":"https:\/\/ecmicrophones.com\/es\/wp-json\/wp\/v2\/comments?post=882"}],"wp:featuredmedia":[{"embeddable":true,"href":"https:\/\/ecmicrophones.com\/es\/wp-json\/wp\/v2\/media\/2471"}],"wp:attachment":[{"href":"https:\/\/ecmicrophones.com\/es\/wp-json\/wp\/v2\/media?parent=882"}],"wp:term":[{"taxonomy":"product_brand","embeddable":true,"href":"https:\/\/ecmicrophones.com\/es\/wp-json\/wp\/v2\/product_brand?post=882"},{"taxonomy":"product_cat","embeddable":true,"href":"https:\/\/ecmicrophones.com\/es\/wp-json\/wp\/v2\/product_cat?post=882"},{"taxonomy":"product_tag","embeddable":true,"href":"https:\/\/ecmicrophones.com\/es\/wp-json\/wp\/v2\/product_tag?post=882"}],"curies":[{"name":"wp","href":"https:\/\/api.w.org\/{rel}","templated":true}]}}