{"id":93,"date":"2024-03-27T11:00:49","date_gmt":"2024-03-27T11:00:49","guid":{"rendered":"https:\/\/ecmicrophones.com\/?post_type=product&#038;p=93"},"modified":"2026-03-19T15:40:17","modified_gmt":"2026-03-19T07:40:17","slug":"9-7mm-electret-microphone-capsule-with-pins-for-doorbell","status":"publish","type":"product","link":"https:\/\/ecmicrophones.com\/es\/9-7mm-electret-microphone-capsule-with-pins-for-doorbell\/","title":{"rendered":"C\u00e1psula de micr\u00f3fono electret de 9,7 mm con clavijas para timbre"},"content":{"rendered":"<h2 class=\"text-start\">Especificaciones t\u00e9cnicas<\/h2>\n<p class=\"text-start\">Nuestro cabezal de micr\u00f3fono omnidireccional 9767 cuenta con un n\u00facleo transductor electret de alta sensibilidad y un dise\u00f1o enchufable, lo que garantiza un rendimiento y una versatilidad \u00f3ptimos.<\/p>\n<h3 class=\"pt-5 text-start\">Circuito de prueba est\u00e1ndar<\/h3>\n<p><img loading=\"lazy\" decoding=\"async\" class=\"alignnone wp-image-257\" src=\"https:\/\/ecmicrophones.com\/wp-content\/uploads\/2024\/03\/standard-test-circuit_ecm-f9767ap-30-300x147.png\" alt=\"ECM-F9767AP-30 Circuito de prueba est\u00e1ndar: 2,2k\u03a9 de polarizaci\u00f3n, 2V de alimentaci\u00f3n, 1\u03bcF de salida.\" width=\"500\" height=\"245\" srcset=\"https:\/\/ecmicrophones.com\/wp-content\/uploads\/2024\/03\/standard-test-circuit_ecm-f9767ap-30-300x147.png 300w, https:\/\/ecmicrophones.com\/wp-content\/uploads\/2024\/03\/standard-test-circuit_ecm-f9767ap-30-1024x502.png 1024w, https:\/\/ecmicrophones.com\/wp-content\/uploads\/2024\/03\/standard-test-circuit_ecm-f9767ap-30-768x377.png 768w, https:\/\/ecmicrophones.com\/wp-content\/uploads\/2024\/03\/standard-test-circuit_ecm-f9767ap-30-1536x753.png 1536w, https:\/\/ecmicrophones.com\/wp-content\/uploads\/2024\/03\/standard-test-circuit_ecm-f9767ap-30-18x9.png 18w, https:\/\/ecmicrophones.com\/wp-content\/uploads\/2024\/03\/standard-test-circuit_ecm-f9767ap-30-600x294.png 600w, https:\/\/ecmicrophones.com\/wp-content\/uploads\/2024\/03\/standard-test-circuit_ecm-f9767ap-30.png 1542w\" sizes=\"auto, (max-width: 500px) 100vw, 500px\" \/><\/p>\n<p>Configurado con una resistencia de polarizaci\u00f3n de 2,2k\u03a9, alimentaci\u00f3n de 2V CC y condensador de acoplamiento de 1\u03bcF.<\/p>\n<h3 class=\"pt-5 text-start\">Respuesta de frecuencia t\u00edpica<\/h3>\n<p><img loading=\"lazy\" decoding=\"async\" class=\"alignnone size-full wp-image-258\" src=\"https:\/\/ecmicrophones.com\/wp-content\/uploads\/2024\/03\/typical-frequency-response_ecm-f9767ap-30.png\" alt=\"ECM-F9767AP-30 Curva de respuesta en frecuencia\" width=\"656\" height=\"271\" srcset=\"https:\/\/ecmicrophones.com\/wp-content\/uploads\/2024\/03\/typical-frequency-response_ecm-f9767ap-30.png 656w, https:\/\/ecmicrophones.com\/wp-content\/uploads\/2024\/03\/typical-frequency-response_ecm-f9767ap-30-300x124.png 300w, https:\/\/ecmicrophones.com\/wp-content\/uploads\/2024\/03\/typical-frequency-response_ecm-f9767ap-30-18x7.png 18w, https:\/\/ecmicrophones.com\/wp-content\/uploads\/2024\/03\/typical-frequency-response_ecm-f9767ap-30-600x248.png 600w\" sizes=\"auto, (max-width: 656px) 100vw, 656px\" \/><\/p>\n<p>La respuesta es suave de 100 Hz a 5 kHz, con un ligero aumento entre 3 kHz y 5 kHz, seguido de un pronunciado descenso por encima de 5 kHz.<\/p>\n<h3 class=\"pt-5 text-start\">Dimensiones (UNIDAD: mm)<\/h3>\n<p><img loading=\"lazy\" decoding=\"async\" class=\"alignnone size-full wp-image-259\" src=\"https:\/\/ecmicrophones.com\/wp-content\/uploads\/2024\/03\/appearance-dimension_ecm-f9767ap-30.png\" alt=\"Dimensiones de ECM-F9767AP-30: \u03a69.7\u00d76.7mm\" width=\"586\" height=\"502\" srcset=\"https:\/\/ecmicrophones.com\/wp-content\/uploads\/2024\/03\/appearance-dimension_ecm-f9767ap-30.png 586w, https:\/\/ecmicrophones.com\/wp-content\/uploads\/2024\/03\/appearance-dimension_ecm-f9767ap-30-300x257.png 300w, https:\/\/ecmicrophones.com\/wp-content\/uploads\/2024\/03\/appearance-dimension_ecm-f9767ap-30-14x12.png 14w\" sizes=\"auto, (max-width: 586px) 100vw, 586px\" \/><\/p>\n<p>La c\u00e1psula mide \u03a69,7 \u00d7 6,7 mm con una malla antipolvo frontal y un dise\u00f1o trasero totalmente sellado. Equipada con clavijas de 5 mm, con una separaci\u00f3n de 2,54 mm.<\/p>","protected":false},"excerpt":{"rendered":"<p>El ECM-F9767AP-30 es una c\u00e1psula de micr\u00f3fono omnidireccional de 9,7 \u00d7 6,7 mm adecuada para aplicaciones como sistemas de intercomunicaci\u00f3n de edificios y dispositivos walkie-talkie. Con una sensibilidad de -30 dB \u00b1 2 y una relaci\u00f3n se\u00f1al\/ruido de 68 dB, garantiza una transmisi\u00f3n de audio clara y confiable.<\/p>","protected":false},"featured_media":2600,"comment_status":"open","ping_status":"closed","template":"","meta":[],"product_brand":[721],"product_cat":[16,20],"product_tag":[282,109,291],"class_list":{"0":"post-93","1":"product","2":"type-product","3":"status-publish","4":"has-post-thumbnail","6":"product_brand-ecmic","7":"product_cat-electret-microphones","8":"product_cat-omnidirectional-microphones","9":"product_tag-9-7mm","10":"product_tag-intercom","11":"product_tag-pin-type","13":"first","14":"instock","15":"shipping-taxable","16":"purchasable","17":"product-type-simple"},"_links":{"self":[{"href":"https:\/\/ecmicrophones.com\/es\/wp-json\/wp\/v2\/product\/93","targetHints":{"allow":["GET"]}}],"collection":[{"href":"https:\/\/ecmicrophones.com\/es\/wp-json\/wp\/v2\/product"}],"about":[{"href":"https:\/\/ecmicrophones.com\/es\/wp-json\/wp\/v2\/types\/product"}],"replies":[{"embeddable":true,"href":"https:\/\/ecmicrophones.com\/es\/wp-json\/wp\/v2\/comments?post=93"}],"wp:featuredmedia":[{"embeddable":true,"href":"https:\/\/ecmicrophones.com\/es\/wp-json\/wp\/v2\/media\/2600"}],"wp:attachment":[{"href":"https:\/\/ecmicrophones.com\/es\/wp-json\/wp\/v2\/media?parent=93"}],"wp:term":[{"taxonomy":"product_brand","embeddable":true,"href":"https:\/\/ecmicrophones.com\/es\/wp-json\/wp\/v2\/product_brand?post=93"},{"taxonomy":"product_cat","embeddable":true,"href":"https:\/\/ecmicrophones.com\/es\/wp-json\/wp\/v2\/product_cat?post=93"},{"taxonomy":"product_tag","embeddable":true,"href":"https:\/\/ecmicrophones.com\/es\/wp-json\/wp\/v2\/product_tag?post=93"}],"curies":[{"name":"wp","href":"https:\/\/api.w.org\/{rel}","templated":true}]}}