{"id":989,"date":"2024-06-03T16:11:52","date_gmt":"2024-06-03T08:11:52","guid":{"rendered":"https:\/\/ecmicrophones.com\/?post_type=product&#038;p=989"},"modified":"2026-03-19T15:26:25","modified_gmt":"2026-03-19T07:26:25","slug":"8mm-electret-lavalier-mic-capsule-with-flat-frequency-response","status":"publish","type":"product","link":"https:\/\/ecmicrophones.com\/es\/8mm-electret-lavalier-mic-capsule-with-flat-frequency-response\/","title":{"rendered":"C\u00e1psula de micr\u00f3fono de solapa electret de 8 mm con respuesta de frecuencia plana"},"content":{"rendered":"<h2 class=\"text-start\">Especificaciones t\u00e9cnicas<\/h2>\n<p class=\"text-start\">Nuestro elemento de micr\u00f3fono omnidireccional 8045 tiene una tasa de distorsi\u00f3n de \u22642% a 120 dB SPL. Tiene 8 mm de di\u00e1metro y 4,5 mm de altura. Este micr\u00f3fono puede manejar bien frecuencias bajas, medias y altas, lo que lo hace ideal para micr\u00f3fonos de solapa y de transmisi\u00f3n. Proporciona un sonido claro y detallado, especialmente para voces.<\/p>\n<h3 class=\"pt-5 text-start\">Circuito de prueba est\u00e1ndar<\/h3>\n<p><img loading=\"lazy\" decoding=\"async\" class=\"alignnone size-full wp-image-991\" src=\"https:\/\/ecmicrophones.com\/wp-content\/uploads\/2024\/06\/standard-test-circuit_ecm-b8045al38-24079.jpg\" alt=\"Circuito de prueba ECM-B8045AL38: 2,2k\u03a9 de polarizaci\u00f3n, 2V de alimentaci\u00f3n, 1\u03bcF de salida.\" width=\"578\" height=\"256\" srcset=\"https:\/\/ecmicrophones.com\/wp-content\/uploads\/2024\/06\/standard-test-circuit_ecm-b8045al38-24079.jpg 578w, https:\/\/ecmicrophones.com\/wp-content\/uploads\/2024\/06\/standard-test-circuit_ecm-b8045al38-24079-300x133.jpg 300w, https:\/\/ecmicrophones.com\/wp-content\/uploads\/2024\/06\/standard-test-circuit_ecm-b8045al38-24079-18x8.jpg 18w\" sizes=\"auto, (max-width: 578px) 100vw, 578px\" \/><\/p>\n<p>Resistencia de polarizaci\u00f3n de 2,2k\u03a9, alimentaci\u00f3n de 2V CC, condensador de salida de 1\u03bcF. Configuraci\u00f3n de frecuencia de voz est\u00e1ndar.<\/p>\n<h3 class=\"pt-5 text-start\">Respuesta de frecuencia t\u00edpica<\/h3>\n<p><img loading=\"lazy\" decoding=\"async\" class=\"alignnone size-full wp-image-992\" src=\"https:\/\/ecmicrophones.com\/wp-content\/uploads\/2024\/06\/typical-frequency-response_ecm-b8045al38-24079.jpg\" alt=\"ECM-B8045AL38 Respuesta en frecuencia: Respuesta plana\" width=\"573\" height=\"411\" srcset=\"https:\/\/ecmicrophones.com\/wp-content\/uploads\/2024\/06\/typical-frequency-response_ecm-b8045al38-24079.jpg 573w, https:\/\/ecmicrophones.com\/wp-content\/uploads\/2024\/06\/typical-frequency-response_ecm-b8045al38-24079-300x215.jpg 300w, https:\/\/ecmicrophones.com\/wp-content\/uploads\/2024\/06\/typical-frequency-response_ecm-b8045al38-24079-18x12.jpg 18w\" sizes=\"auto, (max-width: 573px) 100vw, 573px\" \/><\/p>\n<p>Respuesta en frecuencia plana para una reproducci\u00f3n precisa de la voz.<\/p>\n<h3 class=\"pt-5 text-start\">Dimensiones (Unidad: mm)<\/h3>\n<p><img loading=\"lazy\" decoding=\"async\" class=\"alignnone size-full wp-image-990\" src=\"https:\/\/ecmicrophones.com\/wp-content\/uploads\/2024\/06\/appearance-dimension_ecm-b8045al38-24079.jpg\" alt=\"ECM-B8045AL38 Dimensiones: \u03a68\u00d74,5mm con malla antipolvo frontal (parte trasera sellada)\" width=\"498\" height=\"288\" srcset=\"https:\/\/ecmicrophones.com\/wp-content\/uploads\/2024\/06\/appearance-dimension_ecm-b8045al38-24079.jpg 498w, https:\/\/ecmicrophones.com\/wp-content\/uploads\/2024\/06\/appearance-dimension_ecm-b8045al38-24079-300x173.jpg 300w, https:\/\/ecmicrophones.com\/wp-content\/uploads\/2024\/06\/appearance-dimension_ecm-b8045al38-24079-18x10.jpg 18w\" sizes=\"auto, (max-width: 498px) 100vw, 498px\" \/><\/p>\n<p>Carcasa de \u03a68\u00d74,5 mm con malla antipolvo frontal (dise\u00f1o trasero sin puertos).<\/p>","protected":false},"excerpt":{"rendered":"<p>El ECM-B8045AL38-24079 es una c\u00e1psula de micr\u00f3fono omnidireccional de 8 \u00d7 4,5 mm con una sensibilidad de -38 dB \u00b1 2 y una relaci\u00f3n se\u00f1al-ruido de 70 dB. Dise\u00f1ado para sobresalir en la captura de voces humanas, es ideal para aplicaciones como micr\u00f3fonos de solapa y micr\u00f3fonos de transmisi\u00f3n. Esta c\u00e1psula de micr\u00f3fono garantiza una reproducci\u00f3n vocal clara y prominente, perfecta para la captura de audio de alta calidad.<\/p>","protected":false},"featured_media":2668,"comment_status":"open","ping_status":"closed","template":"","meta":[],"product_brand":[721],"product_cat":[16,20],"product_tag":[294,235,288],"class_list":{"0":"post-989","1":"product","2":"type-product","3":"status-publish","4":"has-post-thumbnail","6":"product_brand-ecmic","7":"product_cat-electret-microphones","8":"product_cat-omnidirectional-microphones","9":"product_tag-8mm","10":"product_tag-conference","11":"product_tag-solder-pads","13":"first","14":"instock","15":"shipping-taxable","16":"purchasable","17":"product-type-simple"},"_links":{"self":[{"href":"https:\/\/ecmicrophones.com\/es\/wp-json\/wp\/v2\/product\/989","targetHints":{"allow":["GET"]}}],"collection":[{"href":"https:\/\/ecmicrophones.com\/es\/wp-json\/wp\/v2\/product"}],"about":[{"href":"https:\/\/ecmicrophones.com\/es\/wp-json\/wp\/v2\/types\/product"}],"replies":[{"embeddable":true,"href":"https:\/\/ecmicrophones.com\/es\/wp-json\/wp\/v2\/comments?post=989"}],"wp:featuredmedia":[{"embeddable":true,"href":"https:\/\/ecmicrophones.com\/es\/wp-json\/wp\/v2\/media\/2668"}],"wp:attachment":[{"href":"https:\/\/ecmicrophones.com\/es\/wp-json\/wp\/v2\/media?parent=989"}],"wp:term":[{"taxonomy":"product_brand","embeddable":true,"href":"https:\/\/ecmicrophones.com\/es\/wp-json\/wp\/v2\/product_brand?post=989"},{"taxonomy":"product_cat","embeddable":true,"href":"https:\/\/ecmicrophones.com\/es\/wp-json\/wp\/v2\/product_cat?post=989"},{"taxonomy":"product_tag","embeddable":true,"href":"https:\/\/ecmicrophones.com\/es\/wp-json\/wp\/v2\/product_tag?post=989"}],"curies":[{"name":"wp","href":"https:\/\/api.w.org\/{rel}","templated":true}]}}