{"id":3255,"date":"2025-08-08T14:20:00","date_gmt":"2025-08-08T06:20:00","guid":{"rendered":"https:\/\/ecmicrophones.com\/?page_id=3255"},"modified":"2026-03-05T16:33:58","modified_gmt":"2026-03-05T08:33:58","slug":"electret-microphone-applications","status":"publish","type":"page","link":"https:\/\/ecmicrophones.com\/fr\/electret-microphone-applications\/","title":{"rendered":"Applications du microphone \u00e0 \u00e9lectret"},"content":{"rendered":"<blockquote class=\"wp-block-quote is-layout-flow wp-block-quote-is-layout-flow\">\n<p>D\u00e9couvrez nos \u00e9l\u00e9ments de microphones \u00e0 \u00e9lectret de haute qualit\u00e9, con\u00e7us pour diverses applications telles que les syst\u00e8mes de conf\u00e9rence, les microphones lavalier, les casques d'\u00e9coute et les syst\u00e8mes mains libres pour l'automobile. Explorez les sp\u00e9cifications d\u00e9taill\u00e9es, notamment le mod\u00e8le, les dimensions et la sensibilit\u00e9, pour des performances audio pr\u00e9cises.<\/p>\n<\/blockquote>","protected":false},"excerpt":{"rendered":"<p>D\u00e9couvrez nos \u00e9l\u00e9ments de microphones \u00e0 \u00e9lectret de haute qualit\u00e9, con\u00e7us pour diverses applications telles que les syst\u00e8mes de conf\u00e9rence, les microphones lavalier, les casques d'\u00e9coute et les syst\u00e8mes mains libres pour l'automobile. Explorez les sp\u00e9cifications d\u00e9taill\u00e9es, notamment le mod\u00e8le, les dimensions et la sensibilit\u00e9, pour des performances audio pr\u00e9cises.<\/p>","protected":false},"author":1,"featured_media":0,"parent":0,"menu_order":0,"comment_status":"closed","ping_status":"closed","template":"","meta":{"footnotes":""},"class_list":["post-3255","page","type-page","status-publish","hentry"],"_links":{"self":[{"href":"https:\/\/ecmicrophones.com\/fr\/wp-json\/wp\/v2\/pages\/3255","targetHints":{"allow":["GET"]}}],"collection":[{"href":"https:\/\/ecmicrophones.com\/fr\/wp-json\/wp\/v2\/pages"}],"about":[{"href":"https:\/\/ecmicrophones.com\/fr\/wp-json\/wp\/v2\/types\/page"}],"author":[{"embeddable":true,"href":"https:\/\/ecmicrophones.com\/fr\/wp-json\/wp\/v2\/users\/1"}],"replies":[{"embeddable":true,"href":"https:\/\/ecmicrophones.com\/fr\/wp-json\/wp\/v2\/comments?post=3255"}],"version-history":[{"count":0,"href":"https:\/\/ecmicrophones.com\/fr\/wp-json\/wp\/v2\/pages\/3255\/revisions"}],"wp:attachment":[{"href":"https:\/\/ecmicrophones.com\/fr\/wp-json\/wp\/v2\/media?parent=3255"}],"curies":[{"name":"wp","href":"https:\/\/api.w.org\/{rel}","templated":true}]}}