{"id":3258,"date":"2025-08-08T14:20:16","date_gmt":"2025-08-08T06:20:16","guid":{"rendered":"https:\/\/ecmicrophones.com\/?page_id=3258"},"modified":"2026-03-05T16:34:23","modified_gmt":"2026-03-05T08:34:23","slug":"dynamic-microphone-applications","status":"publish","type":"page","link":"https:\/\/ecmicrophones.com\/fr\/dynamic-microphone-applications\/","title":{"rendered":"Applications des microphones dynamiques"},"content":{"rendered":"<blockquote class=\"wp-block-quote is-layout-flow wp-block-quote-is-layout-flow\">\n<p>D\u00e9couvrez nos \u00e9l\u00e9ments de microphones dynamiques fiables, id\u00e9aux pour les voix sur sc\u00e8ne, les prises de son d'instruments, les podcasts et les communications par talkie-walkie. D\u00e9couvrez les d\u00e9tails du produit tels que le mod\u00e8le, les dimensions et l'imp\u00e9dance pour une clart\u00e9 sonore et une durabilit\u00e9 optimales.<\/p>\n<\/blockquote>","protected":false},"excerpt":{"rendered":"<p>D\u00e9couvrez nos \u00e9l\u00e9ments de microphones dynamiques fiables, id\u00e9aux pour les voix sur sc\u00e8ne, les prises de son d'instruments, les podcasts et les communications par talkie-walkie. D\u00e9couvrez les d\u00e9tails du produit tels que le mod\u00e8le, les dimensions et l'imp\u00e9dance pour une clart\u00e9 sonore et une durabilit\u00e9 optimales.<\/p>","protected":false},"author":1,"featured_media":0,"parent":0,"menu_order":0,"comment_status":"closed","ping_status":"closed","template":"","meta":{"footnotes":""},"class_list":["post-3258","page","type-page","status-publish","hentry"],"_links":{"self":[{"href":"https:\/\/ecmicrophones.com\/fr\/wp-json\/wp\/v2\/pages\/3258","targetHints":{"allow":["GET"]}}],"collection":[{"href":"https:\/\/ecmicrophones.com\/fr\/wp-json\/wp\/v2\/pages"}],"about":[{"href":"https:\/\/ecmicrophones.com\/fr\/wp-json\/wp\/v2\/types\/page"}],"author":[{"embeddable":true,"href":"https:\/\/ecmicrophones.com\/fr\/wp-json\/wp\/v2\/users\/1"}],"replies":[{"embeddable":true,"href":"https:\/\/ecmicrophones.com\/fr\/wp-json\/wp\/v2\/comments?post=3258"}],"version-history":[{"count":0,"href":"https:\/\/ecmicrophones.com\/fr\/wp-json\/wp\/v2\/pages\/3258\/revisions"}],"wp:attachment":[{"href":"https:\/\/ecmicrophones.com\/fr\/wp-json\/wp\/v2\/media?parent=3258"}],"curies":[{"name":"wp","href":"https:\/\/api.w.org\/{rel}","templated":true}]}}