{"id":403,"date":"2024-04-18T06:39:16","date_gmt":"2024-04-18T06:39:16","guid":{"rendered":"https:\/\/ecmicrophones.com\/?page_id=403"},"modified":"2026-03-05T16:36:49","modified_gmt":"2026-03-05T08:36:49","slug":"faq","status":"publish","type":"page","link":"https:\/\/ecmicrophones.com\/fr\/faq\/","title":{"rendered":"FAQ"},"content":{"rendered":"<p>Cette section FAQ r\u00e9pond aux questions les plus courantes sur les capsules microphoniques ECMIC, y compris les sp\u00e9cifications des produits, les options de personnalisation OEM, les d\u00e9lais de production et l'assistance technique pour les fabricants.<\/p>","protected":false},"excerpt":{"rendered":"<p>Cette section FAQ r\u00e9pond aux questions les plus courantes sur les capsules microphoniques ECMIC, y compris les sp\u00e9cifications des produits, les options de personnalisation OEM, les d\u00e9lais de production et l'assistance technique pour les fabricants.<\/p>","protected":false},"author":1,"featured_media":0,"parent":0,"menu_order":0,"comment_status":"closed","ping_status":"closed","template":"","meta":{"footnotes":""},"class_list":["post-403","page","type-page","status-publish","hentry"],"_links":{"self":[{"href":"https:\/\/ecmicrophones.com\/fr\/wp-json\/wp\/v2\/pages\/403","targetHints":{"allow":["GET"]}}],"collection":[{"href":"https:\/\/ecmicrophones.com\/fr\/wp-json\/wp\/v2\/pages"}],"about":[{"href":"https:\/\/ecmicrophones.com\/fr\/wp-json\/wp\/v2\/types\/page"}],"author":[{"embeddable":true,"href":"https:\/\/ecmicrophones.com\/fr\/wp-json\/wp\/v2\/users\/1"}],"replies":[{"embeddable":true,"href":"https:\/\/ecmicrophones.com\/fr\/wp-json\/wp\/v2\/comments?post=403"}],"version-history":[{"count":0,"href":"https:\/\/ecmicrophones.com\/fr\/wp-json\/wp\/v2\/pages\/403\/revisions"}],"wp:attachment":[{"href":"https:\/\/ecmicrophones.com\/fr\/wp-json\/wp\/v2\/media?parent=403"}],"curies":[{"name":"wp","href":"https:\/\/api.w.org\/{rel}","templated":true}]}}