{"id":100,"date":"2024-03-27T11:06:14","date_gmt":"2024-03-27T11:06:14","guid":{"rendered":"https:\/\/ecmicrophones.com\/?post_type=product&#038;p=100"},"modified":"2026-03-19T15:40:27","modified_gmt":"2026-03-19T07:40:27","slug":"9-7mm-unidirectional-electret-microphone-element-for-gooseneck","status":"publish","type":"product","link":"https:\/\/ecmicrophones.com\/fr\/9-7mm-unidirectional-electret-microphone-element-for-gooseneck\/","title":{"rendered":"\u00c9l\u00e9ment de microphone \u00e0 \u00e9lectret unidirectionnel de 9,7 mm pour col de cygne"},"content":{"rendered":"<h2 class=\"text-start\">Sp\u00e9cifications techniques<\/h2>\n<p class=\"text-start\">Les capsules de microphone 9750 sont dot\u00e9es d&#039;une conception \u00e0 double condensateur pour une capture sonore unidirectionnelle, renforc\u00e9e par des billes magn\u00e9tiques anti-interf\u00e9rences pour lutter contre les interf\u00e9rences RF. Avec les composants cor\u00e9ens RF JFET, la fiabilit\u00e9 et la stabilit\u00e9 sont assur\u00e9es.<\/p>\n<h3 class=\"pt-5 text-start\">Circuit d&#039;essai standard<\/h3>\n<p><img loading=\"lazy\" decoding=\"async\" class=\"alignnone size-full wp-image-261\" src=\"https:\/\/ecmicrophones.com\/wp-content\/uploads\/2024\/03\/standard-test-circuit_ecm-b9750ul38-630.png\" alt=\"Circuit de test ECM-B9750UL38 : polarisation 680\u03a9, alimentation 1,5V, sortie 1\u03bcF\" width=\"603\" height=\"220\" srcset=\"https:\/\/ecmicrophones.com\/wp-content\/uploads\/2024\/03\/standard-test-circuit_ecm-b9750ul38-630.png 603w, https:\/\/ecmicrophones.com\/wp-content\/uploads\/2024\/03\/standard-test-circuit_ecm-b9750ul38-630-300x109.png 300w, https:\/\/ecmicrophones.com\/wp-content\/uploads\/2024\/03\/standard-test-circuit_ecm-b9750ul38-630-18x7.png 18w, https:\/\/ecmicrophones.com\/wp-content\/uploads\/2024\/03\/standard-test-circuit_ecm-b9750ul38-630-600x219.png 600w\" sizes=\"auto, (max-width: 603px) 100vw, 603px\" \/><\/p>\n<p>R\u00e9sistance de polarisation de 680\u03a9, alimentation de 1,5V, capuchon de sortie de 1\u03bcF. Optimis\u00e9 pour les applications \u00e0 basse tension.<\/p>\n<h3 class=\"pt-5 text-start\">R\u00e9ponse en fr\u00e9quence typique<\/h3>\n<p><img loading=\"lazy\" decoding=\"async\" class=\"alignnone size-full wp-image-262\" src=\"https:\/\/ecmicrophones.com\/wp-content\/uploads\/2024\/03\/typical-frequency-response_ecm-b9750ul38-630.png\" alt=\"ECM-B9750UL38 R\u00e9ponse en fr\u00e9quence : 100Hz-500Hz mont\u00e9e, 500Hz-10kHz plat, 10kHz+ baisse\" width=\"626\" height=\"247\" srcset=\"https:\/\/ecmicrophones.com\/wp-content\/uploads\/2024\/03\/typical-frequency-response_ecm-b9750ul38-630.png 626w, https:\/\/ecmicrophones.com\/wp-content\/uploads\/2024\/03\/typical-frequency-response_ecm-b9750ul38-630-300x118.png 300w, https:\/\/ecmicrophones.com\/wp-content\/uploads\/2024\/03\/typical-frequency-response_ecm-b9750ul38-630-18x7.png 18w, https:\/\/ecmicrophones.com\/wp-content\/uploads\/2024\/03\/typical-frequency-response_ecm-b9750ul38-630-600x237.png 600w\" sizes=\"auto, (max-width: 626px) 100vw, 626px\" \/><\/p>\n<p>Augmentation des fr\u00e9quences moyennes \u00e0 100 Hz, m\u00e9diums plats, diminution au-dessus de 10 kHz<\/p>\n<h3 class=\"pt-5 text-start\">Dimensions (Unit\u00e9 : mm)<\/h3>\n<p><img loading=\"lazy\" decoding=\"async\" class=\"alignnone size-full wp-image-263\" src=\"https:\/\/ecmicrophones.com\/wp-content\/uploads\/2024\/03\/appearance-dimension_ecm-b9750ul38-630.png\" alt=\"ECM-B9750UL38 Dimensions : \u03a69.7\u00d75.0mm avec filet anti-poussi\u00e8re \u00e0 l&#039;avant et port acoustique \u00e0 l&#039;arri\u00e8re\" width=\"531\" height=\"355\" srcset=\"https:\/\/ecmicrophones.com\/wp-content\/uploads\/2024\/03\/appearance-dimension_ecm-b9750ul38-630.png 531w, https:\/\/ecmicrophones.com\/wp-content\/uploads\/2024\/03\/appearance-dimension_ecm-b9750ul38-630-300x201.png 300w, https:\/\/ecmicrophones.com\/wp-content\/uploads\/2024\/03\/appearance-dimension_ecm-b9750ul38-630-18x12.png 18w\" sizes=\"auto, (max-width: 531px) 100vw, 531px\" \/><\/p>\n<p>\u03a69.7\u00d75.0mm avec filet anti-poussi\u00e8re \u00e0 l'avant et port acoustique \u00e0 l'arri\u00e8re.<\/p>","protected":false},"excerpt":{"rendered":"<p>L&#039;ECM-B9750UL38-630 est une capsule de micro \u00e0 \u00e9lectret unidirectionnel de 9,7 \u00d7 5 mm avec une sensibilit\u00e9 de -38 dB \u00b1 2 et un SNR de 70 dB, parfaite pour les microphones \u00e0 col de cygne et les microphones-cravate de conf\u00e9rence.<\/p>","protected":false},"featured_media":2609,"comment_status":"open","ping_status":"closed","template":"","meta":[],"product_brand":[721],"product_cat":[16,21],"product_tag":[282,235,288],"class_list":{"0":"post-100","1":"product","2":"type-product","3":"status-publish","4":"has-post-thumbnail","6":"product_brand-ecmic","7":"product_cat-electret-microphones","8":"product_cat-unidirectional-microphones","9":"product_tag-9-7mm","10":"product_tag-conference","11":"product_tag-solder-pads","13":"first","14":"instock","15":"shipping-taxable","16":"purchasable","17":"product-type-simple"},"_links":{"self":[{"href":"https:\/\/ecmicrophones.com\/fr\/wp-json\/wp\/v2\/product\/100","targetHints":{"allow":["GET"]}}],"collection":[{"href":"https:\/\/ecmicrophones.com\/fr\/wp-json\/wp\/v2\/product"}],"about":[{"href":"https:\/\/ecmicrophones.com\/fr\/wp-json\/wp\/v2\/types\/product"}],"replies":[{"embeddable":true,"href":"https:\/\/ecmicrophones.com\/fr\/wp-json\/wp\/v2\/comments?post=100"}],"wp:featuredmedia":[{"embeddable":true,"href":"https:\/\/ecmicrophones.com\/fr\/wp-json\/wp\/v2\/media\/2609"}],"wp:attachment":[{"href":"https:\/\/ecmicrophones.com\/fr\/wp-json\/wp\/v2\/media?parent=100"}],"wp:term":[{"taxonomy":"product_brand","embeddable":true,"href":"https:\/\/ecmicrophones.com\/fr\/wp-json\/wp\/v2\/product_brand?post=100"},{"taxonomy":"product_cat","embeddable":true,"href":"https:\/\/ecmicrophones.com\/fr\/wp-json\/wp\/v2\/product_cat?post=100"},{"taxonomy":"product_tag","embeddable":true,"href":"https:\/\/ecmicrophones.com\/fr\/wp-json\/wp\/v2\/product_tag?post=100"}],"curies":[{"name":"wp","href":"https:\/\/api.w.org\/{rel}","templated":true}]}}