{"id":1026,"date":"2024-06-05T17:42:50","date_gmt":"2024-06-05T09:42:50","guid":{"rendered":"https:\/\/ecmicrophones.com\/?post_type=product&#038;p=1026"},"modified":"2026-03-19T15:24:58","modified_gmt":"2026-03-19T07:24:58","slug":"long-distance-microphone-pickup-9-7mm","status":"publish","type":"product","link":"https:\/\/ecmicrophones.com\/fr\/long-distance-microphone-pickup-9-7mm\/","title":{"rendered":"Micro micro longue distance 9,7 mm avec fils"},"content":{"rendered":"<h2 class=\"text-start\">Sp\u00e9cifications techniques<\/h2>\n<p class=\"text-start\">L'ECM-B9745AL30RC-L15 est une capsule de microphone omnidirectionnel de 9,7 \u00d7 4,5 mm optimis\u00e9e pour un montage compact avec des fils de 15 mm pr\u00e9-fix\u00e9s. Cette conception facilite l'int\u00e9gration dans des dispositifs de petite taille tout en maintenant des performances \u00e9lev\u00e9es.<\/p>\n<p class=\"text-start\">Avec une sensibilit\u00e9 de -30 dB, une plage de fr\u00e9quences de 20 Hz \u00e0 16 kHz et un rapport signal\/bruit de 74 dB, la capsule capture le son avec pr\u00e9cision sur de longues distances. Son c\u0153ur de micro RF cor\u00e9en garantit des performances audio stables et fiables, ce qui en fait un excellent choix pour les dispositifs compacts de prise de son \u00e0 distance et les microphones \u00e0 condensateur.<\/p>\n<h3 class=\"pt-5 text-start\">Circuit d&#039;essai standard<\/h3>\n<p><img loading=\"lazy\" decoding=\"async\" class=\"alignnone size-full wp-image-1027\" src=\"https:\/\/ecmicrophones.com\/wp-content\/uploads\/2024\/06\/standard-test-circuit_ecm-b9745al30rc-l15.jpg\" alt=\"Circuit d&#039;essai standard\" width=\"750\" height=\"400\" srcset=\"https:\/\/ecmicrophones.com\/wp-content\/uploads\/2024\/06\/standard-test-circuit_ecm-b9745al30rc-l15.jpg 750w, https:\/\/ecmicrophones.com\/wp-content\/uploads\/2024\/06\/standard-test-circuit_ecm-b9745al30rc-l15-300x160.jpg 300w, https:\/\/ecmicrophones.com\/wp-content\/uploads\/2024\/06\/standard-test-circuit_ecm-b9745al30rc-l15-18x10.jpg 18w, https:\/\/ecmicrophones.com\/wp-content\/uploads\/2024\/06\/standard-test-circuit_ecm-b9745al30rc-l15-600x320.jpg 600w\" sizes=\"auto, (max-width: 750px) 100vw, 750px\" \/><\/p>\n<p>\nConditions d'essai : RL = 2,2K\u03a9, Vs = 2V, C = 1\u03bcF.\n<\/p>\n<h3 class=\"pt-5 text-start\">R\u00e9ponse en fr\u00e9quence typique<\/h3>\n<p><img loading=\"lazy\" decoding=\"async\" class=\"alignnone size-full wp-image-1029\" src=\"https:\/\/ecmicrophones.com\/wp-content\/uploads\/2024\/06\/typical-frequency-response_ecm-b9745al30rc-l15.jpg\" alt=\"R\u00e9ponse en fr\u00e9quence typique\" width=\"750\" height=\"400\" srcset=\"https:\/\/ecmicrophones.com\/wp-content\/uploads\/2024\/06\/typical-frequency-response_ecm-b9745al30rc-l15.jpg 750w, https:\/\/ecmicrophones.com\/wp-content\/uploads\/2024\/06\/typical-frequency-response_ecm-b9745al30rc-l15-300x160.jpg 300w, https:\/\/ecmicrophones.com\/wp-content\/uploads\/2024\/06\/typical-frequency-response_ecm-b9745al30rc-l15-18x10.jpg 18w, https:\/\/ecmicrophones.com\/wp-content\/uploads\/2024\/06\/typical-frequency-response_ecm-b9745al30rc-l15-600x320.jpg 600w\" sizes=\"auto, (max-width: 750px) 100vw, 750px\" \/><\/p>\n<p>\nR\u00e9ponse en fr\u00e9quence : 50Hz-10kHz. La courbe reste relativement plate de 50 Hz \u00e0 environ 3 kHz, puis s'att\u00e9nue progressivement vers les hautes fr\u00e9quences. Cela permet d'obtenir une clart\u00e9 fiable dans les basses et moyennes fr\u00e9quences tout en att\u00e9nuant naturellement les hautes fr\u00e9quences.\n<\/p>\n<h3 class=\"pt-5 text-start\">Dimensions (UNIT : mm)<\/h3>\n<p><img loading=\"lazy\" decoding=\"async\" class=\"alignnone size-full wp-image-1028\" src=\"https:\/\/ecmicrophones.com\/wp-content\/uploads\/2024\/06\/appearance-dimension_ecm-b9745al30rc-l15.png\" alt=\"Dimension d&#039;apparence\" width=\"800\" height=\"800\" srcset=\"https:\/\/ecmicrophones.com\/wp-content\/uploads\/2024\/06\/appearance-dimension_ecm-b9745al30rc-l15.png 800w, https:\/\/ecmicrophones.com\/wp-content\/uploads\/2024\/06\/appearance-dimension_ecm-b9745al30rc-l15-300x300.png 300w, https:\/\/ecmicrophones.com\/wp-content\/uploads\/2024\/06\/appearance-dimension_ecm-b9745al30rc-l15-150x150.png 150w, https:\/\/ecmicrophones.com\/wp-content\/uploads\/2024\/06\/appearance-dimension_ecm-b9745al30rc-l15-768x768.png 768w, https:\/\/ecmicrophones.com\/wp-content\/uploads\/2024\/06\/appearance-dimension_ecm-b9745al30rc-l15-12x12.png 12w, https:\/\/ecmicrophones.com\/wp-content\/uploads\/2024\/06\/appearance-dimension_ecm-b9745al30rc-l15-600x600.png 600w, https:\/\/ecmicrophones.com\/wp-content\/uploads\/2024\/06\/appearance-dimension_ecm-b9745al30rc-l15-100x100.png 100w\" sizes=\"auto, (max-width: 800px) 100vw, 800px\" \/><\/p>\n<p>\nMesurant 9,7 mm de diam\u00e8tre et 4,5 mm de hauteur, cette unit\u00e9 est dot\u00e9e d'un filet anti-poussi\u00e8re \u00e0 l'avant et d'un arri\u00e8re scell\u00e9 sans port acoustique. Elle est livr\u00e9e pr\u00e9-soud\u00e9e avec des fils parall\u00e8les de 15 mm pour faciliter l'int\u00e9gration dans un circuit imprim\u00e9 ou un c\u00e2ble.<\/p>","protected":false},"excerpt":{"rendered":"<p>Capsule de microphone omnidirectionnelle compacte de 9,7 mm avec des fils de 15 mm pour les petits assemblages. Pour des cordons plus longs, voir <a href=\"https:\/\/ecmicrophones.com\/fr\/9-7mm-voice-recognition-electret-microphone-insert-with-leads\/\">Version avec fil de 100 mm<\/a>. Pour les versions \u00e9tanches ou standard, consultez <a href=\"https:\/\/ecmicrophones.com\/fr\/9-7mm-omnidirectional-electret-microphone-capsule-for-outdoor-camera\/\">Mod\u00e8le IP67<\/a> ou <a href=\"https:\/\/ecmicrophones.com\/fr\/9-7mm-omnidirectional-microphone-element-for-long-distance-audio-pickup\/\">mod\u00e8le sans plomb<\/a>.<\/p>","protected":false},"featured_media":2589,"comment_status":"open","ping_status":"closed","template":"","meta":[],"product_brand":[721],"product_cat":[20,16],"product_tag":[282,229,290],"class_list":{"0":"post-1026","1":"product","2":"type-product","3":"status-publish","4":"has-post-thumbnail","6":"product_brand-ecmic","7":"product_cat-omnidirectional-microphones","8":"product_cat-electret-microphones","9":"product_tag-9-7mm","10":"product_tag-equipment","11":"product_tag-wire-leads","13":"first","14":"instock","15":"shipping-taxable","16":"purchasable","17":"product-type-simple"},"_links":{"self":[{"href":"https:\/\/ecmicrophones.com\/fr\/wp-json\/wp\/v2\/product\/1026","targetHints":{"allow":["GET"]}}],"collection":[{"href":"https:\/\/ecmicrophones.com\/fr\/wp-json\/wp\/v2\/product"}],"about":[{"href":"https:\/\/ecmicrophones.com\/fr\/wp-json\/wp\/v2\/types\/product"}],"replies":[{"embeddable":true,"href":"https:\/\/ecmicrophones.com\/fr\/wp-json\/wp\/v2\/comments?post=1026"}],"wp:featuredmedia":[{"embeddable":true,"href":"https:\/\/ecmicrophones.com\/fr\/wp-json\/wp\/v2\/media\/2589"}],"wp:attachment":[{"href":"https:\/\/ecmicrophones.com\/fr\/wp-json\/wp\/v2\/media?parent=1026"}],"wp:term":[{"taxonomy":"product_brand","embeddable":true,"href":"https:\/\/ecmicrophones.com\/fr\/wp-json\/wp\/v2\/product_brand?post=1026"},{"taxonomy":"product_cat","embeddable":true,"href":"https:\/\/ecmicrophones.com\/fr\/wp-json\/wp\/v2\/product_cat?post=1026"},{"taxonomy":"product_tag","embeddable":true,"href":"https:\/\/ecmicrophones.com\/fr\/wp-json\/wp\/v2\/product_tag?post=1026"}],"curies":[{"name":"wp","href":"https:\/\/api.w.org\/{rel}","templated":true}]}}